{"id":6068,"date":"2020-09-07T17:11:08","date_gmt":"2020-09-07T15:11:08","guid":{"rendered":"http:\/\/sp1.hrubieszow.info\/?page_id=6068"},"modified":"2020-09-07T17:11:27","modified_gmt":"2020-09-07T15:11:27","slug":"ciekawe-konkursy-z-fizyki","status":"publish","type":"page","link":"https:\/\/sp1hrubieszow.pl\/index.php\/kronika-2020-2021\/ciekawe-konkursy-z-fizyki\/","title":{"rendered":"Ciekawe konkursy z fizyki"},"content":{"rendered":"\n<p><span style=\"color: #000080;\">Z okazji ustanowienia przez Senat RP roku 2020 Rokiem Fizyki, Wydzia\u0142 Fizyki UW og\u0142asza dwa konkursy. <strong>Pierwszy: &#8222;Fizyka, to lubi\u0119!&#8221;,<\/strong> podzielony jest na dwie kategorie: fotografia ilustruj\u0105ca fizyk\u0119 w \u017cyciu codziennym oraz film przedstawiaj\u0105cy eksperyment fizyczny. <strong>Drugi konkurs: &#8222;M\u00f3j nauczyciel fizyki&#8221;<\/strong>, ma charakter literacki \u2013 wspomnienia dotycz\u0105ce nauczyciela fizyki, kt\u00f3ry w spos\u00f3b szczeg\u00f3lny zapisa\u0142 si\u0119 w pami\u0119ci, mog\u0105 mie\u0107 form\u0119 wiersza, eseju, listu itp. <\/span><\/p>\n<p><span style=\"color: #000080;\">Serdecznie zapraszamy do udzia\u0142u w konkursach. Na autor\u00f3w najwy\u017cej ocenionych prac czekaj\u0105 nagrody! <strong>Termin zg\u0142aszania prac up\u0142ywa 27 wrze\u015bnia 2020<\/strong>. Szczeg\u00f3\u0142owe informacje znale\u017a\u0107 mo\u017cna na stronie konkurs\u00f3w: <strong><a style=\"color: #000080;\" href=\"https:\/\/konkursy-rok-fizyki.fuw.edu.pl\/?fbclid=IwAR33Y8YcihVm8_GBlccKOT_fTgO4gklCGufyQJRRTmy5ekYiGfMjD3ybkhM\">https:\/\/konkursy-rok-fizyki.fuw.edu.pl\/?fbclid=IwAR33Y8YcihVm8_GBlccKOT_fTgO4gklCGufyQJRRTmy5ekYiGfMjD3ybkhM<\/a><\/strong><\/span><\/p>\n","protected":false},"excerpt":{"rendered":"<p>Z okazji ustanowienia przez Senat RP roku 2020 Rokiem Fizyki, Wydzia\u0142 Fizyki UW og\u0142asza dwa konkursy. Pierwszy: &#8222;Fizyka, to lubi\u0119!&#8221;, podzielony jest na dwie kategorie: fotografia ilustruj\u0105ca fizyk\u0119 w \u017cyciu codziennym oraz film przedstawiaj\u0105cy eksperyment fizyczny. Drugi konkurs: &#8222;M\u00f3j nauczyciel fizyki&#8221;, ma charakter literacki \u2013 wspomnienia dotycz\u0105ce nauczyciela fizyki, kt\u00f3ry w spos\u00f3b szczeg\u00f3lny zapisa\u0142 si\u0119 [&hellip;]<\/p>\n","protected":false},"author":2,"featured_media":0,"parent":5983,"menu_order":0,"comment_status":"closed","ping_status":"closed","template":"","meta":{"ngg_post_thumbnail":0,"footnotes":""},"class_list":["post-6068","page","type-page","status-publish","hentry"],"_links":{"self":[{"href":"https:\/\/sp1hrubieszow.pl\/index.php\/wp-json\/wp\/v2\/pages\/6068","targetHints":{"allow":["GET"]}}],"collection":[{"href":"https:\/\/sp1hrubieszow.pl\/index.php\/wp-json\/wp\/v2\/pages"}],"about":[{"href":"https:\/\/sp1hrubieszow.pl\/index.php\/wp-json\/wp\/v2\/types\/page"}],"author":[{"embeddable":true,"href":"https:\/\/sp1hrubieszow.pl\/index.php\/wp-json\/wp\/v2\/users\/2"}],"replies":[{"embeddable":true,"href":"https:\/\/sp1hrubieszow.pl\/index.php\/wp-json\/wp\/v2\/comments?post=6068"}],"version-history":[{"count":1,"href":"https:\/\/sp1hrubieszow.pl\/index.php\/wp-json\/wp\/v2\/pages\/6068\/revisions"}],"predecessor-version":[{"id":6069,"href":"https:\/\/sp1hrubieszow.pl\/index.php\/wp-json\/wp\/v2\/pages\/6068\/revisions\/6069"}],"up":[{"embeddable":true,"href":"https:\/\/sp1hrubieszow.pl\/index.php\/wp-json\/wp\/v2\/pages\/5983"}],"wp:attachment":[{"href":"https:\/\/sp1hrubieszow.pl\/index.php\/wp-json\/wp\/v2\/media?parent=6068"}],"curies":[{"name":"wp","href":"https:\/\/api.w.org\/{rel}","templated":true}]}}