{"id":6064,"date":"2020-09-06T13:41:40","date_gmt":"2020-09-06T11:41:40","guid":{"rendered":"http:\/\/sp1.hrubieszow.info\/?page_id=6064"},"modified":"2020-09-06T13:41:57","modified_gmt":"2020-09-06T11:41:57","slug":"kolejny-sukces-leny-niznikowskiej-z-klasy-2c","status":"publish","type":"page","link":"https:\/\/sp1hrubieszow.pl\/index.php\/kronika-2020-2021\/kolejny-sukces-leny-niznikowskiej-z-klasy-2c\/","title":{"rendered":"Kolejny sukces Leny Ni\u017anikowskiej z klasy 2c"},"content":{"rendered":"\n<p><span style=\"color: #000080;\">Lena Ni\u017anikowska z klasy 2c&nbsp; zaj\u0119\u0142a II miejsce w konkursie plastycznym &#8222;Razem z rodzin\u0105 promuj\u0119 Powiat Hrubieszowski&#8221;. Konkurs zosta\u0142 zorganizowany przez Starostwo Powiatowe w Hrubieszowie. <\/span><\/p>\n<p style=\"text-align: center;\"><span style=\"color: #000080;\">Gratulujemy!<\/span><\/p>\nngg_shortcode_0_placeholder\n<p>&nbsp;<\/p>\n","protected":false},"excerpt":{"rendered":"<p>Lena Ni\u017anikowska z klasy 2c&nbsp; zaj\u0119\u0142a II miejsce w konkursie plastycznym &#8222;Razem z rodzin\u0105 promuj\u0119 Powiat Hrubieszowski&#8221;. Konkurs zosta\u0142 zorganizowany przez Starostwo Powiatowe w Hrubieszowie. Gratulujemy! &nbsp;<\/p>\n","protected":false},"author":2,"featured_media":0,"parent":5983,"menu_order":0,"comment_status":"closed","ping_status":"closed","template":"","meta":{"ngg_post_thumbnail":0,"footnotes":""},"class_list":["post-6064","page","type-page","status-publish","hentry"],"_links":{"self":[{"href":"https:\/\/sp1hrubieszow.pl\/index.php\/wp-json\/wp\/v2\/pages\/6064","targetHints":{"allow":["GET"]}}],"collection":[{"href":"https:\/\/sp1hrubieszow.pl\/index.php\/wp-json\/wp\/v2\/pages"}],"about":[{"href":"https:\/\/sp1hrubieszow.pl\/index.php\/wp-json\/wp\/v2\/types\/page"}],"author":[{"embeddable":true,"href":"https:\/\/sp1hrubieszow.pl\/index.php\/wp-json\/wp\/v2\/users\/2"}],"replies":[{"embeddable":true,"href":"https:\/\/sp1hrubieszow.pl\/index.php\/wp-json\/wp\/v2\/comments?post=6064"}],"version-history":[{"count":1,"href":"https:\/\/sp1hrubieszow.pl\/index.php\/wp-json\/wp\/v2\/pages\/6064\/revisions"}],"predecessor-version":[{"id":6065,"href":"https:\/\/sp1hrubieszow.pl\/index.php\/wp-json\/wp\/v2\/pages\/6064\/revisions\/6065"}],"up":[{"embeddable":true,"href":"https:\/\/sp1hrubieszow.pl\/index.php\/wp-json\/wp\/v2\/pages\/5983"}],"wp:attachment":[{"href":"https:\/\/sp1hrubieszow.pl\/index.php\/wp-json\/wp\/v2\/media?parent=6064"}],"curies":[{"name":"wp","href":"https:\/\/api.w.org\/{rel}","templated":true}]}}