{"id":6030,"date":"2020-09-02T20:06:00","date_gmt":"2020-09-02T18:06:00","guid":{"rendered":"http:\/\/sp1.hrubieszow.info\/?page_id=6030"},"modified":"2020-09-02T20:07:06","modified_gmt":"2020-09-02T18:07:06","slug":"inauguracja-nowego-roku-szkolnego","status":"publish","type":"page","link":"https:\/\/sp1hrubieszow.pl\/index.php\/kronika-2020-2021\/inauguracja-nowego-roku-szkolnego\/","title":{"rendered":"Inauguracja nowego roku szkolnego"},"content":{"rendered":"\n<p><span style=\"color: #000080;\">Pierwszego wrze\u015bnia, po d\u0142ugiej przerwie, w szkole ponownie rozbrzmia\u0142 dzwonek, a korytarze wype\u0142ni\u0142y si\u0119 uczniami. T\u0119sknili\u015bmy za tym momentem bardzo. Klasy pierwsze oraz grupa zerowa uczestniczy\u0142y w uroczystym rozpocz\u0119ciu roku szkolnego na sali gimnastycznej. Natomiast uczniowie pozosta\u0142ych klas spotkali si\u0119 w salach lekcyjnych ze swoimi wychowawcami. Nauczyciele przekazali dzieciom i m\u0142odzie\u017cy plany lekcji oraz om\u00f3wili zasady i regu\u0142y bezpiecze\u0144stwa obowi\u0105zuj\u0105ce na terenie szko\u0142y. <\/span><br><span style=\"color: #000080;\">\u017byczymy wszystkim, aby ten rok szkolny 2020\/2021 by\u0142 czasem wyt\u0119\u017conej pracy, a tak\u017ce czasem rado\u015bci, zadowolenia, satysfakcji i wielu sukces\u00f3w.<\/span><\/p>\nngg_shortcode_0_placeholder\n","protected":false},"excerpt":{"rendered":"<p>Pierwszego wrze\u015bnia, po d\u0142ugiej przerwie, w szkole ponownie rozbrzmia\u0142 dzwonek, a korytarze wype\u0142ni\u0142y si\u0119 uczniami. T\u0119sknili\u015bmy za tym momentem bardzo. Klasy pierwsze oraz grupa zerowa uczestniczy\u0142y w uroczystym rozpocz\u0119ciu roku szkolnego na sali gimnastycznej. Natomiast uczniowie pozosta\u0142ych klas spotkali si\u0119 w salach lekcyjnych ze swoimi wychowawcami. Nauczyciele przekazali dzieciom i m\u0142odzie\u017cy plany lekcji oraz om\u00f3wili [&hellip;]<\/p>\n","protected":false},"author":2,"featured_media":0,"parent":5983,"menu_order":0,"comment_status":"closed","ping_status":"closed","template":"","meta":{"ngg_post_thumbnail":0,"footnotes":""},"class_list":["post-6030","page","type-page","status-publish","hentry"],"_links":{"self":[{"href":"https:\/\/sp1hrubieszow.pl\/index.php\/wp-json\/wp\/v2\/pages\/6030","targetHints":{"allow":["GET"]}}],"collection":[{"href":"https:\/\/sp1hrubieszow.pl\/index.php\/wp-json\/wp\/v2\/pages"}],"about":[{"href":"https:\/\/sp1hrubieszow.pl\/index.php\/wp-json\/wp\/v2\/types\/page"}],"author":[{"embeddable":true,"href":"https:\/\/sp1hrubieszow.pl\/index.php\/wp-json\/wp\/v2\/users\/2"}],"replies":[{"embeddable":true,"href":"https:\/\/sp1hrubieszow.pl\/index.php\/wp-json\/wp\/v2\/comments?post=6030"}],"version-history":[{"count":1,"href":"https:\/\/sp1hrubieszow.pl\/index.php\/wp-json\/wp\/v2\/pages\/6030\/revisions"}],"predecessor-version":[{"id":6031,"href":"https:\/\/sp1hrubieszow.pl\/index.php\/wp-json\/wp\/v2\/pages\/6030\/revisions\/6031"}],"up":[{"embeddable":true,"href":"https:\/\/sp1hrubieszow.pl\/index.php\/wp-json\/wp\/v2\/pages\/5983"}],"wp:attachment":[{"href":"https:\/\/sp1hrubieszow.pl\/index.php\/wp-json\/wp\/v2\/media?parent=6030"}],"curies":[{"name":"wp","href":"https:\/\/api.w.org\/{rel}","templated":true}]}}