{"id":603,"date":"2019-04-05T10:11:30","date_gmt":"2019-04-05T08:11:30","guid":{"rendered":"http:\/\/sp1.hrubieszow.info\/?page_id=603"},"modified":"2019-04-05T10:52:36","modified_gmt":"2019-04-05T08:52:36","slug":"targi-edukacji-i-pracy","status":"publish","type":"page","link":"https:\/\/sp1hrubieszow.pl\/index.php\/uczniowie\/doradztwo-zawodowe\/targi-edukacji-i-pracy\/","title":{"rendered":"TARGI EDUKACJI I PRACY"},"content":{"rendered":"\n<p><span style=\"color: #000080;\">TARGI EDUKACJI I PRACY<\/span><\/p>\n<p align=\"JUSTIFY\"><span style=\"color: #000080;\">W dniu 22 marca 2019 r. przedstawiciele klas si\u00f3dmych, \u00f3smych i gimnazjum uczestniczyli <\/span><span style=\"color: #000080;\">w Targach Edukacji i Pracy, kt\u00f3re odby\u0142y si\u0119 w Starostwie Powiatowym w Hrubieszowie. Organizatorem przedsi\u0119wzi\u0119cia by\u0142o M\u0142odzie\u017cowe Centrum Kariery OHP w Hrubieszowie, Centrum Edukacji i Pracy M\u0142odzie\u017cy OHP w Zamo\u015bciu oraz Powiatowy Urz\u0105d Pracy <\/span><span style=\"color: #000080;\">w Hrubieszowie.<\/span><\/p>\n<p align=\"JUSTIFY\"><span style=\"color: #000080;\">Celem targ\u00f3w by\u0142o propagowanie podejmowania \u015bwiadomych wybor\u00f3w edukacyjno \u2013 zawodowych. W szczeg\u00f3lno\u015bci skierowane by\u0142o do m\u0142odzie\u017cy stoj\u0105cej przed wyborem dalszej drogi zawodowej i edukacyjnej. Uczestnictwo w przedsi\u0119wzi\u0119ciu umo\u017cliwi\u0142o uczniom na bezpo\u015bredni kontakt z przedstawicielami przyby\u0142ych instytucji, poznania reali\u00f3w panuj\u0105cych na wsp\u00f3\u0142czesnym rynku pracy, skorzystania z porad licencjonowanych doradc\u00f3w zawodowych oraz po\u015brednik\u00f3w pracy.<\/span><\/p>\n<p align=\"JUSTIFY\"><span style=\"color: #000080;\">Podczas targ\u00f3w swoj\u0105 ofert\u0119 zaprezentowali pracodawcy, przedstawiciele uczelni wy\u017cszych, przedstawiciele szk\u00f3\u0142 ponadgimnazjalnych z Hrubieszowa, szko\u0142y i jednostki mundurowe, szko\u0142a policealna z Hrubieszowa, instytucje szkoleniowe z Hrubieszowa oraz Zamo\u015bcia, Powiatowy Urz\u0105d Pracy w Hrubieszowie, Centrum Edukacji i Pracy M\u0142odzie\u017cy w Zamo\u015bciu, M\u0142odzie\u017cowe Centrum Kariery w Hrubieszowie oraz Hufiec Pracy w Che\u0142mie z oddzia\u0142em w Hrubieszowie.<\/span><\/p>\n<p align=\"JUSTIFY\"><span style=\"color: #000080;\">Przedsi\u0119wzi\u0119cie u\u015bwietni\u0142y prezentacje wyrob\u00f3w wykonanych przez uczestnik\u00f3w \u015arodowiskowego Domu Samopomocy w Hrubieszowie, \u015arodowiskowego Domu Samopomocy w Modryniu oraz Warsztat\u00f3w Terapii Zaj\u0119ciowej.<\/span><\/p>\n<p align=\"JUSTIFY\"><span style=\"color: #000080;\">Du\u017cym zainteresowaniem cieszy\u0142 si\u0119 pokaz czesania fryzur, kt\u00f3ry zaprezentowa\u0142y uczennice Technikum Zak\u0142adu Doskonalenia Zawodowego w Hrubieszowie.<\/span><\/p>\n<p align=\"JUSTIFY\"><span style=\"color: #000080;\">Targi Edukacji i Pracy cieszy\u0142y si\u0119 du\u017cym zainteresowaniem ze strony uczni\u00f3w gimnazjum jak <\/span><span style=\"color: #000080;\">i klas \u00f3smych. Zach\u0119camy m\u0142odzie\u017c do zapoznania si\u0119 z informacjami, kt\u00f3re znajduj\u0105 si\u0119 w zak\u0142adce ,,Doradztwo zawodowe\u201d.<\/span><\/p>\nngg_shortcode_0_placeholder\n","protected":false},"excerpt":{"rendered":"<p>TARGI EDUKACJI I PRACY W dniu 22 marca 2019 r. przedstawiciele klas si\u00f3dmych, \u00f3smych i gimnazjum uczestniczyli w Targach Edukacji i Pracy, kt\u00f3re odby\u0142y si\u0119 w Starostwie Powiatowym w Hrubieszowie. Organizatorem przedsi\u0119wzi\u0119cia by\u0142o M\u0142odzie\u017cowe Centrum Kariery OHP w Hrubieszowie, Centrum Edukacji i Pracy M\u0142odzie\u017cy OHP w Zamo\u015bciu oraz Powiatowy Urz\u0105d Pracy w Hrubieszowie. Celem targ\u00f3w [&hellip;]<\/p>\n","protected":false},"author":1,"featured_media":0,"parent":44,"menu_order":1,"comment_status":"closed","ping_status":"closed","template":"","meta":{"ngg_post_thumbnail":0,"footnotes":""},"class_list":["post-603","page","type-page","status-publish","hentry"],"_links":{"self":[{"href":"https:\/\/sp1hrubieszow.pl\/index.php\/wp-json\/wp\/v2\/pages\/603","targetHints":{"allow":["GET"]}}],"collection":[{"href":"https:\/\/sp1hrubieszow.pl\/index.php\/wp-json\/wp\/v2\/pages"}],"about":[{"href":"https:\/\/sp1hrubieszow.pl\/index.php\/wp-json\/wp\/v2\/types\/page"}],"author":[{"embeddable":true,"href":"https:\/\/sp1hrubieszow.pl\/index.php\/wp-json\/wp\/v2\/users\/1"}],"replies":[{"embeddable":true,"href":"https:\/\/sp1hrubieszow.pl\/index.php\/wp-json\/wp\/v2\/comments?post=603"}],"version-history":[{"count":2,"href":"https:\/\/sp1hrubieszow.pl\/index.php\/wp-json\/wp\/v2\/pages\/603\/revisions"}],"predecessor-version":[{"id":615,"href":"https:\/\/sp1hrubieszow.pl\/index.php\/wp-json\/wp\/v2\/pages\/603\/revisions\/615"}],"up":[{"embeddable":true,"href":"https:\/\/sp1hrubieszow.pl\/index.php\/wp-json\/wp\/v2\/pages\/44"}],"wp:attachment":[{"href":"https:\/\/sp1hrubieszow.pl\/index.php\/wp-json\/wp\/v2\/media?parent=603"}],"curies":[{"name":"wp","href":"https:\/\/api.w.org\/{rel}","templated":true}]}}