{"id":60,"date":"2019-03-14T15:14:23","date_gmt":"2019-03-14T14:14:23","guid":{"rendered":"http:\/\/sp1.hrubieszow.info\/?page_id=60"},"modified":"2025-08-30T20:07:53","modified_gmt":"2025-08-30T18:07:53","slug":"swietlica","status":"publish","type":"page","link":"https:\/\/sp1hrubieszow.pl\/index.php\/uczniowie\/swietlica\/","title":{"rendered":"\u015awietlica"},"content":{"rendered":"\n<p><a href=\"https:\/\/sp1hrubieszow.pl\/wp-content\/uploads\/2025\/08\/Karta-zgloszenia-dziecka-do-swietlicy-szkolnej-2025-2026.docx\"><strong><span style=\"color: #000080;\">Karta zg\u0142oszenia dziecka do \u015bwietlicy szkolnej 2025-2026<\/span><\/strong><\/a><\/p>\n<p><strong><span style=\"color: #000080;\"><a style=\"color: #000080;\" href=\"https:\/\/sp1hrubieszow.pl\/wp-content\/uploads\/2025\/08\/Zgoda-na-samodzielny-powrot-z-swietlicy-szkolnej-2025-2026.docx\">Zgoda na samodzielny powr\u00f3t z \u015bwietlicy szkolnej 2025-2026<\/a><\/span><\/strong><\/p>\n<p><strong><span style=\"color: #000080;\"><a style=\"color: #000080;\" href=\"https:\/\/sp1hrubieszow.pl\/wp-content\/uploads\/2025\/08\/Upowaznienie-do-odbioru-dziecka-z-swietlicy-szkolnej-2025-2026.docx\">Upowa\u017cnienie do odbioru dziecka z \u015bwietlicy szkolnej 2025-2026<\/a><\/span><\/strong><\/p>\n<p>&nbsp;<\/p>\n<p style=\"text-align: center;\">&nbsp;<\/p>\n<p>&nbsp;<\/p>\n<p align=\"JUSTIFY\">&nbsp;<\/p>\n<p align=\"CENTER\">&nbsp;<\/p>\n<p align=\"CENTER\">&nbsp;<\/p>\n<p align=\"JUSTIFY\">&nbsp;<\/p>\n\n\n\n<p align=\"JUSTIFY\">&nbsp;<\/p>\n<p align=\"CENTER\">&nbsp;<\/p>\n<p align=\"CENTER\">&nbsp;<\/p>\n<p align=\"JUSTIFY\">&nbsp;<\/p>\n<p>&nbsp;<\/p>\n<p>&nbsp;<\/p>\n<p><span style=\"color: #ff9900;\">&nbsp;&nbsp;&nbsp;&nbsp;&nbsp;&nbsp;&nbsp;<span style=\"color: #99cc00;\">&nbsp; <\/span><\/span><\/p>\n<p>&nbsp;<\/p>\n<p>&nbsp;<\/p>\n\n\n","protected":false},"excerpt":{"rendered":"<p>Karta zg\u0142oszenia dziecka do \u015bwietlicy szkolnej 2025-2026 Zgoda na samodzielny powr\u00f3t z \u015bwietlicy szkolnej 2025-2026 Upowa\u017cnienie do odbioru dziecka z \u015bwietlicy szkolnej 2025-2026 &nbsp; &nbsp; &nbsp; &nbsp; &nbsp; &nbsp; &nbsp; &nbsp; &nbsp; &nbsp; &nbsp; &nbsp; &nbsp; &nbsp;&nbsp;&nbsp;&nbsp;&nbsp;&nbsp;&nbsp;&nbsp; &nbsp; &nbsp;<\/p>\n","protected":false},"author":1,"featured_media":0,"parent":19,"menu_order":6,"comment_status":"closed","ping_status":"closed","template":"","meta":{"ngg_post_thumbnail":0,"footnotes":""},"class_list":["post-60","page","type-page","status-publish","hentry"],"_links":{"self":[{"href":"https:\/\/sp1hrubieszow.pl\/index.php\/wp-json\/wp\/v2\/pages\/60","targetHints":{"allow":["GET"]}}],"collection":[{"href":"https:\/\/sp1hrubieszow.pl\/index.php\/wp-json\/wp\/v2\/pages"}],"about":[{"href":"https:\/\/sp1hrubieszow.pl\/index.php\/wp-json\/wp\/v2\/types\/page"}],"author":[{"embeddable":true,"href":"https:\/\/sp1hrubieszow.pl\/index.php\/wp-json\/wp\/v2\/users\/1"}],"replies":[{"embeddable":true,"href":"https:\/\/sp1hrubieszow.pl\/index.php\/wp-json\/wp\/v2\/comments?post=60"}],"version-history":[{"count":21,"href":"https:\/\/sp1hrubieszow.pl\/index.php\/wp-json\/wp\/v2\/pages\/60\/revisions"}],"predecessor-version":[{"id":28812,"href":"https:\/\/sp1hrubieszow.pl\/index.php\/wp-json\/wp\/v2\/pages\/60\/revisions\/28812"}],"up":[{"embeddable":true,"href":"https:\/\/sp1hrubieszow.pl\/index.php\/wp-json\/wp\/v2\/pages\/19"}],"wp:attachment":[{"href":"https:\/\/sp1hrubieszow.pl\/index.php\/wp-json\/wp\/v2\/media?parent=60"}],"curies":[{"name":"wp","href":"https:\/\/api.w.org\/{rel}","templated":true}]}}