{"id":5947,"date":"2020-08-25T09:06:19","date_gmt":"2020-08-25T07:06:19","guid":{"rendered":"http:\/\/sp1.hrubieszow.info\/?page_id=5947"},"modified":"2020-08-25T09:14:09","modified_gmt":"2020-08-25T07:14:09","slug":"karty-zgloszenia-dziecka-do-stolowki-i-do-swietlicy-szkolnej","status":"publish","type":"page","link":"https:\/\/sp1hrubieszow.pl\/index.php\/kronika-2019-2020\/karty-zgloszenia-dziecka-do-stolowki-i-do-swietlicy-szkolnej\/","title":{"rendered":"Karty zg\u0142oszenia dziecka do sto\u0142\u00f3wki i do \u015bwietlicy szkolnej"},"content":{"rendered":"\n<p><span style=\"color: #000080;\">Przekazujemy kart\u0119 zg\u0142oszenia dziecka do \u015bwietlicy szkolnej oraz kart\u0119 zg\u0142oszenia do sto\u0142\u00f3wki szkolnej wraz z kart\u0105 do zwrotu naliczonej op\u0142aty za obiady:<\/span><\/p>\n<p><span style=\"color: #000080;\"><a style=\"color: #000080;\" href=\"http:\/\/sp1.hrubieszow.info\/wp-content\/uploads\/2020\/08\/Karta-zg\u0142oszenia-dziecka-do-\u015bwietlicy.docx\"><strong>Karta zg\u0142oszenia dziecka do \u015bwietlicy<\/strong><\/a><\/span><\/p>\n<p><strong><span style=\"color: #000080;\"><a style=\"color: #000080;\" href=\"http:\/\/sp1.hrubieszow.info\/wp-content\/uploads\/2020\/08\/Karta-zg\u0142oszenia-dziecka-do-sto\u0142\u00f3wki.docx\">Karta zg\u0142oszenia dziecka do sto\u0142\u00f3wki<\/a><\/span><\/strong><\/p>\n<p><strong><span style=\"color: #000080;\"><a style=\"color: #000080;\" href=\"http:\/\/sp1.hrubieszow.info\/wp-content\/uploads\/2020\/08\/karta-zwrot-naliczonej-kwoty-za-obiady.docx\">karta &#8211; zwrot naliczonej kwoty za obiady<\/a><\/span><\/strong><\/p>\n<p><span style=\"color: #000080;\">Dokumenty znajduj\u0105 si\u0119 tak\u017ce w zak\u0142adce tematycznej UCZNIOWIE &#8211; STO\u0141\u00d3WKA SZKOLNA\/ UCZNIOWIE &#8211; \u015aWIETLICA<\/span><\/p>\n","protected":false},"excerpt":{"rendered":"<p>Przekazujemy kart\u0119 zg\u0142oszenia dziecka do \u015bwietlicy szkolnej oraz kart\u0119 zg\u0142oszenia do sto\u0142\u00f3wki szkolnej wraz z kart\u0105 do zwrotu naliczonej op\u0142aty za obiady: Karta zg\u0142oszenia dziecka do \u015bwietlicy Karta zg\u0142oszenia dziecka do sto\u0142\u00f3wki karta &#8211; zwrot naliczonej kwoty za obiady Dokumenty znajduj\u0105 si\u0119 tak\u017ce w zak\u0142adce tematycznej UCZNIOWIE &#8211; STO\u0141\u00d3WKA SZKOLNA\/ UCZNIOWIE &#8211; \u015aWIETLICA<\/p>\n","protected":false},"author":2,"featured_media":0,"parent":2167,"menu_order":0,"comment_status":"closed","ping_status":"closed","template":"","meta":{"ngg_post_thumbnail":0,"footnotes":""},"class_list":["post-5947","page","type-page","status-publish","hentry"],"_links":{"self":[{"href":"https:\/\/sp1hrubieszow.pl\/index.php\/wp-json\/wp\/v2\/pages\/5947","targetHints":{"allow":["GET"]}}],"collection":[{"href":"https:\/\/sp1hrubieszow.pl\/index.php\/wp-json\/wp\/v2\/pages"}],"about":[{"href":"https:\/\/sp1hrubieszow.pl\/index.php\/wp-json\/wp\/v2\/types\/page"}],"author":[{"embeddable":true,"href":"https:\/\/sp1hrubieszow.pl\/index.php\/wp-json\/wp\/v2\/users\/2"}],"replies":[{"embeddable":true,"href":"https:\/\/sp1hrubieszow.pl\/index.php\/wp-json\/wp\/v2\/comments?post=5947"}],"version-history":[{"count":3,"href":"https:\/\/sp1hrubieszow.pl\/index.php\/wp-json\/wp\/v2\/pages\/5947\/revisions"}],"predecessor-version":[{"id":5954,"href":"https:\/\/sp1hrubieszow.pl\/index.php\/wp-json\/wp\/v2\/pages\/5947\/revisions\/5954"}],"up":[{"embeddable":true,"href":"https:\/\/sp1hrubieszow.pl\/index.php\/wp-json\/wp\/v2\/pages\/2167"}],"wp:attachment":[{"href":"https:\/\/sp1hrubieszow.pl\/index.php\/wp-json\/wp\/v2\/media?parent=5947"}],"curies":[{"name":"wp","href":"https:\/\/api.w.org\/{rel}","templated":true}]}}