{"id":5929,"date":"2020-08-21T12:26:23","date_gmt":"2020-08-21T10:26:23","guid":{"rendered":"http:\/\/sp1.hrubieszow.info\/?page_id=5929"},"modified":"2020-08-21T12:29:24","modified_gmt":"2020-08-21T10:29:24","slug":"wyprawka-dla-ucznia-klasy-0","status":"publish","type":"page","link":"https:\/\/sp1hrubieszow.pl\/index.php\/kronika-2019-2020\/wyprawka-dla-ucznia-klasy-0\/","title":{"rendered":"WYPRAWKA DLA UCZNIA KLASY \u201e0\u201d"},"content":{"rendered":"\n<p><span style=\"color: #000080;\">WYPRAWKA DLA UCZNIA KLASY \u201e0\u201d<\/span><\/p>\n<p><span style=\"color: #000080;\">&nbsp;&#8211; zeszyty:<\/span><br><span style=\"color: #000080;\">1w linie [czerwone i niebieskie] 16 k<\/span><br><span style=\"color: #000080;\">1 w kratk\u0119 16 k. <\/span><br><span style=\"color: #000080;\">zeszyt do korespondencji w kratk\u0119 16k.<\/span><br><span style=\"color: #000080;\">&#8211; patyczki do liczenia (grube)<\/span><br><span style=\"color: #000080;\">&#8211; pi\u00f3rnik, a w nim: <\/span><br><span style=\"color: #000080;\">o\u0142\u00f3wek HB 2x <\/span><br><span style=\"color: #000080;\">temper\u00f3wka z pojemniczkiem <\/span><br><span style=\"color: #000080;\">gumka <\/span><br><span style=\"color: #000080;\">klej w sztyfcie <\/span><br><span style=\"color: #000080;\">no\u017cyczki z zaokr\u0105glonymi ko\u0144cami <\/span><br><span style=\"color: #000080;\">kolorowe cienkopisy lub mazaki<\/span><br><span style=\"color: #000080;\">kredki o\u0142\u00f3wkowe (polecam &#8222;Bambino\u201d)<\/span><\/p>\n<p><span style=\"color: #000080;\">&#8211; -przybory do szafki dziecka: <\/span><br><span style=\"color: #000080;\">farby plakatowe 12 kolorowe (polecam \u201eBambino\u201d lub \u201eAstra\u201d) + 2 p\u0119dzle o r\u00f3\u017cnej grubo\u015bci + pojemnik na wod\u0119 z przykrywk\u0105 uniemo\u017cliwiaj\u0105c\u0105 wylanie si\u0119 wody <\/span><br><span style=\"color: #000080;\">blok techniczny A3 2xkolorowy i 1x bia\u0142y <\/span><br><span style=\"color: #000080;\">blok techniczny A4 2xkolorowy i 1x bia\u0142y<\/span><br><span style=\"color: #000080;\">papier kolorowy (wycinanki) <\/span><br><span style=\"color: #000080;\">plastelina <\/span><br><span style=\"color: #000080;\">2 teczki z gumk\u0105 <\/span><br><span style=\"color: #000080;\">klej \u201emagiczny\u201d<\/span><br><span style=\"color: #000080;\">-ksi\u0105\u017ceczka do kolorowania<\/span><br><span style=\"color: #000080;\">-1 x chusteczki higieniczne w pude\u0142ku <\/span><br><span style=\"color: #000080;\">-1 x chusteczki nawil\u017cane<\/span><br><span style=\"color: #000080;\">W szkole obowi\u0105zuje obuwie zamienne (przeznaczone r\u00f3wnie\u017c do zabaw ruchowych).<\/span><br><span style=\"color: #000080;\">Wyprawk\u0119 prosz\u0119 przynie\u015b\u0107 w ca\u0142o\u015bci do 4 wrze\u015bnia.<\/span><br><span style=\"color: #000080;\">Karty pracy dla ucznia b\u0119d\u0105 dost\u0119pne w szkole.<\/span><\/p>\n","protected":false},"excerpt":{"rendered":"<p>WYPRAWKA DLA UCZNIA KLASY \u201e0\u201d &nbsp;&#8211; zeszyty:1w linie [czerwone i niebieskie] 16 k1 w kratk\u0119 16 k. zeszyt do korespondencji w kratk\u0119 16k.&#8211; patyczki do liczenia (grube)&#8211; pi\u00f3rnik, a w nim: o\u0142\u00f3wek HB 2x temper\u00f3wka z pojemniczkiem gumka klej w sztyfcie no\u017cyczki z zaokr\u0105glonymi ko\u0144cami kolorowe cienkopisy lub mazakikredki o\u0142\u00f3wkowe (polecam &#8222;Bambino\u201d) &#8211; -przybory do [&hellip;]<\/p>\n","protected":false},"author":2,"featured_media":0,"parent":2167,"menu_order":0,"comment_status":"closed","ping_status":"closed","template":"","meta":{"ngg_post_thumbnail":0,"footnotes":""},"class_list":["post-5929","page","type-page","status-publish","hentry"],"_links":{"self":[{"href":"https:\/\/sp1hrubieszow.pl\/index.php\/wp-json\/wp\/v2\/pages\/5929","targetHints":{"allow":["GET"]}}],"collection":[{"href":"https:\/\/sp1hrubieszow.pl\/index.php\/wp-json\/wp\/v2\/pages"}],"about":[{"href":"https:\/\/sp1hrubieszow.pl\/index.php\/wp-json\/wp\/v2\/types\/page"}],"author":[{"embeddable":true,"href":"https:\/\/sp1hrubieszow.pl\/index.php\/wp-json\/wp\/v2\/users\/2"}],"replies":[{"embeddable":true,"href":"https:\/\/sp1hrubieszow.pl\/index.php\/wp-json\/wp\/v2\/comments?post=5929"}],"version-history":[{"count":2,"href":"https:\/\/sp1hrubieszow.pl\/index.php\/wp-json\/wp\/v2\/pages\/5929\/revisions"}],"predecessor-version":[{"id":5933,"href":"https:\/\/sp1hrubieszow.pl\/index.php\/wp-json\/wp\/v2\/pages\/5929\/revisions\/5933"}],"up":[{"embeddable":true,"href":"https:\/\/sp1hrubieszow.pl\/index.php\/wp-json\/wp\/v2\/pages\/2167"}],"wp:attachment":[{"href":"https:\/\/sp1hrubieszow.pl\/index.php\/wp-json\/wp\/v2\/media?parent=5929"}],"curies":[{"name":"wp","href":"https:\/\/api.w.org\/{rel}","templated":true}]}}