{"id":5924,"date":"2020-08-20T11:51:02","date_gmt":"2020-08-20T09:51:02","guid":{"rendered":"http:\/\/sp1.hrubieszow.info\/?page_id=5924"},"modified":"2020-08-20T11:52:13","modified_gmt":"2020-08-20T09:52:13","slug":"rocznica-urodzin-boleslawa-prusa","status":"publish","type":"page","link":"https:\/\/sp1hrubieszow.pl\/index.php\/kronika-2019-2020\/rocznica-urodzin-boleslawa-prusa\/","title":{"rendered":"Pami\u0119tamy o naszym Patronie"},"content":{"rendered":"\n<p><img loading=\"lazy\" decoding=\"async\" class=\"size-medium wp-image-5923 aligncenter\" src=\"http:\/\/sp1.hrubieszow.info\/wp-content\/uploads\/2020\/08\/prus-220x300.jpg\" alt=\"\" width=\"220\" height=\"300\" srcset=\"https:\/\/sp1hrubieszow.pl\/wp-content\/uploads\/2020\/08\/prus-220x300.jpg 220w, https:\/\/sp1hrubieszow.pl\/wp-content\/uploads\/2020\/08\/prus-624x850.jpg 624w, https:\/\/sp1hrubieszow.pl\/wp-content\/uploads\/2020\/08\/prus.jpg 705w\" sizes=\"auto, (max-width: 220px) 100vw, 220px\" \/><span style=\"color: #000080;\">Dzi\u015b przypada rocznica urodzin Patrona naszej szko\u0142y. 20 sierpnia 1847 roku w Hrubieszowie urodzi\u0142 si\u0119 Aleksander G\u0142owacki, znany jako Boles\u0142aw Prus. To jeden z najwybitniejszych pisarzy w historii literatury polskiej, a tak\u017ce kronikarz Warszawy, dzia\u0142acz spo\u0142eczny, propagator turystyki pieszej i&#8230; zapalony cyklista! <\/span><\/p>\n<p><span style=\"color: #000080;\">\u015awi\u0119tujmy ten dzie\u0144 czytaj\u0105c jego wspania\u0142e dzie\u0142a literackie. Warto te\u017c wybra\u0107 si\u0119 na spacer do parku miejskiego i zatrzyma\u0107 si\u0119 na chwil\u0119 przed domem, w kt\u00f3rym si\u0119 urodzi\u0142.&nbsp; A mo\u017ce wycieczka rowerowa? Nasz Patron propagowa\u0142 zdrowy styl \u017cycia, &#8211; w tym jazd\u0119 na rowerze- wi\u0119c \u015bmia\u0142o mo\u017cemy go na\u015bladowa\u0107.&nbsp;<\/span><\/p>\n","protected":false},"excerpt":{"rendered":"<p>Dzi\u015b przypada rocznica urodzin Patrona naszej szko\u0142y. 20 sierpnia 1847 roku w Hrubieszowie urodzi\u0142 si\u0119 Aleksander G\u0142owacki, znany jako Boles\u0142aw Prus. To jeden z najwybitniejszych pisarzy w historii literatury polskiej, a tak\u017ce kronikarz Warszawy, dzia\u0142acz spo\u0142eczny, propagator turystyki pieszej i&#8230; zapalony cyklista! \u015awi\u0119tujmy ten dzie\u0144 czytaj\u0105c jego wspania\u0142e dzie\u0142a literackie. Warto te\u017c wybra\u0107 si\u0119 na [&hellip;]<\/p>\n","protected":false},"author":2,"featured_media":0,"parent":2167,"menu_order":0,"comment_status":"closed","ping_status":"closed","template":"","meta":{"ngg_post_thumbnail":0,"footnotes":""},"class_list":["post-5924","page","type-page","status-publish","hentry"],"_links":{"self":[{"href":"https:\/\/sp1hrubieszow.pl\/index.php\/wp-json\/wp\/v2\/pages\/5924","targetHints":{"allow":["GET"]}}],"collection":[{"href":"https:\/\/sp1hrubieszow.pl\/index.php\/wp-json\/wp\/v2\/pages"}],"about":[{"href":"https:\/\/sp1hrubieszow.pl\/index.php\/wp-json\/wp\/v2\/types\/page"}],"author":[{"embeddable":true,"href":"https:\/\/sp1hrubieszow.pl\/index.php\/wp-json\/wp\/v2\/users\/2"}],"replies":[{"embeddable":true,"href":"https:\/\/sp1hrubieszow.pl\/index.php\/wp-json\/wp\/v2\/comments?post=5924"}],"version-history":[{"count":2,"href":"https:\/\/sp1hrubieszow.pl\/index.php\/wp-json\/wp\/v2\/pages\/5924\/revisions"}],"predecessor-version":[{"id":5926,"href":"https:\/\/sp1hrubieszow.pl\/index.php\/wp-json\/wp\/v2\/pages\/5924\/revisions\/5926"}],"up":[{"embeddable":true,"href":"https:\/\/sp1hrubieszow.pl\/index.php\/wp-json\/wp\/v2\/pages\/2167"}],"wp:attachment":[{"href":"https:\/\/sp1hrubieszow.pl\/index.php\/wp-json\/wp\/v2\/media?parent=5924"}],"curies":[{"name":"wp","href":"https:\/\/api.w.org\/{rel}","templated":true}]}}