{"id":5903,"date":"2020-08-18T11:11:54","date_gmt":"2020-08-18T09:11:54","guid":{"rendered":"http:\/\/sp1.hrubieszow.info\/?page_id=5903"},"modified":"2021-02-04T08:33:10","modified_gmt":"2021-02-04T07:33:10","slug":"przetarg-remont-pokrycia-dachowego","status":"publish","type":"page","link":"https:\/\/sp1hrubieszow.pl\/index.php\/przetarg-remont-pokrycia-dachowego\/","title":{"rendered":"Przetarg"},"content":{"rendered":"\n<h1><span style=\"color: #000080;\"><strong>Przetarg&nbsp; nr 1 &#8211; remont pokrycia dachowego<\/strong><\/span><\/h1>\n<p><strong><span style=\"color: #000080;\">Zawiadomienie o uniewa\u017cnieniu post\u0119powania:<\/span><\/strong><\/p>\n<p><span style=\"color: #000080;\"><a style=\"color: #000080;\" href=\"http:\/\/sp1.hrubieszow.info\/wp-content\/uploads\/2020\/08\/Scan-Informacja-z-otwarcia-ofert.pdf\">Scan Informacja z otwarcia ofert<\/a><\/span><\/p>\n<p><span style=\"color: #000080;\"><a style=\"color: #000080;\" href=\"http:\/\/sp1.hrubieszow.info\/wp-content\/uploads\/2020\/08\/Scan-zawiadomienie-og\u00f3lne.pdf\">Scan zawiadomienie og\u00f3lne<\/a><\/span><\/p>\n<p><span style=\"color: #000080;\"><a style=\"color: #000080;\" href=\"http:\/\/sp1.hrubieszow.info\/wp-content\/uploads\/2020\/08\/OG\u0141OSZENIE-O-UDZIELENIU-ZAM\u00d3WINIA.html\">OG\u0141OSZENIE O UDZIELENIU ZAM\u00d3WINIA<\/a><\/span><\/p>\n<p><span style=\"color: #000080;\"><strong>Og\u0142oszenie o przetargu:<\/strong><\/span><\/p>\n<p><span style=\"color: #000080;\"><a style=\"color: #000080;\" href=\"http:\/\/sp1.hrubieszow.info\/wp-content\/uploads\/2020\/07\/OG\u0141OSZENIE-O-ZAM\u00d3WIENIU.html\">OG\u0141OSZENIE O ZAM\u00d3WIENIU<\/a><\/span><\/p>\n<p><span style=\"color: #000080;\"><a style=\"color: #000080;\" href=\"http:\/\/sp1.hrubieszow.info\/wp-content\/uploads\/2020\/07\/SIWZ.pdf\">SIWZ<\/a><\/span><\/p>\n<p><span style=\"color: #000080;\"><a style=\"color: #000080;\" href=\"http:\/\/sp1.hrubieszow.info\/wp-content\/uploads\/2020\/07\/Za\u0142\u0105cznik-nr-1-do-SIWZ.zip\">Za\u0142\u0105cznik nr 1 do SIWZ<\/a><\/span><\/p>\n<p><span style=\"color: #000080;\"><a style=\"color: #000080;\" href=\"http:\/\/sp1.hrubieszow.info\/wp-content\/uploads\/2020\/07\/Za\u0142\u0105cznik-Nr-2-do-SIWZ-projekt-umowy-z-za\u0142\u0105cznikami.pdf\">Za\u0142\u0105cznik Nr 2 do SIWZ &#8211; projekt umowy z za\u0142\u0105cznikami<\/a><\/span><\/p>\n<p><span style=\"color: #000080;\"><a style=\"color: #000080;\" href=\"http:\/\/sp1.hrubieszow.info\/wp-content\/uploads\/2020\/07\/Za\u0142\u0105cznik-Nr-3-do-SIWZ-Wz\u00f3r-formularza-ofertowego.docx\">Za\u0142\u0105cznik Nr 3 do SIWZ &#8211; Wz\u00f3r formularza ofertowego<\/a><\/span><\/p>\n<p><span style=\"color: #000080;\"><a style=\"color: #000080;\" href=\"http:\/\/sp1.hrubieszow.info\/wp-content\/uploads\/2020\/07\/Za\u0142\u0105cznik-Nr-4-do-SIWZ-Wz\u00f3r-oswiadczenia-o-braku-podstaw-do-wykluczenia.docx\">Za\u0142\u0105cznik Nr 4 do SIWZ &#8211; Wz\u00f3r oswiadczenia o braku podstaw do wykluczenia<\/a><\/span><\/p>\n<p><span style=\"color: #000080;\"><a style=\"color: #000080;\" href=\"http:\/\/sp1.hrubieszow.info\/wp-content\/uploads\/2020\/07\/Za\u0142\u0105cznik-Nr-5-do-SIWZ-Wz\u00f3r-o\u015bwiadczenia-o-spelnianiu-warunkow-udzialu-w-postepowaniu.docx\">Za\u0142\u0105cznik Nr 5 do SIWZ &#8211; Wz\u00f3r o\u015bwiadczenia o spelnianiu warunkow udzialu w postepowaniu<\/a><\/span><\/p>\n<p><span style=\"color: #000080;\"><a style=\"color: #000080;\" href=\"http:\/\/sp1.hrubieszow.info\/wp-content\/uploads\/2020\/07\/Za\u0142\u0105cznik-Nr-6-do-SIWZ-Wz\u00f3r-informacji-\u017ce-wykonawca-nie-nale\u017cy-lub-nale\u017cy-do-grupy-kapita\u0142owej.docx\">Za\u0142\u0105cznik Nr 6 do SIWZ &#8211; Wz\u00f3r informacji, \u017ce wykonawca nie nale\u017cy lub nale\u017cy do grupy kapita\u0142owej<\/a><\/span><\/p>\n<p><span style=\"color: #000080;\"><a style=\"color: #000080;\" href=\"http:\/\/sp1.hrubieszow.info\/wp-content\/uploads\/2020\/07\/Za\u0142\u0105cznik-Nr-7-do-SIWZ-Wz\u00f3r-wykazu-robot-budowlanych.docx\">Za\u0142\u0105cznik Nr 7 do SIWZ &#8211; Wz\u00f3r wykazu robot budowlanych<\/a><\/span><\/p>\n<p><span style=\"color: #000080;\"><a style=\"color: #000080;\" href=\"http:\/\/sp1.hrubieszow.info\/wp-content\/uploads\/2020\/07\/Za\u0142\u0105cznik-nr-8-do-SIWZ-Wz\u00f3r-wykazu-os\u00f3b..docx\">Za\u0142\u0105cznik nr 8 do SIWZ &#8211; Wz\u00f3r wykazu os\u00f3b.<\/a><\/span><\/p>\n<p><span style=\"color: #000080;\"><a style=\"color: #000080;\" href=\"http:\/\/sp1.hrubieszow.info\/wp-content\/uploads\/2020\/07\/Za\u0142\u0105cznik-nr-9-do-SIWZ-Zobowi\u0105zanie-podmiotu-do-udost\u0119pnienia-zasob\u00f3w.docx\">Za\u0142\u0105cznik nr 9 do SIWZ &#8211; Zobowi\u0105zanie podmiotu do udost\u0119pnienia zasob\u00f3w<\/a><\/span><\/p>\n<h1><span style=\"color: #000080;\"><strong>Przetarg&nbsp; nr 2&nbsp; &#8211; remont pokrycia dachowego<\/strong><\/span><\/h1>\n<p><span style=\"color: #000080;\"><strong>Og\u0142oszenie o udzieleniu zam\u00f3wienia<\/strong><\/span><\/p>\n<p><span style=\"color: #000080;\"><a style=\"color: #000080;\" href=\"http:\/\/sp1.hrubieszow.info\/wp-content\/uploads\/2020\/10\/pulpit.pdf\">Og\u0142oszenie o udzieleniu zam\u00f3wienia<\/a><\/span><\/p>\n<p><span style=\"color: #000080;\"><strong>&nbsp;Informacja o wyborze najkorzystniejszej oferty<\/strong><\/span><\/p>\n<p><span style=\"color: #000080;\"><a style=\"color: #000080;\" href=\"http:\/\/sp1.hrubieszow.info\/wp-content\/uploads\/2020\/09\/najkorzystniejsza-oferta.pdf\">najkorzystniejsza oferta<\/a><\/span><\/p>\n<p><span style=\"color: #000080;\"><strong>Informacja z otwarcia ofert<\/strong><\/span><\/p>\n<p><span style=\"color: #000080;\"><a style=\"color: #000080;\" href=\"http:\/\/sp1.hrubieszow.info\/wp-content\/uploads\/2020\/09\/informacja-z-otwarcia-ofert.pdf\">informacja z otwarcia ofert<\/a><\/span><\/p>\n<p><span style=\"color: #000080;\"><strong>Odpowied\u017a na pytanie przetargowe:<\/strong><\/span><\/p>\n<p><span style=\"color: #000080;\"><a style=\"color: #000080;\" href=\"http:\/\/sp1.hrubieszow.info\/wp-content\/uploads\/2020\/08\/cz%C4%99%C5%9B%C4%87-1.pdf\">cz\u0119\u015b\u0107 1<\/a><\/span><\/p>\n<p><span style=\"color: #000080;\"><a style=\"color: #000080;\" href=\"http:\/\/sp1.hrubieszow.info\/wp-content\/uploads\/2020\/08\/cz%C4%99%C5%9B%C4%87-2.pdf\">cz\u0119\u015b\u0107 2<\/a><\/span><\/p>\n<p><span style=\"color: #000080;\"><strong>Og\u0142oszenie o przetargu:<\/strong><\/span><\/p>\n<p><span style=\"color: #000080;\"><a style=\"color: #000080;\" href=\"http:\/\/sp1.hrubieszow.info\/wp-content\/uploads\/2020\/08\/OG%C5%81OSZENIE-O-ZAM%C3%93WIENIU.html\">OG\u0141OSZENIE O ZAM\u00d3WIENIU<\/a><\/span><\/p>\n<p><span style=\"color: #000080;\"><a style=\"color: #000080;\" href=\"http:\/\/sp1.hrubieszow.info\/wp-content\/uploads\/2020\/08\/SIWZ.pdf\">SIWZ<\/a><\/span><\/p>\n<p><span style=\"color: #000080;\"><a style=\"color: #000080;\" href=\"http:\/\/sp1.hrubieszow.info\/wp-content\/uploads\/2020\/08\/Za%C5%82%C4%85cznik-nr-1-do-SIWZ.7z\">Za\u0142\u0105cznik nr 1 do SIWZ<\/a><\/span><\/p>\n<p><span style=\"color: #000080;\"><a style=\"color: #000080;\" href=\"http:\/\/sp1.hrubieszow.info\/wp-content\/uploads\/2020\/08\/Za%C5%82%C4%85cznik-Nr-2-do-SIWZ-projekt-umowy-z-za%C5%82%C4%85cznikami.pdf\">Za\u0142\u0105cznik Nr 2 do SIWZ \u2013 projekt umowy z za\u0142\u0105cznikami<\/a><\/span><\/p>\n<p><span style=\"color: #000080;\"><a style=\"color: #000080;\" href=\"http:\/\/sp1.hrubieszow.info\/wp-content\/uploads\/2020\/08\/Za%C5%82%C4%85cznik-Nr-3-do-SIWZ-Wz%C3%B3r-formularza-ofertowego.docx\">Za\u0142\u0105cznik Nr 3 do SIWZ \u2013 Wz\u00f3r formularza ofertowego<\/a><\/span><\/p>\n<p><span style=\"color: #000080;\"><a style=\"color: #000080;\" href=\"http:\/\/sp1.hrubieszow.info\/wp-content\/uploads\/2020\/08\/Za%C5%82%C4%85cznik-Nr-4-do-SIWZ-Wz%C3%B3r-oswiadczenia-o-braku-podstaw-do-wykluczenia.docx\">Za\u0142\u0105cznik Nr 4 do SIWZ \u2013 Wz\u00f3r oswiadczenia o braku podstaw do wykluczenia<\/a><\/span><\/p>\n<p><span style=\"color: #000080;\"><a style=\"color: #000080;\" href=\"http:\/\/sp1.hrubieszow.info\/wp-content\/uploads\/2020\/08\/Za%C5%82%C4%85cznik-Nr-5-do-SIWZ-Wz%C3%B3r-o%C5%9Bwiadczenia-o-spelnianiu-warunkow-udzialu-w-postepowaniu.docx\">Za\u0142\u0105cznik Nr 5 do SIWZ \u2013 Wz\u00f3r o\u015bwiadczenia o spelnianiu warunkow udzialu w postepowaniu<\/a><\/span><\/p>\n<p><span style=\"color: #000080;\"><a style=\"color: #000080;\" href=\"http:\/\/sp1.hrubieszow.info\/wp-content\/uploads\/2020\/08\/Za%C5%82%C4%85cznik-Nr-6-do-SIWZ-Wz%C3%B3r-informacji-%C5%BCe-wykonawca-nie-nale%C5%BCy-lub-nale%C5%BCy-do-grupy-kapita%C5%82owej.docx\">Za\u0142\u0105cznik Nr 6 do SIWZ \u2013 Wz\u00f3r informacji, \u017ce wykonawca nie nale\u017cy lub nale\u017cy do grupy kapita\u0142owej<\/a><\/span><\/p>\n<p><span style=\"color: #000080;\"><a style=\"color: #000080;\" href=\"http:\/\/sp1.hrubieszow.info\/wp-content\/uploads\/2020\/08\/Za%C5%82%C4%85cznik-Nr-7-do-SIWZ-Wz%C3%B3r-wykazu-robot-budowlanych.docx\">Za\u0142\u0105cznik Nr 7 do SIWZ \u2013 Wz\u00f3r wykazu robot budowlanych<\/a><\/span><\/p>\n<p><span style=\"color: #000080;\"><a style=\"color: #000080;\" href=\"http:\/\/sp1.hrubieszow.info\/wp-content\/uploads\/2020\/08\/Za%C5%82%C4%85cznik-nr-8-do-SIWZ-Wz%C3%B3r-wykazu-os%C3%B3b..docx\">Za\u0142\u0105cznik nr 8 do SIWZ \u2013 Wz\u00f3r wykazu os\u00f3b.<\/a><\/span><\/p>\n<p><span style=\"color: #000080;\"><a style=\"color: #000080;\" href=\"http:\/\/sp1.hrubieszow.info\/wp-content\/uploads\/2020\/08\/Za%C5%82%C4%85cznik-nr-9-do-SIWZ-Zobowi%C4%85zanie-podmiotu-do-udost%C4%99pnienia-zasob%C3%B3w.docx\">Za\u0142\u0105cznik nr 9 do SIWZ \u2013 Zobowi\u0105zanie podmiotu do udost\u0119pnienia zasob\u00f3w<\/a><\/span><\/p>\n","protected":false},"excerpt":{"rendered":"<p>Przetarg&nbsp; nr 1 &#8211; remont pokrycia dachowego Zawiadomienie o uniewa\u017cnieniu post\u0119powania: Scan Informacja z otwarcia ofert Scan zawiadomienie og\u00f3lne OG\u0141OSZENIE O UDZIELENIU ZAM\u00d3WINIA Og\u0142oszenie o przetargu: OG\u0141OSZENIE O ZAM\u00d3WIENIU SIWZ Za\u0142\u0105cznik nr 1 do SIWZ Za\u0142\u0105cznik Nr 2 do SIWZ &#8211; projekt umowy z za\u0142\u0105cznikami Za\u0142\u0105cznik Nr 3 do SIWZ &#8211; Wz\u00f3r formularza ofertowego Za\u0142\u0105cznik [&hellip;]<\/p>\n","protected":false},"author":2,"featured_media":0,"parent":0,"menu_order":0,"comment_status":"closed","ping_status":"closed","template":"","meta":{"ngg_post_thumbnail":0,"footnotes":""},"class_list":["post-5903","page","type-page","status-publish","hentry"],"_links":{"self":[{"href":"https:\/\/sp1hrubieszow.pl\/index.php\/wp-json\/wp\/v2\/pages\/5903","targetHints":{"allow":["GET"]}}],"collection":[{"href":"https:\/\/sp1hrubieszow.pl\/index.php\/wp-json\/wp\/v2\/pages"}],"about":[{"href":"https:\/\/sp1hrubieszow.pl\/index.php\/wp-json\/wp\/v2\/types\/page"}],"author":[{"embeddable":true,"href":"https:\/\/sp1hrubieszow.pl\/index.php\/wp-json\/wp\/v2\/users\/2"}],"replies":[{"embeddable":true,"href":"https:\/\/sp1hrubieszow.pl\/index.php\/wp-json\/wp\/v2\/comments?post=5903"}],"version-history":[{"count":5,"href":"https:\/\/sp1hrubieszow.pl\/index.php\/wp-json\/wp\/v2\/pages\/5903\/revisions"}],"predecessor-version":[{"id":7823,"href":"https:\/\/sp1hrubieszow.pl\/index.php\/wp-json\/wp\/v2\/pages\/5903\/revisions\/7823"}],"wp:attachment":[{"href":"https:\/\/sp1hrubieszow.pl\/index.php\/wp-json\/wp\/v2\/media?parent=5903"}],"curies":[{"name":"wp","href":"https:\/\/api.w.org\/{rel}","templated":true}]}}