{"id":5886,"date":"2020-08-13T15:13:13","date_gmt":"2020-08-13T13:13:13","guid":{"rendered":"http:\/\/sp1.hrubieszow.info\/?page_id=5886"},"modified":"2020-08-13T15:13:48","modified_gmt":"2020-08-13T13:13:48","slug":"bezpieczny-powrot-do-szkoly","status":"publish","type":"page","link":"https:\/\/sp1hrubieszow.pl\/index.php\/kronika-2019-2020\/bezpieczny-powrot-do-szkoly\/","title":{"rendered":"Bezpieczny powr\u00f3t do szko\u0142y"},"content":{"rendered":"\n<p><span style=\"color: #000080;\">Zapraszamy do zapoznania si\u0119 z poni\u017cszymi informacjami dotycz\u0105cymi bezpiecznego powrotu do szko\u0142y:<\/span><\/p>\n<p><span style=\"color: #000080;\"><strong><a style=\"color: #000080;\" href=\"http:\/\/sp1.hrubieszow.info\/wp-content\/uploads\/2020\/08\/Bezpieczny-powr\u00f3t-do-szko\u0142y.docx\">Bezpieczny powr\u00f3t do szko\u0142y<\/a><\/strong><\/span><\/p>\n<p>&nbsp;<\/p>\n","protected":false},"excerpt":{"rendered":"<p>Zapraszamy do zapoznania si\u0119 z poni\u017cszymi informacjami dotycz\u0105cymi bezpiecznego powrotu do szko\u0142y: Bezpieczny powr\u00f3t do szko\u0142y &nbsp;<\/p>\n","protected":false},"author":2,"featured_media":0,"parent":2167,"menu_order":0,"comment_status":"closed","ping_status":"closed","template":"","meta":{"ngg_post_thumbnail":0,"footnotes":""},"class_list":["post-5886","page","type-page","status-publish","hentry"],"_links":{"self":[{"href":"https:\/\/sp1hrubieszow.pl\/index.php\/wp-json\/wp\/v2\/pages\/5886","targetHints":{"allow":["GET"]}}],"collection":[{"href":"https:\/\/sp1hrubieszow.pl\/index.php\/wp-json\/wp\/v2\/pages"}],"about":[{"href":"https:\/\/sp1hrubieszow.pl\/index.php\/wp-json\/wp\/v2\/types\/page"}],"author":[{"embeddable":true,"href":"https:\/\/sp1hrubieszow.pl\/index.php\/wp-json\/wp\/v2\/users\/2"}],"replies":[{"embeddable":true,"href":"https:\/\/sp1hrubieszow.pl\/index.php\/wp-json\/wp\/v2\/comments?post=5886"}],"version-history":[{"count":2,"href":"https:\/\/sp1hrubieszow.pl\/index.php\/wp-json\/wp\/v2\/pages\/5886\/revisions"}],"predecessor-version":[{"id":5888,"href":"https:\/\/sp1hrubieszow.pl\/index.php\/wp-json\/wp\/v2\/pages\/5886\/revisions\/5888"}],"up":[{"embeddable":true,"href":"https:\/\/sp1hrubieszow.pl\/index.php\/wp-json\/wp\/v2\/pages\/2167"}],"wp:attachment":[{"href":"https:\/\/sp1hrubieszow.pl\/index.php\/wp-json\/wp\/v2\/media?parent=5886"}],"curies":[{"name":"wp","href":"https:\/\/api.w.org\/{rel}","templated":true}]}}