{"id":5881,"date":"2020-07-30T12:52:29","date_gmt":"2020-07-30T10:52:29","guid":{"rendered":"http:\/\/sp1.hrubieszow.info\/?page_id=5881"},"modified":"2020-07-30T12:52:48","modified_gmt":"2020-07-30T10:52:48","slug":"informacja-na-temat-wynikow-egzaminu-klas-8","status":"publish","type":"page","link":"https:\/\/sp1hrubieszow.pl\/index.php\/kronika-2019-2020\/informacja-na-temat-wynikow-egzaminu-klas-8\/","title":{"rendered":"Informacja na temat wynik\u00f3w egzaminu klas 8"},"content":{"rendered":"\n<p>Uprzejmie informuj\u0119, \u017ce wyniki egzaminu \u00f3smoklasisty przeprowadzonego w czerwcu<br>i lipcu 2020 r. zostan\u0105 og\u0142oszone 31 lipca br. (pi\u0105tek) o godz. 11:30.<br>Za\u015bwiadczenie o szczeg\u00f3\u0142owych wynikach egzaminu \u00f3smoklasisty zostanie przekazane<br>ka\u017cdemu absolwentowi szko\u0142y podstawowej 31 lipca br. &#8211; odbi\u00f3r za\u015bwiadcze\u0144 w sekretariacie szko\u0142y. &nbsp;Na wniosek rodzica skan za\u015bwiadczenia o szczeg\u00f3\u0142owych wynikach egzaminu \u00f3smoklasisty mo\u017ce by\u0107 przes\u0142any przez dyrektora szko\u0142y podstawowej za pomoc\u0105 \u015brodk\u00f3w komunikacji elektronicznej (np.poczty e-mail).<br>Absolwenci szk\u00f3\u0142 podstawowych b\u0119d\u0105 mogli r\u00f3wnie\u017c sprawdzi\u0107 wyniki, jakie uzyskali<br>z poszczeg\u00f3lnych przedmiot\u00f3w egzaminacyjnych, w og\u00f3lnopolskim systemie<br>informatycznym ZIU (https:\/\/wyniki.edu.pl). Logowanie do systemu odbywa si\u0119 za<br>pomoc\u0105 loginu i has\u0142a, kt\u00f3re uczniowie klasy VIII otrzymali od dyrektora szko\u0142y. Wyniki<br>b\u0119d\u0105 dost\u0119pne w systemie informatycznym 31 lipca br. od godz. 10:00.<\/p>\n","protected":false},"excerpt":{"rendered":"<p>Uprzejmie informuj\u0119, \u017ce wyniki egzaminu \u00f3smoklasisty przeprowadzonego w czerwcui lipcu 2020 r. zostan\u0105 og\u0142oszone 31 lipca br. (pi\u0105tek) o godz. 11:30.Za\u015bwiadczenie o szczeg\u00f3\u0142owych wynikach egzaminu \u00f3smoklasisty zostanie przekazaneka\u017cdemu absolwentowi szko\u0142y podstawowej 31 lipca br. &#8211; odbi\u00f3r za\u015bwiadcze\u0144 w sekretariacie szko\u0142y. &nbsp;Na wniosek rodzica skan za\u015bwiadczenia o szczeg\u00f3\u0142owych wynikach egzaminu \u00f3smoklasisty mo\u017ce by\u0107 przes\u0142any przez dyrektora [&hellip;]<\/p>\n","protected":false},"author":2,"featured_media":0,"parent":2167,"menu_order":0,"comment_status":"closed","ping_status":"closed","template":"","meta":{"ngg_post_thumbnail":0,"footnotes":""},"class_list":["post-5881","page","type-page","status-publish","hentry"],"_links":{"self":[{"href":"https:\/\/sp1hrubieszow.pl\/index.php\/wp-json\/wp\/v2\/pages\/5881","targetHints":{"allow":["GET"]}}],"collection":[{"href":"https:\/\/sp1hrubieszow.pl\/index.php\/wp-json\/wp\/v2\/pages"}],"about":[{"href":"https:\/\/sp1hrubieszow.pl\/index.php\/wp-json\/wp\/v2\/types\/page"}],"author":[{"embeddable":true,"href":"https:\/\/sp1hrubieszow.pl\/index.php\/wp-json\/wp\/v2\/users\/2"}],"replies":[{"embeddable":true,"href":"https:\/\/sp1hrubieszow.pl\/index.php\/wp-json\/wp\/v2\/comments?post=5881"}],"version-history":[{"count":1,"href":"https:\/\/sp1hrubieszow.pl\/index.php\/wp-json\/wp\/v2\/pages\/5881\/revisions"}],"predecessor-version":[{"id":5882,"href":"https:\/\/sp1hrubieszow.pl\/index.php\/wp-json\/wp\/v2\/pages\/5881\/revisions\/5882"}],"up":[{"embeddable":true,"href":"https:\/\/sp1hrubieszow.pl\/index.php\/wp-json\/wp\/v2\/pages\/2167"}],"wp:attachment":[{"href":"https:\/\/sp1hrubieszow.pl\/index.php\/wp-json\/wp\/v2\/media?parent=5881"}],"curies":[{"name":"wp","href":"https:\/\/api.w.org\/{rel}","templated":true}]}}