{"id":5855,"date":"2020-07-04T16:58:43","date_gmt":"2020-07-04T14:58:43","guid":{"rendered":"http:\/\/sp1.hrubieszow.info\/?page_id=5855"},"modified":"2020-07-04T16:59:07","modified_gmt":"2020-07-04T14:59:07","slug":"wakacje-z-gigantami-czyli-darmowe-lekcje-programowania","status":"publish","type":"page","link":"https:\/\/sp1hrubieszow.pl\/index.php\/kronika-2019-2020\/wakacje-z-gigantami-czyli-darmowe-lekcje-programowania\/","title":{"rendered":"\u201cWakacje z Gigantami\u201d, czyli darmowe lekcje programowania"},"content":{"rendered":"\n<p><img loading=\"lazy\" decoding=\"async\" class=\"alignnone size-medium wp-image-5854\" src=\"http:\/\/sp1.hrubieszow.info\/wp-content\/uploads\/2020\/07\/wakacjezgigantami-300x169.jpg\" alt=\"\" width=\"300\" height=\"169\" srcset=\"https:\/\/sp1hrubieszow.pl\/wp-content\/uploads\/2020\/07\/wakacjezgigantami-300x169.jpg 300w, https:\/\/sp1hrubieszow.pl\/wp-content\/uploads\/2020\/07\/wakacjezgigantami-768x432.jpg 768w, https:\/\/sp1hrubieszow.pl\/wp-content\/uploads\/2020\/07\/wakacjezgigantami-1024x576.jpg 1024w, https:\/\/sp1hrubieszow.pl\/wp-content\/uploads\/2020\/07\/wakacjezgigantami-624x351.jpg 624w, https:\/\/sp1hrubieszow.pl\/wp-content\/uploads\/2020\/07\/wakacjezgigantami.jpg 1600w\" sizes=\"auto, (max-width: 300px) 100vw, 300px\" \/><\/p>\n<p dir=\"ltr\"><span style=\"color: #000080;\">W trakcie letniej przerwy od zaj\u0119\u0107 lekcyjnych Giganci Programowania&nbsp; serdecznie zapraszaj\u0105 wszystkich uczni\u00f3w&nbsp; do wzi\u0119cia udzia\u0142u w programie <strong>\u201cWakacje z Gigantami\u201d<\/strong>, czyli&nbsp;<strong>darmowych lekcjach programowania<\/strong>&nbsp;dla uczni\u00f3w szk\u00f3\u0142 podstawowych i ponadpodstawowych.&nbsp;<\/span><\/p>\n<p dir=\"ltr\"><span style=\"color: #000080;\"><strong>\u201cWakacje z Gigantami\u201d<\/strong>&nbsp;to&nbsp;<strong>cykl 5-ciu zaj\u0119\u0107 online<\/strong>&nbsp;w formie&nbsp;<strong>webinaru<\/strong>, kt\u00f3re szczeg\u00f3lnie mog\u0105 zainteresowa\u0107 uczni\u00f3w l<strong>ubi\u0105cych nowe technologie i chc\u0105cych rozpocz\u0105\u0107 przygod\u0119 z programowaniem&nbsp;<\/strong>w trakcie przerwy wakacyjnej.&nbsp;<\/span><\/p>\n<p dir=\"ltr\"><span style=\"color: #000080;\"><strong>\u201cWakacje z Gigantami\u201d<\/strong>&nbsp;to<strong>&nbsp;letnia ods\u0142ona \u201cSzko\u0142y z Gigantami\u201d<\/strong>, warsztat\u00f3w kt\u00f3re odby\u0142y si\u0119 pod patronatem honorowym&nbsp;<strong>Ministra Edukacji<\/strong>&nbsp;oraz&nbsp;<strong>Ministerstwa Cyfryzacji<\/strong>. Z uwagi na du\u017ce zainteresowanie minionymi warsztatami oraz du\u017c\u0105 ilo\u015bci\u0105 zapyta\u0144 o kolejn\u0105 edycj\u0119, ju\u017c 7 lipca uruchamiamy warsztaty w okresie wakacyjnym.<\/span><\/p>\n<p dir=\"ltr\"><span style=\"color: #000080;\">Patronem honorowym \u201cWakacji z Gigantami\u201d jest&nbsp;<strong>O\u015brodek Rozwoju Edukacji<\/strong>.<\/span><\/p>\n<p>&nbsp;<\/p>\n<p dir=\"ltr\"><img decoding=\"async\" src=\"https:\/\/zasobygwp.pl\/proxy?sig=dcbd2f6cf4dff653596788c272706644711c39ed8b92309d9e82bfe1fe946190&amp;url=aHR0cHM6Ly9saDMuZ29vZ2xldXNlcmNvbnRlbnQuY29tL3E4bjcxbVRMVVRQUWwxSDBhd3U3RVRsU08yZjJWV2hEaXRoSkhpV3pvLTQtUjdxRzlYSXVwVUZrQmdrcUpYYy13NUNXQm95RTVEQ3NCV2xpUDJUUk9lel9fN0ExT3dmR3dHWUdDWGRGVlE3ajNlYjZKS21SR1hlR1V4V3UxVFYybTB2MU9KYzA=\"><\/p>\n<p dir=\"ltr\"><span style=\"color: #000080;\">Pierwsze 4 lekcje to, w zale\u017cno\u015bci od wybranej grupy,<strong>&nbsp;praktyczne warsztaty z programowania w j\u0119zykach Scratch i Python<\/strong>. Ostatnie zaj\u0119cia natomiast po\u015bwi\u0119cone b\u0119d\u0105&nbsp;<strong>bezpiecznemu korzystaniu z Internetu<\/strong>.&nbsp;<\/span><\/p>\n<p dir=\"ltr\"><span style=\"color: #000080;\">Szczeg\u00f3\u0142owy harmonogram i zakres tematyczny warsztat\u00f3w znajduje si\u0119 pod linkiem:<\/span><\/p>\n<p dir=\"ltr\"><span style=\"color: #000080;\"><strong><a style=\"color: #000080;\" href=\"https:\/\/www.giganciprogramowania.edu.pl\/images\/biuletyny\/wakacje-z-gigantami\/Wakacje_z_Gigantami_Scratch.pdf\" rel=\"noopener\" data-saferedirecturl=\"https:\/\/zasobygwp.pl\/redirect?sig=5b6286ad7866ba84e10729ee53ceb0a370eddc61b5239bf35d0985f28879d46a&amp;url=aHR0cHM6Ly93d3cuZ2lnYW5jaXByb2dyYW1vd2FuaWEuZWR1LnBsL2ltYWdlcy9iaXVsZXR5bnkvd2FrYWNqZS16LWdpZ2FudGFtaS9XYWthY2plX3pfR2lnYW50YW1pX1NjcmF0Y2gucGRm&amp;platform=desktop&amp;brand=wp\">&gt;&gt;WAKACJE Z GIGANTAMI: SCRATCH, 9 &#8211; 12 LAT&gt;&gt;<\/a><\/strong><\/span><\/p>\n<p dir=\"ltr\"><span style=\"color: #000080;\"><strong><a style=\"color: #000080;\" href=\"https:\/\/www.giganciprogramowania.edu.pl\/images\/biuletyny\/wakacje-z-gigantami\/Wakacje_z_Gigantami_Python.pdf\" rel=\"noopener\" data-saferedirecturl=\"https:\/\/zasobygwp.pl\/redirect?sig=382313a4b80fa716c3b9ff989a40be4c908c93fc2c9fd8fbb9b4dc058f286982&amp;url=aHR0cHM6Ly93d3cuZ2lnYW5jaXByb2dyYW1vd2FuaWEuZWR1LnBsL2ltYWdlcy9iaXVsZXR5bnkvd2FrYWNqZS16LWdpZ2FudGFtaS9XYWthY2plX3pfR2lnYW50YW1pX1B5dGhvbi5wZGY=&amp;platform=desktop&amp;brand=wp\">&gt;&gt;WAKACJE Z GIGANTAMI: PYTHON, 13 &#8211; 18 LAT&gt;&gt;<\/a><\/strong><\/span><\/p>\n<p dir=\"ltr\"><span style=\"color: #000080;\"><strong>Warsztaty s\u0105 ca\u0142kowicie bezp\u0142atne<\/strong>&nbsp;i b\u0119d\u0105 prowadzone&nbsp;<strong>w formie webinaru<\/strong>. Ka\u017cde spotkanie trwa 2 godziny lekcyjne (1,5 h).<\/span><\/p>\n<p><span style=\"color: #000080;\"><strong>Warunkiem wzi\u0119cia udzia\u0142u w warsztatach jest rejestracja<\/strong>&nbsp;oraz wybranie docelowej grupy dla ucznia poprzez poni\u017cszy formularz:<\/span><\/p>\n<p dir=\"ltr\"><span style=\"color: #000080;\"><strong><a style=\"color: #000080;\" href=\"https:\/\/giganciprogramowaniaformularz.edu.pl\/app\/WakacjeZGigantami\" rel=\"noopener\" data-saferedirecturl=\"https:\/\/zasobygwp.pl\/redirect?sig=aa35f75c30ff1d93649c5187149e217f8363c5d86655cb3040c0f0dbf8cfa7e4&amp;url=aHR0cHM6Ly9naWdhbmNpcHJvZ3JhbW93YW5pYWZvcm11bGFyei5lZHUucGwvYXBwL1dha2FjamVaR2lnYW50YW1p&amp;platform=desktop&amp;brand=wp\">&gt;&gt;FORMULARZ ZAPISU&lt;&lt;<\/a><\/strong><\/span><\/p>\n<p dir=\"ltr\"><span style=\"color: #000080;\">Projekt organizowany jest przez szko\u0142\u0119&nbsp;<strong>Giganci Programowania<\/strong>, oferuj\u0105ca od ponad 5 lat kursy programowania dla dzieci i m\u0142odzie\u017cy. Trenerzy prowadz\u0105cy zaj\u0119cia to do\u015bwiadczeni i aktywni zawodowo programi\u015bci oraz specjali\u015bci ds. cyberbezpiecze\u0144stwa.<\/span><\/p>\n<p>&nbsp;<\/p>\n<p dir=\"ltr\">&nbsp;<\/p>\n<p>&nbsp;<\/p>\n<p>&nbsp;<\/p>\n<p dir=\"ltr\">&nbsp;<\/p>\n<p>&nbsp;<\/p>\n<p dir=\"ltr\">&nbsp;<\/p>\n","protected":false},"excerpt":{"rendered":"<p>W trakcie letniej przerwy od zaj\u0119\u0107 lekcyjnych Giganci Programowania&nbsp; serdecznie zapraszaj\u0105 wszystkich uczni\u00f3w&nbsp; do wzi\u0119cia udzia\u0142u w programie \u201cWakacje z Gigantami\u201d, czyli&nbsp;darmowych lekcjach programowania&nbsp;dla uczni\u00f3w szk\u00f3\u0142 podstawowych i ponadpodstawowych.&nbsp; \u201cWakacje z Gigantami\u201d&nbsp;to&nbsp;cykl 5-ciu zaj\u0119\u0107 online&nbsp;w formie&nbsp;webinaru, kt\u00f3re szczeg\u00f3lnie mog\u0105 zainteresowa\u0107 uczni\u00f3w lubi\u0105cych nowe technologie i chc\u0105cych rozpocz\u0105\u0107 przygod\u0119 z programowaniem&nbsp;w trakcie przerwy wakacyjnej.&nbsp; \u201cWakacje z [&hellip;]<\/p>\n","protected":false},"author":2,"featured_media":0,"parent":2167,"menu_order":0,"comment_status":"closed","ping_status":"closed","template":"","meta":{"ngg_post_thumbnail":0,"footnotes":""},"class_list":["post-5855","page","type-page","status-publish","hentry"],"_links":{"self":[{"href":"https:\/\/sp1hrubieszow.pl\/index.php\/wp-json\/wp\/v2\/pages\/5855","targetHints":{"allow":["GET"]}}],"collection":[{"href":"https:\/\/sp1hrubieszow.pl\/index.php\/wp-json\/wp\/v2\/pages"}],"about":[{"href":"https:\/\/sp1hrubieszow.pl\/index.php\/wp-json\/wp\/v2\/types\/page"}],"author":[{"embeddable":true,"href":"https:\/\/sp1hrubieszow.pl\/index.php\/wp-json\/wp\/v2\/users\/2"}],"replies":[{"embeddable":true,"href":"https:\/\/sp1hrubieszow.pl\/index.php\/wp-json\/wp\/v2\/comments?post=5855"}],"version-history":[{"count":1,"href":"https:\/\/sp1hrubieszow.pl\/index.php\/wp-json\/wp\/v2\/pages\/5855\/revisions"}],"predecessor-version":[{"id":5856,"href":"https:\/\/sp1hrubieszow.pl\/index.php\/wp-json\/wp\/v2\/pages\/5855\/revisions\/5856"}],"up":[{"embeddable":true,"href":"https:\/\/sp1hrubieszow.pl\/index.php\/wp-json\/wp\/v2\/pages\/2167"}],"wp:attachment":[{"href":"https:\/\/sp1hrubieszow.pl\/index.php\/wp-json\/wp\/v2\/media?parent=5855"}],"curies":[{"name":"wp","href":"https:\/\/api.w.org\/{rel}","templated":true}]}}