{"id":5841,"date":"2020-07-01T19:33:55","date_gmt":"2020-07-01T17:33:55","guid":{"rendered":"http:\/\/sp1.hrubieszow.info\/?page_id=5841"},"modified":"2020-07-01T19:37:27","modified_gmt":"2020-07-01T17:37:27","slug":"zapraszamy-uczniow-do-udzialu-w-ogolnopolskich-konkursach-profilaktycznych-pod-patronatem-zachowaj-trzezwy-umysl","status":"publish","type":"page","link":"https:\/\/sp1hrubieszow.pl\/index.php\/kronika-2019-2020\/zapraszamy-uczniow-do-udzialu-w-ogolnopolskich-konkursach-profilaktycznych-pod-patronatem-zachowaj-trzezwy-umysl\/","title":{"rendered":"Zapraszamy uczni\u00f3w do udzia\u0142u w  og\u00f3lnopolskich konkursach profilaktycznych pod patronatem Zachowaj Trze\u017awy Umys\u0142."},"content":{"rendered":"\n<p><span style=\"color: #000080;\"><img loading=\"lazy\" decoding=\"async\" class=\"size-medium wp-image-5843 alignright\" src=\"http:\/\/sp1.hrubieszow.info\/wp-content\/uploads\/2020\/07\/zachowaj_trzezwy_umysl-300x251.jpg\" alt=\"\" width=\"300\" height=\"251\" srcset=\"https:\/\/sp1hrubieszow.pl\/wp-content\/uploads\/2020\/07\/zachowaj_trzezwy_umysl-300x251.jpg 300w, https:\/\/sp1hrubieszow.pl\/wp-content\/uploads\/2020\/07\/zachowaj_trzezwy_umysl-768x643.jpg 768w, https:\/\/sp1hrubieszow.pl\/wp-content\/uploads\/2020\/07\/zachowaj_trzezwy_umysl-624x523.jpg 624w, https:\/\/sp1hrubieszow.pl\/wp-content\/uploads\/2020\/07\/zachowaj_trzezwy_umysl.jpg 931w\" sizes=\"auto, (max-width: 300px) 100vw, 300px\" \/><\/span><\/p>\n<p><span style=\"color: #000080;\">Okres wakacyjny sprzyja tw\u00f3rczo\u015bci i obfituje w wolny czas. Dlatego oferujemy uczniom udzia\u0142 w ciekawych konkursach profilaktycznych pod patronatem ZTU.<\/span><br><br><strong><span style=\"color: #000080;\">W 2020 roku uczniowie mog\u0105 wzi\u0105\u0107 udzia\u0142 w 3 konkursach indywidualnych:<\/span><\/strong><br><span style=\"color: #000080;\">-Wehiku\u0142 czasu &#8211; konkurs plastyczno-literacki,<\/span><br><span style=\"color: #000080;\">-Rozwi\u0105\u017c krzy\u017c\u00f3wk\u0119 &#8211; konkurs krzy\u017c\u00f3wkowy,<\/span><br><span style=\"color: #000080;\">-Sport to zdrowie &#8211; poczt\u00f3wka dla przyjaciela &#8211; konkurs poczt\u00f3wkowy.<\/span><br><br><span style=\"color: #000080;\">Wprowadzono mo\u017cliwo\u015b\u0107 wysy\u0142ania prac konkursowych drog\u0105 elektroniczn\u0105. Dzi\u0119ki temu uczniowie mog\u0105 przygotowa\u0107 swoje prace w domu, zrobi\u0107 zdj\u0119cie telefonem i wys\u0142a\u0107 na adresy e-mail:<\/span><br><span style=\"color: #000080;\">Konkurs Wehiku\u0142 czasu &#8211; e-mail: wehikul@trzezwyumysl.pl<\/span><br><span style=\"color: #000080;\">Konkurs Rozwi\u0105\u017c krzy\u017c\u00f3wk\u0119 &#8211; e-mail: &nbsp;krzyzowka2020@trzezwyumysl.pl &nbsp;<\/span><br><span style=\"color: #000080;\">Konkurs Sport to zdrowie &#8211; poczt\u00f3wka dla przyjaciela<\/span><br><span style=\"color: #000080;\">&#8211; e-mail: pocztowka@trzezwyumysl.pl<\/span><br><br><span style=\"color: #000080;\">2. Przed\u0142u\u017cono terminy przysy\u0142ania prac na konkursy Wehiku\u0142 czasu, Rozwi\u0105\u017c krzy\u017c\u00f3wk\u0119 oraz Sport to zdrowie &#8211; poczt\u00f3wka dla przyjaciela <strong>do 30 wrze\u015bnia 2020 roku.<\/strong><\/span><\/p>\n<p><span style=\"color: #000080;\">Zach\u0119camy do wykonania i przes\u0142ania prac pod wskazany adres email, w zale\u017cno\u015bci od wybranego konkursu. Za\u0142\u0105czamy regulaminy wszystkich konkurs\u00f3w oraz wzory zgody rodzica, niezb\u0119dnej do udzia\u0142u w ka\u017cdym z wymienionych konkurs\u00f3w. Do pobrania tak\u017ce wersja pdf krzy\u017c\u00f3wki i poczt\u00f3wki dla przyjaciela. Powodzenia!<\/span><\/p>\n<p><a href=\"http:\/\/sp1.hrubieszow.info\/wp-content\/uploads\/2020\/07\/Konkurs-krzyz\u00f3wkowy.pdf\"><strong><span style=\"color: #000080;\">Konkurs-krzyz\u00f3wkowy<\/span><\/strong><\/a><\/p>\n<p><strong><span style=\"color: #000080;\"><a style=\"color: #000080;\" href=\"http:\/\/sp1.hrubieszow.info\/wp-content\/uploads\/2020\/07\/pocztowka_DIY.pdf\">pocztowka_DIY<\/a><\/span><\/strong><\/p>\n<p><strong><span style=\"color: #000080;\"><a style=\"color: #000080;\" href=\"http:\/\/sp1.hrubieszow.info\/wp-content\/uploads\/2020\/07\/regulaminy_aktualizacja_20.04.2020.pdf\">regulaminy_aktualizacja_20.04.2020<\/a><\/span><\/strong><\/p>\n<p><strong><span style=\"color: #000080;\"><a style=\"color: #000080;\" href=\"http:\/\/sp1.hrubieszow.info\/wp-content\/uploads\/2020\/07\/Wyra\u017cenie-zgody-na-udzia\u0142-w-konkursie-Rozwia\u017c-krzy\u017c\u00f3wk\u0119.pdf\">Wyra\u017cenie-zgody-na-udzia\u0142-w-konkursie-Rozwia\u017c-krzy\u017c\u00f3wk\u0119<\/a><\/span><\/strong><\/p>\n<p><strong><span style=\"color: #000080;\"><a style=\"color: #000080;\" href=\"http:\/\/sp1.hrubieszow.info\/wp-content\/uploads\/2020\/07\/Wyra\u017cenie-zgody-na-udzia\u0142-w-konkursie-Sport-to-zdrowie-poczt\u00f3wka-dla-przyjaciela-Kopia.pdf\">Wyra\u017cenie-zgody-na-udzia\u0142-w-konkursie-Sport-to-zdrowie-poczt\u00f3wka-dla-przyjaciela-Kopia<\/a><\/span><\/strong><\/p>\n<p><strong><span style=\"color: #000080;\"><a style=\"color: #000080;\" href=\"http:\/\/sp1.hrubieszow.info\/wp-content\/uploads\/2020\/07\/Wyra\u017cenie-zgody-na-udzia\u0142-w-konkursie-Wehiku\u0142-czasu.pdf\">Wyra\u017cenie-zgody-na-udzia\u0142-w-konkursie-Wehiku\u0142-czasu<\/a><\/span><\/strong><\/p>\n","protected":false},"excerpt":{"rendered":"<p>Okres wakacyjny sprzyja tw\u00f3rczo\u015bci i obfituje w wolny czas. Dlatego oferujemy uczniom udzia\u0142 w ciekawych konkursach profilaktycznych pod patronatem ZTU. W 2020 roku uczniowie mog\u0105 wzi\u0105\u0107 udzia\u0142 w 3 konkursach indywidualnych:-Wehiku\u0142 czasu &#8211; konkurs plastyczno-literacki,-Rozwi\u0105\u017c krzy\u017c\u00f3wk\u0119 &#8211; konkurs krzy\u017c\u00f3wkowy,-Sport to zdrowie &#8211; poczt\u00f3wka dla przyjaciela &#8211; konkurs poczt\u00f3wkowy. Wprowadzono mo\u017cliwo\u015b\u0107 wysy\u0142ania prac konkursowych drog\u0105 elektroniczn\u0105. [&hellip;]<\/p>\n","protected":false},"author":2,"featured_media":0,"parent":2167,"menu_order":0,"comment_status":"closed","ping_status":"closed","template":"","meta":{"ngg_post_thumbnail":0,"footnotes":""},"class_list":["post-5841","page","type-page","status-publish","hentry"],"_links":{"self":[{"href":"https:\/\/sp1hrubieszow.pl\/index.php\/wp-json\/wp\/v2\/pages\/5841","targetHints":{"allow":["GET"]}}],"collection":[{"href":"https:\/\/sp1hrubieszow.pl\/index.php\/wp-json\/wp\/v2\/pages"}],"about":[{"href":"https:\/\/sp1hrubieszow.pl\/index.php\/wp-json\/wp\/v2\/types\/page"}],"author":[{"embeddable":true,"href":"https:\/\/sp1hrubieszow.pl\/index.php\/wp-json\/wp\/v2\/users\/2"}],"replies":[{"embeddable":true,"href":"https:\/\/sp1hrubieszow.pl\/index.php\/wp-json\/wp\/v2\/comments?post=5841"}],"version-history":[{"count":2,"href":"https:\/\/sp1hrubieszow.pl\/index.php\/wp-json\/wp\/v2\/pages\/5841\/revisions"}],"predecessor-version":[{"id":5844,"href":"https:\/\/sp1hrubieszow.pl\/index.php\/wp-json\/wp\/v2\/pages\/5841\/revisions\/5844"}],"up":[{"embeddable":true,"href":"https:\/\/sp1hrubieszow.pl\/index.php\/wp-json\/wp\/v2\/pages\/2167"}],"wp:attachment":[{"href":"https:\/\/sp1hrubieszow.pl\/index.php\/wp-json\/wp\/v2\/media?parent=5841"}],"curies":[{"name":"wp","href":"https:\/\/api.w.org\/{rel}","templated":true}]}}