{"id":5775,"date":"2020-06-26T06:20:28","date_gmt":"2020-06-26T04:20:28","guid":{"rendered":"http:\/\/sp1.hrubieszow.info\/?page_id=5775"},"modified":"2020-06-26T06:30:21","modified_gmt":"2020-06-26T04:30:21","slug":"zyczenia-na-zakonczenie-roku-szkolnego","status":"publish","type":"page","link":"https:\/\/sp1hrubieszow.pl\/index.php\/kronika-2019-2020\/zyczenia-na-zakonczenie-roku-szkolnego\/","title":{"rendered":"\u017byczenia na zako\u0144czenie roku szkolnego"},"content":{"rendered":"\n<p><img loading=\"lazy\" decoding=\"async\" class=\"alignnone size-medium wp-image-5773\" src=\"http:\/\/sp1.hrubieszow.info\/wp-content\/uploads\/2020\/06\/ZAKONCZENIE_ROKU_SZKOLNEGO-300x162.jpg\" alt=\"\" width=\"300\" height=\"162\" srcset=\"https:\/\/sp1hrubieszow.pl\/wp-content\/uploads\/2020\/06\/ZAKONCZENIE_ROKU_SZKOLNEGO-300x162.jpg 300w, https:\/\/sp1hrubieszow.pl\/wp-content\/uploads\/2020\/06\/ZAKONCZENIE_ROKU_SZKOLNEGO-768x414.jpg 768w, https:\/\/sp1hrubieszow.pl\/wp-content\/uploads\/2020\/06\/ZAKONCZENIE_ROKU_SZKOLNEGO-624x336.jpg 624w, https:\/\/sp1hrubieszow.pl\/wp-content\/uploads\/2020\/06\/ZAKONCZENIE_ROKU_SZKOLNEGO.jpg 800w\" sizes=\"auto, (max-width: 300px) 100vw, 300px\" \/><\/p>\n<p style=\"text-align: center;\"><strong><span style=\"color: #000080;\">Kochani Uczniowie,&nbsp; \u017cycz\u0119 Wam udanych, radosnych , pe\u0142nych wra\u017ce\u0144, szcz\u0119\u015bliwych wakacji.<\/span><\/strong><br><span style=\"color: #000080;\">Ciesz\u0105c si\u0119 nimi nie zapominajcie o bezpiecze\u0144stwie, zdrowiu i przestrzeganiu zasad dobrego wychowania.<\/span><br><span style=\"color: #000080;\">Dla niekt\u00f3rych z Was zako\u0144czy si\u0119 pewien etap w \u017cyciu. Niech ten kolejny wa\u017cny czas, b\u0119dzie sukcesem, rozwija Wasz\u0105 wiedz\u0119 i pozwoli zrealizowa\u0107 zamierzone cele.<\/span><br><span style=\"color: #000080;\">Nauczycielom, Wsp\u00f3\u0142pracownikom i Rodzicom \u017cycz\u0119 udanego wypoczynku \u2013 wszystkim, za wszystko serdecznie dzi\u0119kuj\u0119 i do zobaczenia w nowym roku szkolnym .<\/span><\/p>\n<p style=\"text-align: right;\"><br><span style=\"color: #000080;\">Dyrektor szko\u0142y <\/span><br><span style=\"color: #000080;\">Edyta Kucharska<\/span><\/p>\n<p><span style=\"color: #000080;\">Prezentacja dla uczni\u00f3w klas 8<\/span><\/p>\n<p><a href=\"https:\/\/biteable.com\/watch\/zakoczenie-klasa-8-copy-2632251?fbclid=IwAR2vG2K72JtCUlusSb88rv5oFcbPhjyNFHpF8n8_6ic_4Y8z4kjvNsSpuu4\"><strong><span style=\"color: #000080;\">https:\/\/biteable.com\/watch\/zakoczenie-klasa-8-copy-2632251?fbclid=IwAR2vG2K72JtCUlusSb88rv5oFcbPhjyNFHpF8n8_6ic_4Y8z4kjvNsSpuu4<\/span><\/strong><\/a><\/p>\n<p><span style=\"color: #000080;\">Prezentacja dla uczni\u00f3w&nbsp;<\/span><\/p>\n<p><a href=\"https:\/\/biteable.com\/watch\/podsumowanie-2633586?fbclid=IwAR078jjhPyg1ALHurfacY6bZJR4oezu4t_M2Kq6TDy1peAjjLUBuZWZqwwA\"><strong><span style=\"color: #000080;\">https:\/\/biteable.com\/watch\/podsumowanie-2633586?fbclid=IwAR078jjhPyg1ALHurfacY6bZJR4oezu4t_M2Kq6TDy1peAjjLUBuZWZqwwA<\/span><\/strong><\/a><\/p>\n<p><span style=\"color: #000080;\">Wakacyjny rozk\u0142ad jazdy &#8211; do wakacyjnych postanowie\u0144&nbsp;<\/span><\/p>\nngg_shortcode_0_placeholder\n<p>&nbsp;<\/p>\n<p>&nbsp;<\/p>\n","protected":false},"excerpt":{"rendered":"<p>Kochani Uczniowie,&nbsp; \u017cycz\u0119 Wam udanych, radosnych , pe\u0142nych wra\u017ce\u0144, szcz\u0119\u015bliwych wakacji.Ciesz\u0105c si\u0119 nimi nie zapominajcie o bezpiecze\u0144stwie, zdrowiu i przestrzeganiu zasad dobrego wychowania.Dla niekt\u00f3rych z Was zako\u0144czy si\u0119 pewien etap w \u017cyciu. Niech ten kolejny wa\u017cny czas, b\u0119dzie sukcesem, rozwija Wasz\u0105 wiedz\u0119 i pozwoli zrealizowa\u0107 zamierzone cele.Nauczycielom, Wsp\u00f3\u0142pracownikom i Rodzicom \u017cycz\u0119 udanego wypoczynku \u2013 wszystkim, [&hellip;]<\/p>\n","protected":false},"author":2,"featured_media":0,"parent":2167,"menu_order":0,"comment_status":"closed","ping_status":"closed","template":"","meta":{"ngg_post_thumbnail":0,"footnotes":""},"class_list":["post-5775","page","type-page","status-publish","hentry"],"_links":{"self":[{"href":"https:\/\/sp1hrubieszow.pl\/index.php\/wp-json\/wp\/v2\/pages\/5775","targetHints":{"allow":["GET"]}}],"collection":[{"href":"https:\/\/sp1hrubieszow.pl\/index.php\/wp-json\/wp\/v2\/pages"}],"about":[{"href":"https:\/\/sp1hrubieszow.pl\/index.php\/wp-json\/wp\/v2\/types\/page"}],"author":[{"embeddable":true,"href":"https:\/\/sp1hrubieszow.pl\/index.php\/wp-json\/wp\/v2\/users\/2"}],"replies":[{"embeddable":true,"href":"https:\/\/sp1hrubieszow.pl\/index.php\/wp-json\/wp\/v2\/comments?post=5775"}],"version-history":[{"count":4,"href":"https:\/\/sp1hrubieszow.pl\/index.php\/wp-json\/wp\/v2\/pages\/5775\/revisions"}],"predecessor-version":[{"id":5787,"href":"https:\/\/sp1hrubieszow.pl\/index.php\/wp-json\/wp\/v2\/pages\/5775\/revisions\/5787"}],"up":[{"embeddable":true,"href":"https:\/\/sp1hrubieszow.pl\/index.php\/wp-json\/wp\/v2\/pages\/2167"}],"wp:attachment":[{"href":"https:\/\/sp1hrubieszow.pl\/index.php\/wp-json\/wp\/v2\/media?parent=5775"}],"curies":[{"name":"wp","href":"https:\/\/api.w.org\/{rel}","templated":true}]}}