{"id":5769,"date":"2020-06-25T15:44:44","date_gmt":"2020-06-25T13:44:44","guid":{"rendered":"http:\/\/sp1.hrubieszow.info\/?page_id=5769"},"modified":"2020-06-25T15:45:18","modified_gmt":"2020-06-25T13:45:18","slug":"list-ministra-edukacji-narodowej","status":"publish","type":"page","link":"https:\/\/sp1hrubieszow.pl\/index.php\/kronika-2019-2020\/list-ministra-edukacji-narodowej\/","title":{"rendered":"List Ministra Edukacji Narodowej"},"content":{"rendered":"\n<p><span style=\"color: #000080;\">Przekazujemy list Ministra Edukacji Narodowej z okazji zako\u0144czenia zaj\u0119\u0107 dydaktyczno-wychowawczych w roku szkolnym 2019\/2020.<\/span><\/p>\n<p><span style=\"color: #000080;\"><strong><a style=\"color: #000080;\" href=\"http:\/\/sp1.hrubieszow.info\/wp-content\/uploads\/2020\/06\/List_MDP_zakonczenie_roku_szkolnego_2019-2020.pdf\">List_MDP_zakonczenie_roku_szkolnego_2019-2020<\/a><\/strong><\/span><\/p>\n","protected":false},"excerpt":{"rendered":"<p>Przekazujemy list Ministra Edukacji Narodowej z okazji zako\u0144czenia zaj\u0119\u0107 dydaktyczno-wychowawczych w roku szkolnym 2019\/2020. List_MDP_zakonczenie_roku_szkolnego_2019-2020<\/p>\n","protected":false},"author":2,"featured_media":0,"parent":2167,"menu_order":0,"comment_status":"closed","ping_status":"closed","template":"","meta":{"ngg_post_thumbnail":0,"footnotes":""},"class_list":["post-5769","page","type-page","status-publish","hentry"],"_links":{"self":[{"href":"https:\/\/sp1hrubieszow.pl\/index.php\/wp-json\/wp\/v2\/pages\/5769","targetHints":{"allow":["GET"]}}],"collection":[{"href":"https:\/\/sp1hrubieszow.pl\/index.php\/wp-json\/wp\/v2\/pages"}],"about":[{"href":"https:\/\/sp1hrubieszow.pl\/index.php\/wp-json\/wp\/v2\/types\/page"}],"author":[{"embeddable":true,"href":"https:\/\/sp1hrubieszow.pl\/index.php\/wp-json\/wp\/v2\/users\/2"}],"replies":[{"embeddable":true,"href":"https:\/\/sp1hrubieszow.pl\/index.php\/wp-json\/wp\/v2\/comments?post=5769"}],"version-history":[{"count":1,"href":"https:\/\/sp1hrubieszow.pl\/index.php\/wp-json\/wp\/v2\/pages\/5769\/revisions"}],"predecessor-version":[{"id":5770,"href":"https:\/\/sp1hrubieszow.pl\/index.php\/wp-json\/wp\/v2\/pages\/5769\/revisions\/5770"}],"up":[{"embeddable":true,"href":"https:\/\/sp1hrubieszow.pl\/index.php\/wp-json\/wp\/v2\/pages\/2167"}],"wp:attachment":[{"href":"https:\/\/sp1hrubieszow.pl\/index.php\/wp-json\/wp\/v2\/media?parent=5769"}],"curies":[{"name":"wp","href":"https:\/\/api.w.org\/{rel}","templated":true}]}}