{"id":5759,"date":"2020-06-24T18:50:28","date_gmt":"2020-06-24T16:50:28","guid":{"rendered":"http:\/\/sp1.hrubieszow.info\/?page_id=5759"},"modified":"2020-06-24T18:50:54","modified_gmt":"2020-06-24T16:50:54","slug":"projekt-lekcje-z-emocjami-jak-dbac-o-swoj-nastroj","status":"publish","type":"page","link":"https:\/\/sp1hrubieszow.pl\/index.php\/kronika-2019-2020\/projekt-lekcje-z-emocjami-jak-dbac-o-swoj-nastroj\/","title":{"rendered":"Projekt &#8222;Lekcje z emocjami. Jak dba\u0107 o sw\u00f3j nastr\u00f3j?&#8221;"},"content":{"rendered":"\n<p style=\"text-align: left;\"><span style=\"color: #000080;\">W roku szkolnym 2019\/2020 uczniowie klasy 6a i 7c realizowali projekt &#8222;Lekcje z emocjami. Jak dba\u0107 o sw\u00f3j nastr\u00f3j?&#8221; zorganizowany przez Fundacj\u0119 Uniwersytet Dzieci. Podczas zaj\u0119\u0107 uczniowie rozwijali swoj\u0105 empati\u0119, samo\u015bwiadomo\u015b\u0107 oraz poznawali sposoby akceptowania trudnych odczu\u0107. W ramach projektu w ka\u017cdej klasie zosta\u0142o zrealizowanych 6 lekcji &#8211; cz\u0119\u015b\u0107 z nich w ramach edukacji zdalnej. Zaj\u0119cia prowadzone by\u0142y w oparciu o otrzymane scenariusze, kt\u00f3re nauczyciel mia\u0142 obowi\u0105zek oceni\u0107 oraz zredagowa\u0107 notatk\u0119 na temat przeprowadzonych zaj\u0119\u0107. Po zako\u0144czeniu projektu klasy otrzyma\u0142y dyplomy uczestnictwa w projekcie, a wychowawcy otrzymali certyfikaty. <\/span><br><span style=\"color: #000080;\">Mamy nadziej\u0119, \u017ce dzi\u0119ki projektowi uczniowie poznali warto\u015b\u0107 i rol\u0119 r\u00f3\u017cnych uczu\u0107. W przysz\u0142ym roku szkolnym tak\u017ce chcieliby\u015bmy realizowa\u0107 kolejny projekt zaproponowany przez fundacj\u0119. <\/span><\/p>\n<p style=\"text-align: right;\"><br><span style=\"color: #000080;\">p. Arleta Kowalska i p. Marta Lackowska <\/span><br><span style=\"color: #000080;\">szkolni koordynatorzy projektu<\/span><\/p>\nngg_shortcode_0_placeholder\n","protected":false},"excerpt":{"rendered":"<p>W roku szkolnym 2019\/2020 uczniowie klasy 6a i 7c realizowali projekt &#8222;Lekcje z emocjami. Jak dba\u0107 o sw\u00f3j nastr\u00f3j?&#8221; zorganizowany przez Fundacj\u0119 Uniwersytet Dzieci. Podczas zaj\u0119\u0107 uczniowie rozwijali swoj\u0105 empati\u0119, samo\u015bwiadomo\u015b\u0107 oraz poznawali sposoby akceptowania trudnych odczu\u0107. W ramach projektu w ka\u017cdej klasie zosta\u0142o zrealizowanych 6 lekcji &#8211; cz\u0119\u015b\u0107 z nich w ramach edukacji zdalnej. [&hellip;]<\/p>\n","protected":false},"author":2,"featured_media":0,"parent":2167,"menu_order":0,"comment_status":"closed","ping_status":"closed","template":"","meta":{"ngg_post_thumbnail":0,"footnotes":""},"class_list":["post-5759","page","type-page","status-publish","hentry"],"_links":{"self":[{"href":"https:\/\/sp1hrubieszow.pl\/index.php\/wp-json\/wp\/v2\/pages\/5759","targetHints":{"allow":["GET"]}}],"collection":[{"href":"https:\/\/sp1hrubieszow.pl\/index.php\/wp-json\/wp\/v2\/pages"}],"about":[{"href":"https:\/\/sp1hrubieszow.pl\/index.php\/wp-json\/wp\/v2\/types\/page"}],"author":[{"embeddable":true,"href":"https:\/\/sp1hrubieszow.pl\/index.php\/wp-json\/wp\/v2\/users\/2"}],"replies":[{"embeddable":true,"href":"https:\/\/sp1hrubieszow.pl\/index.php\/wp-json\/wp\/v2\/comments?post=5759"}],"version-history":[{"count":1,"href":"https:\/\/sp1hrubieszow.pl\/index.php\/wp-json\/wp\/v2\/pages\/5759\/revisions"}],"predecessor-version":[{"id":5760,"href":"https:\/\/sp1hrubieszow.pl\/index.php\/wp-json\/wp\/v2\/pages\/5759\/revisions\/5760"}],"up":[{"embeddable":true,"href":"https:\/\/sp1hrubieszow.pl\/index.php\/wp-json\/wp\/v2\/pages\/2167"}],"wp:attachment":[{"href":"https:\/\/sp1hrubieszow.pl\/index.php\/wp-json\/wp\/v2\/media?parent=5759"}],"curies":[{"name":"wp","href":"https:\/\/api.w.org\/{rel}","templated":true}]}}