{"id":5739,"date":"2020-06-23T22:05:14","date_gmt":"2020-06-23T20:05:14","guid":{"rendered":"http:\/\/sp1.hrubieszow.info\/?page_id=5739"},"modified":"2020-06-23T22:06:52","modified_gmt":"2020-06-23T20:06:52","slug":"kangur-matematyczny-2020-wyniki","status":"publish","type":"page","link":"https:\/\/sp1hrubieszow.pl\/index.php\/kronika-2019-2020\/kangur-matematyczny-2020-wyniki\/","title":{"rendered":"KANGUR  MATEMATYCZNY 2020- WYNIKI"},"content":{"rendered":"\n<p><span style=\"color: #000080;\"><img loading=\"lazy\" decoding=\"async\" class=\"alignnone size-medium wp-image-5741\" src=\"http:\/\/sp1.hrubieszow.info\/wp-content\/uploads\/2020\/06\/16kangur-300x200.jpg\" alt=\"\" width=\"300\" height=\"200\" srcset=\"https:\/\/sp1hrubieszow.pl\/wp-content\/uploads\/2020\/06\/16kangur-300x200.jpg 300w, https:\/\/sp1hrubieszow.pl\/wp-content\/uploads\/2020\/06\/16kangur.jpg 560w\" sizes=\"auto, (max-width: 300px) 100vw, 300px\" \/><\/span><\/p>\n<p><span style=\"color: #000080;\">Z pocz\u0105tkiem czerwca uczniowie naszej szko\u0142y brali udzia\u0142 w Mi\u0119dzynarodowym Konkursie Matematycznym \u201eKangur Matematyczny\u201d.<\/span><\/p>\n<p style=\"text-align: center;\"><strong><span style=\"color: #000080;\">Znamy ju\u017c wyniki!<\/span><\/strong><\/p>\n<p style=\"text-align: center;\"><span style=\"color: #000080;\">W kategorii &nbsp;\u201c\u017baczek\u201d (klasa 2 SP) najlepszy wynik uzyska\u0142 ucze\u0144 klasy 1 <strong>Rados\u0142aw Borz\u0119cki<\/strong>.<\/span><\/p>\n<p style=\"text-align: center;\"><br><span style=\"color: #000080;\">W kategorii \u201cMaluch\u201d wyr\u00f3\u017cnienia uzyska\u0142y: <strong>Lidia Grab<\/strong> i <strong>Nikola Nowak<\/strong>.<\/span><\/p>\n<p style=\"text-align: center;\"><br><span style=\"color: #000080;\">W kategorii \u201cBeniamin\u201d wyr\u00f3\u017cnienia otrzymali:&nbsp; <strong>Wiktoria Zaj\u0105c<\/strong>, <strong>Pawe\u0142 Stankiewicz<\/strong><\/span><\/p>\n<p style=\"text-align: center;\"><span style=\"color: #000080;\">oraz <strong>Aleksandra Rz\u0105d<\/strong>.<\/span><\/p>\n<p style=\"text-align: center;\"><br><span style=\"color: #000080;\">W kategorii &nbsp;\u201cKadet\u201d wyr\u00f3\u017cnienie uzyska\u0142: <strong>Maciej Rz\u0105d.<\/strong><\/span><\/p>\n<p style=\"text-align: center;\"><span style=\"color: #000080;\">Uczniom GRATULUJEMY sukcesu:)<\/span><\/p>\n<p><span style=\"color: #000080;\"><strong>&nbsp;<\/strong><\/span><\/p>\n","protected":false},"excerpt":{"rendered":"<p>Z pocz\u0105tkiem czerwca uczniowie naszej szko\u0142y brali udzia\u0142 w Mi\u0119dzynarodowym Konkursie Matematycznym \u201eKangur Matematyczny\u201d. Znamy ju\u017c wyniki! W kategorii &nbsp;\u201c\u017baczek\u201d (klasa 2 SP) najlepszy wynik uzyska\u0142 ucze\u0144 klasy 1 Rados\u0142aw Borz\u0119cki. W kategorii \u201cMaluch\u201d wyr\u00f3\u017cnienia uzyska\u0142y: Lidia Grab i Nikola Nowak. W kategorii \u201cBeniamin\u201d wyr\u00f3\u017cnienia otrzymali:&nbsp; Wiktoria Zaj\u0105c, Pawe\u0142 Stankiewicz oraz Aleksandra Rz\u0105d. W kategorii [&hellip;]<\/p>\n","protected":false},"author":2,"featured_media":0,"parent":2167,"menu_order":0,"comment_status":"closed","ping_status":"closed","template":"","meta":{"ngg_post_thumbnail":0,"footnotes":""},"class_list":["post-5739","page","type-page","status-publish","hentry"],"_links":{"self":[{"href":"https:\/\/sp1hrubieszow.pl\/index.php\/wp-json\/wp\/v2\/pages\/5739","targetHints":{"allow":["GET"]}}],"collection":[{"href":"https:\/\/sp1hrubieszow.pl\/index.php\/wp-json\/wp\/v2\/pages"}],"about":[{"href":"https:\/\/sp1hrubieszow.pl\/index.php\/wp-json\/wp\/v2\/types\/page"}],"author":[{"embeddable":true,"href":"https:\/\/sp1hrubieszow.pl\/index.php\/wp-json\/wp\/v2\/users\/2"}],"replies":[{"embeddable":true,"href":"https:\/\/sp1hrubieszow.pl\/index.php\/wp-json\/wp\/v2\/comments?post=5739"}],"version-history":[{"count":2,"href":"https:\/\/sp1hrubieszow.pl\/index.php\/wp-json\/wp\/v2\/pages\/5739\/revisions"}],"predecessor-version":[{"id":5742,"href":"https:\/\/sp1hrubieszow.pl\/index.php\/wp-json\/wp\/v2\/pages\/5739\/revisions\/5742"}],"up":[{"embeddable":true,"href":"https:\/\/sp1hrubieszow.pl\/index.php\/wp-json\/wp\/v2\/pages\/2167"}],"wp:attachment":[{"href":"https:\/\/sp1hrubieszow.pl\/index.php\/wp-json\/wp\/v2\/media?parent=5739"}],"curies":[{"name":"wp","href":"https:\/\/api.w.org\/{rel}","templated":true}]}}