{"id":5720,"date":"2020-06-23T14:24:32","date_gmt":"2020-06-23T12:24:32","guid":{"rendered":"http:\/\/sp1.hrubieszow.info\/?page_id=5720"},"modified":"2020-06-23T14:25:01","modified_gmt":"2020-06-23T12:25:01","slug":"zakonczenie-roku-szkolnego-2019-2020","status":"publish","type":"page","link":"https:\/\/sp1hrubieszow.pl\/index.php\/kronika-2019-2020\/zakonczenie-roku-szkolnego-2019-2020\/","title":{"rendered":"Zako\u0144czenie roku szkolnego 2019\/2020"},"content":{"rendered":"\n<div><strong><span style=\"color: #333399;\">Drodzy Rodzice i Uczniowie!<\/span><\/strong><\/div>\n<div><span style=\"color: #333399;\">Informujemy, \u017ce wydawanie \u015bwiadectw przez wychowawc\u00f3w odb\u0119dzie si\u0119 26 czerwca w godzinach od 8 do 11 w salach lekcyjnych zgodnie z przydzia\u0142em (wiadomo\u015b\u0107 w za\u0142\u0105czniku) oraz wed\u0142ug harmonogramu ustalonego przez wychowawc\u0119. Uczniowie lub rodzice przychodz\u0105 po \u015bwiadectwa zgodnie z zachowaniem wszelkich \u015brodk\u00f3w ostro\u017cno\u015bci. Przypominamy o za\u0142o\u017ceniu maseczki na terenie szko\u0142y.<\/span><\/div>\n<div>&nbsp;<\/div>\n<div><strong><span style=\"color: #333399;\">Zako\u0144czenie roku dla klas 8 odb\u0119dzie si\u0119 na sali gimnastycznej:<\/span><\/strong><\/div>\n<div><span style=\"color: #333399;\">klasa 8 a godzina 8.00<\/span><\/div>\n<div><span style=\"color: #333399;\">klasa 8 b godzina 9.00<\/span><\/div>\n<div><span style=\"color: #333399;\">klasa 8 c godzina 10.00<\/span><\/div>\n<div>&nbsp;<\/div>\n<div style=\"text-align: center;\"><strong><span style=\"color: #333399;\">Zapraszamy!!!<\/span><\/strong><\/div>\n<div>&nbsp;<\/div>\n<div><strong><span style=\"color: #333399;\"><a style=\"color: #333399;\" href=\"http:\/\/sp1.hrubieszow.info\/wp-content\/uploads\/2020\/06\/Przydzia\u0142-sal-lekcyjnych-na-spotkania-z-wychowawc\u0105.docx\">Przydzia\u0142 sal lekcyjnych na spotkania z wychowawc\u0105<\/a><\/span><\/strong><\/div>\n","protected":false},"excerpt":{"rendered":"<p>Drodzy Rodzice i Uczniowie! Informujemy, \u017ce wydawanie \u015bwiadectw przez wychowawc\u00f3w odb\u0119dzie si\u0119 26 czerwca w godzinach od 8 do 11 w salach lekcyjnych zgodnie z przydzia\u0142em (wiadomo\u015b\u0107 w za\u0142\u0105czniku) oraz wed\u0142ug harmonogramu ustalonego przez wychowawc\u0119. Uczniowie lub rodzice przychodz\u0105 po \u015bwiadectwa zgodnie z zachowaniem wszelkich \u015brodk\u00f3w ostro\u017cno\u015bci. Przypominamy o za\u0142o\u017ceniu maseczki na terenie szko\u0142y. &nbsp; [&hellip;]<\/p>\n","protected":false},"author":2,"featured_media":0,"parent":2167,"menu_order":0,"comment_status":"closed","ping_status":"closed","template":"","meta":{"ngg_post_thumbnail":0,"footnotes":""},"class_list":["post-5720","page","type-page","status-publish","hentry"],"_links":{"self":[{"href":"https:\/\/sp1hrubieszow.pl\/index.php\/wp-json\/wp\/v2\/pages\/5720","targetHints":{"allow":["GET"]}}],"collection":[{"href":"https:\/\/sp1hrubieszow.pl\/index.php\/wp-json\/wp\/v2\/pages"}],"about":[{"href":"https:\/\/sp1hrubieszow.pl\/index.php\/wp-json\/wp\/v2\/types\/page"}],"author":[{"embeddable":true,"href":"https:\/\/sp1hrubieszow.pl\/index.php\/wp-json\/wp\/v2\/users\/2"}],"replies":[{"embeddable":true,"href":"https:\/\/sp1hrubieszow.pl\/index.php\/wp-json\/wp\/v2\/comments?post=5720"}],"version-history":[{"count":1,"href":"https:\/\/sp1hrubieszow.pl\/index.php\/wp-json\/wp\/v2\/pages\/5720\/revisions"}],"predecessor-version":[{"id":5721,"href":"https:\/\/sp1hrubieszow.pl\/index.php\/wp-json\/wp\/v2\/pages\/5720\/revisions\/5721"}],"up":[{"embeddable":true,"href":"https:\/\/sp1hrubieszow.pl\/index.php\/wp-json\/wp\/v2\/pages\/2167"}],"wp:attachment":[{"href":"https:\/\/sp1hrubieszow.pl\/index.php\/wp-json\/wp\/v2\/media?parent=5720"}],"curies":[{"name":"wp","href":"https:\/\/api.w.org\/{rel}","templated":true}]}}