{"id":5715,"date":"2020-06-22T14:29:01","date_gmt":"2020-06-22T12:29:01","guid":{"rendered":"http:\/\/sp1.hrubieszow.info\/?page_id=5715"},"modified":"2020-06-22T14:29:42","modified_gmt":"2020-06-22T12:29:42","slug":"podsumowanie-dzialan-w-ramach-innowacji-pedagogicznej-klub-ortograffiti","status":"publish","type":"page","link":"https:\/\/sp1hrubieszow.pl\/index.php\/kronika-2019-2020\/podsumowanie-dzialan-w-ramach-innowacji-pedagogicznej-klub-ortograffiti\/","title":{"rendered":"Podsumowanie dzia\u0142a\u0144 w ramach innowacji pedagogicznej \u201eKlub Ortograffiti\u201d"},"content":{"rendered":"\n<p><span style=\"color: #333399;\"><img loading=\"lazy\" decoding=\"async\" class=\"alignnone size-medium wp-image-5691\" src=\"http:\/\/sp1.hrubieszow.info\/wp-content\/uploads\/2020\/06\/104920449_2842527132541552_8169129347664203916_n-300x157.jpg\" alt=\"\" width=\"300\" height=\"157\" srcset=\"https:\/\/sp1hrubieszow.pl\/wp-content\/uploads\/2020\/06\/104920449_2842527132541552_8169129347664203916_n-300x157.jpg 300w, https:\/\/sp1hrubieszow.pl\/wp-content\/uploads\/2020\/06\/104920449_2842527132541552_8169129347664203916_n-768x402.jpg 768w, https:\/\/sp1hrubieszow.pl\/wp-content\/uploads\/2020\/06\/104920449_2842527132541552_8169129347664203916_n-624x326.jpg 624w, https:\/\/sp1hrubieszow.pl\/wp-content\/uploads\/2020\/06\/104920449_2842527132541552_8169129347664203916_n.jpg 960w\" sizes=\"auto, (max-width: 300px) 100vw, 300px\" \/><\/span><\/p>\n<p><span style=\"color: #333399;\">Podsumowanie dzia\u0142a\u0144 w ramach innowacji pedagogicznej \u201eKlub Ortograffiti\u201d<\/span><br><span style=\"color: #333399;\">W ci\u0105gu ca\u0142ego roku szkolnego realizowano zaj\u0119cia z zakresu pomocy psychologiczno-pedagogicznej w poszczeg\u00f3lnych grupach terapeutycznych, w oparciu o metod\u0119 Ortograffiti, wykorzystuj\u0105c zeszyty \u0107wicze\u0144 oraz pomoce terapeutyczne z serii \u201eOrtograffiti\u201d oraz \u201eOrtograffiti z Bratkiem\u201d. Dodatkowo Klubowicze w\u0142\u0105czali si\u0119 w przygotowanie akcji edukacyjnych, czytelniczych dla innych uczni\u00f3w ze szko\u0142y, przez co rozwijali umiej\u0119tno\u015bci organizatorskie, kreatywno\u015b\u0107 oraz wzmacniali poczucie w\u0142asnej warto\u015bci.<\/span><br><span style=\"color: #333399;\">W I p\u00f3\u0142roczu 2019\/2020 realizowano projekty takie jak: \u201eDru\u017cyna Ortograffiti\u201d, oraz elementy projektu \u201eStarsi-m\u0142odszym\u201d.<\/span><br><span style=\"color: #333399;\">W ramach dzia\u0142alno\u015bci \u201eKlubu Ortograffiti\u201d w I p\u00f3\u0142roczu 2019\/2020 zorganizowano:<\/span><br><span style=\"color: #333399;\">-Akcj\u0119 czytelnicz\u0105 \u201eDzieci czytaj\u0105 dzieciom\u201d oraz \u201eCzytam z Bratkiem w bibliotece\u201d, w kt\u00f3re w\u0142\u0105czyli si\u0119 cz\u0142onkowie Klubu. Uczniowie przygotowali teksty bajek i opowiada\u0144 Bratka, kt\u00f3re czytali m\u0142odszym kolegom, promuj\u0105c czytelnictwo. Akcje czytelnicze przeprowadzono podczas \u201eEuropejskiego Tygodnia Dysleksji\u201d 07-11.10.2019r.<\/span><br><span style=\"color: #333399;\">&#8211; Gry i zabawy ortograficzno-czytelnicze dla uczni\u00f3w m\u0142odszych z wykorzystaniem samodzielnie przygotowanych gier planszowych i pomocy dydaktycznych.<\/span><br><span style=\"color: #333399;\">&#8211; Konkursy plastyczne pt. \u201eM\u00f3j ulubiony bohater ba\u015bniowy\u201d, \u201eTrudne s\u0142owo na weso\u0142o\u201d<\/span><br><span style=\"color: #333399;\">i \u201eM\u00f3j s\u0142owniczek ortograficzny\u201d, zorganizowane przez Klubowicz\u00f3w dla ca\u0142ej spo\u0142eczno\u015bci. Uczniowie starsi wzi\u0119li udzia\u0142 w pracach komisji konkursowej, przygotowali dyplomy dla laureat\u00f3w oraz pomogli w przygotowaniu wystawy prac konkursowych.<\/span><br><span style=\"color: #333399;\">&#8211; Wystaw\u0119 plakat\u00f3w ortograficznych oraz gazetk\u0119, utrwalaj\u0105ce poprawn\u0105 pisowni\u0119 i poszerzaj\u0105ca wiedz\u0119 na temat dysleksji.<\/span><br><span style=\"color: #333399;\">Zaj\u0119cia w II p\u00f3\u0142roczu prowadzono cz\u0119\u015bciowo w spos\u00f3b zdalny. Uczniowie ch\u0119tnie uczestniczyli w zaj\u0119ciach i wykonywali zadania, w tym ciekawe prace plastyczne. Dodatkowo, w II p\u00f3\u0142roczu Klubowicze w\u0142\u0105czali si\u0119 w przygotowanie akcji edukacyjnych i czytelniczych dla innych uczni\u00f3w ze szko\u0142y. Realizowano projekty takie jak: \u201eA ja potrafi\u0119 pokona\u0107 dysgrafi\u0119\u201d oraz \u201eOrtograficzne bransoletki\u201d.<\/span><br><span style=\"color: #333399;\">W ramach dzia\u0142alno\u015bci \u201eKlubu Ortograffiti\u201d w II p\u00f3\u0142roczu 2019\/2020 zorganizowano:<\/span><br><span style=\"color: #333399;\">-W dniu 05.02.2020r. cz\u0142onkowie \u201eKlubu Ortograffiti\u201d, zach\u0119cili uczni\u00f3w z klasy III b, do udzia\u0142u w projekcie edukacyjnym pt. \u201eOrtograficzne bransoletki\u201d. Podczas zaj\u0119\u0107, trzecioklasi\u015bci samodzielnie wykonywali prac\u0119 plastyczno-techniczn\u0105: \u201eOrtograficzne bransoletki\u201d. Z prac wykonano wystaw\u0119. Udzia\u0142 w zaj\u0119ciach by\u0142 okazj\u0105 do nauki, ale tak\u017ce do wsp\u00f3lnej zabawy, kt\u00f3ra przynios\u0142a wiele rado\u015bci.<\/span><br><span style=\"color: #333399;\">-Autorski projekt \u201eA ja potrafi\u0119 pokona\u0107 dysgrafi\u0119\u201d realizowany by\u0142 w ci\u0105gu ca\u0142ego II p\u00f3\u0142rocza w powi\u0105zaniu z realizacj\u0105 programu \u201eOd dysgrafii do kaligrafii\u201d. Celem projektu by\u0142o wzmacnianie r\u0119ki pisz\u0105cej i niwelowanie trudno\u015bci zwi\u0105zanych z pisaniem, grafi\u0105 pisma poprzez u\u017cywanie nowatorskich pomocy rozwijaj\u0105cych \u0107wiczone umiej\u0119tno\u015bci grafomotoryczne.<\/span><br><span style=\"color: #333399;\">Dzia\u0142ania podj\u0119te przez Klubowicz\u00f3w zosta\u0142y wypromowane na stronie Polskiego Towarzystwa Dysleksji oraz na stronie Ortograffiti, jako dobre praktyki. Relacje umieszczano tak\u017ce w wirtualnym Klubie Ortograffiti na profilu fb. Wszyscy uczestnicy zaj\u0119\u0107 w ramach innowacji \u201eKlub Ortograffiti\u201d otrzymaj\u0105 pami\u0105tkowe dyplomy.<\/span><\/p>\n<p style=\"text-align: right;\"><span style=\"color: #333399;\">Realizator innowacji \u201eKlub Ortograffiti\u201d-Marta Kuczy\u0144ska, pedagog-terapeuta<\/span><\/p>\nngg_shortcode_0_placeholder\n","protected":false},"excerpt":{"rendered":"<p>Podsumowanie dzia\u0142a\u0144 w ramach innowacji pedagogicznej \u201eKlub Ortograffiti\u201dW ci\u0105gu ca\u0142ego roku szkolnego realizowano zaj\u0119cia z zakresu pomocy psychologiczno-pedagogicznej w poszczeg\u00f3lnych grupach terapeutycznych, w oparciu o metod\u0119 Ortograffiti, wykorzystuj\u0105c zeszyty \u0107wicze\u0144 oraz pomoce terapeutyczne z serii \u201eOrtograffiti\u201d oraz \u201eOrtograffiti z Bratkiem\u201d. Dodatkowo Klubowicze w\u0142\u0105czali si\u0119 w przygotowanie akcji edukacyjnych, czytelniczych dla innych uczni\u00f3w ze szko\u0142y, przez [&hellip;]<\/p>\n","protected":false},"author":2,"featured_media":0,"parent":2167,"menu_order":0,"comment_status":"closed","ping_status":"closed","template":"","meta":{"ngg_post_thumbnail":0,"footnotes":""},"class_list":["post-5715","page","type-page","status-publish","hentry"],"_links":{"self":[{"href":"https:\/\/sp1hrubieszow.pl\/index.php\/wp-json\/wp\/v2\/pages\/5715","targetHints":{"allow":["GET"]}}],"collection":[{"href":"https:\/\/sp1hrubieszow.pl\/index.php\/wp-json\/wp\/v2\/pages"}],"about":[{"href":"https:\/\/sp1hrubieszow.pl\/index.php\/wp-json\/wp\/v2\/types\/page"}],"author":[{"embeddable":true,"href":"https:\/\/sp1hrubieszow.pl\/index.php\/wp-json\/wp\/v2\/users\/2"}],"replies":[{"embeddable":true,"href":"https:\/\/sp1hrubieszow.pl\/index.php\/wp-json\/wp\/v2\/comments?post=5715"}],"version-history":[{"count":1,"href":"https:\/\/sp1hrubieszow.pl\/index.php\/wp-json\/wp\/v2\/pages\/5715\/revisions"}],"predecessor-version":[{"id":5716,"href":"https:\/\/sp1hrubieszow.pl\/index.php\/wp-json\/wp\/v2\/pages\/5715\/revisions\/5716"}],"up":[{"embeddable":true,"href":"https:\/\/sp1hrubieszow.pl\/index.php\/wp-json\/wp\/v2\/pages\/2167"}],"wp:attachment":[{"href":"https:\/\/sp1hrubieszow.pl\/index.php\/wp-json\/wp\/v2\/media?parent=5715"}],"curies":[{"name":"wp","href":"https:\/\/api.w.org\/{rel}","templated":true}]}}