{"id":5680,"date":"2020-06-19T20:53:46","date_gmt":"2020-06-19T18:53:46","guid":{"rendered":"http:\/\/sp1.hrubieszow.info\/?page_id=5680"},"modified":"2020-06-19T20:56:33","modified_gmt":"2020-06-19T18:56:33","slug":"program-apteczka-pierwszej-pomocy-emocjonalnej","status":"publish","type":"page","link":"https:\/\/sp1hrubieszow.pl\/index.php\/kronika-2019-2020\/program-apteczka-pierwszej-pomocy-emocjonalnej\/","title":{"rendered":"Program \u201eApteczka pierwszej pomocy emocjonalnej\u201d."},"content":{"rendered":"\n<p><img loading=\"lazy\" decoding=\"async\" class=\"alignnone size-medium wp-image-5655\" src=\"http:\/\/sp1.hrubieszow.info\/wp-content\/uploads\/2020\/06\/apteczka-300x64.png\" alt=\"\" width=\"300\" height=\"64\" srcset=\"https:\/\/sp1hrubieszow.pl\/wp-content\/uploads\/2020\/06\/apteczka-300x64.png 300w, https:\/\/sp1hrubieszow.pl\/wp-content\/uploads\/2020\/06\/apteczka-768x163.png 768w, https:\/\/sp1hrubieszow.pl\/wp-content\/uploads\/2020\/06\/apteczka-1024x217.png 1024w, https:\/\/sp1hrubieszow.pl\/wp-content\/uploads\/2020\/06\/apteczka-624x132.png 624w, https:\/\/sp1hrubieszow.pl\/wp-content\/uploads\/2020\/06\/apteczka.png 1280w\" sizes=\"auto, (max-width: 300px) 100vw, 300px\" \/><\/p>\n<p><span style=\"color: #333399;\">W II p\u00f3\u0142roczu 2019\/2020 zako\u0144czono realizacj\u0119 rekomendowanego programu profilaktycznego \u201eApteczka pierwszej pomocy emocjonalnej\u201d. W zaj\u0119ciach w ramach tego programu, od pa\u017adziernika 2019r. bra\u0142a udzia\u0142 klasa Vb (wych. Agnieszka Kolano).Program realizowany by\u0142 przez pedagoga szkolnego Mart\u0119 Kuczy\u0144sk\u0105.<\/span><br><span style=\"color: #333399;\">Za\u0142o\u017cenia programu:<\/span><br><span style=\"color: #333399;\">Apteczka Pierwszej Pomocy Emocjonalnej jest potrzebna, by pom\u00f3c nie tylko leczy\u0107 rany duszy, ale by r\u00f3wnie\u017c&nbsp;<span class=\"text_exposed_show\">odzyska\u0107 dobry humor, nadziej\u0119 i nabywa\u0107 odporno\u015b\u0107 psychiczn\u0105.<br>Celem programu APTECZKA PIERWSZEJ POMOCY EMOCJONALNEJ jest rozwijanie w dzieciach podstawowych umiej\u0119tno\u015bci spo\u0142ecznych i emocjonalnych oraz przygotowanie do radzenia sobie z trudno\u015bciami. Korzystaj\u0105c z za\u0142o\u017ce\u0144 psychologii pozytywnej, sformu\u0142owanych przez ameryka\u0144skiego psychologa Martina E.P. Seligmana, przyj\u0119to, \u017ce optymizmu mo\u017cna si\u0119 nauczy\u0107, a postawa optymizmu mo\u017ce prowadzi\u0107 do szcz\u0119\u015bliwego i satysfakcjonuj\u0105cego \u017cycia. Program sk\u0142ada\u0142 si\u0119 z 10 cz\u0119\u015bci tematycznych, kt\u00f3re koncentrowa\u0142y si\u0119 na kszta\u0142towaniu pozytywnych postaw i zachowa\u0144, poprzez rozwijanie odporno\u015bci psychicznej oraz optymistycznego podej\u015bcia do \u017cycia.<\/span><\/span><\/p>\n<div class=\"text_exposed_show\">\n<p><span style=\"color: #333399;\">Cz\u0119\u015b\u0107 1. APTECZKA SKARB\u00d3W \u2013 jak leczy\u0107 rany duszy?<\/span><br><span style=\"color: #333399;\">Cz\u0119\u015b\u0107 2. OPTYMIZM &#8211; my\u015bl pozytywnie, wtedy jest \u0142atwiej!<\/span><br><span style=\"color: #333399;\">Cz\u0119\u015b\u0107 3. PRZYJA\u0179\u0143 \u2013 okazuj mi\u0142o\u015b\u0107 i przyja\u017a\u0144!<\/span><br><span style=\"color: #333399;\">Cz\u0119\u015b\u0107 4. KREATYWNO\u015a\u0106 &#8211; ucz si\u0119 ca\u0142e \u017cycie, odkrywaj i wzmacniaj swoje talenty!<\/span><br><span style=\"color: #333399;\">Cz\u0119\u015b\u0107 5. WYTRWA\u0141O\u015a\u0106 &#8211; nie poddawaj si\u0119, sukces w \u017cyciu to bieg na d\u0142ugi dystans!<\/span><br><span style=\"color: #333399;\">Cz\u0119\u015b\u0107 6. ZDROWIE FIZYCZNE &#8211; dbaj o zdrowie i \u0107wicz codziennie \u2013 to poprawia samopoczucie!<\/span><br><span style=\"color: #333399;\">Cz\u0119\u015b\u0107 7. SZCZERO\u015a\u0106 &#8211; nie komplikuj niepotrzebnie swojego \u017cycia!<\/span><br><span style=\"color: #333399;\">Cz\u0119\u015b\u0107 8. \u017bYCZLIWO\u015a\u0106 &#8211; pr\u00f3buj zrozumie\u0107 i wspiera\u0107 innych!<\/span><br><span style=\"color: #333399;\">Cz\u0119\u015b\u0107 9. WDZI\u0118CZNO\u015a\u0106 &#8211; okazuj wdzi\u0119czno\u015b\u0107 za wszystko, co ci\u0119 spotyka!<\/span><br><span style=\"color: #333399;\">Cz\u0119\u015b\u0107 10. MARZENIA &#8211; ustanawiaj cele dla siebie i pod\u0105\u017caj za marzeniami!<\/span><\/p>\n<p style=\"text-align: left;\"><span style=\"color: #333399;\">W ramach programu uczniowie pracowali metodami aktywnymi w grupach i indywidualnie. Szczeg\u00f3lna uwag\u0119 przywi\u0105zywano do budowania prawid\u0142owych relacji w klasie, sprzyjaj\u0105cej atmosfery na zaj\u0119ciach, kszta\u0142towaniu umiej\u0119tno\u015bci uwa\u017cno\u015bci i relaksacji. Podczas edukacji zdalnej uda\u0142o si\u0119 zrealizowa\u0107 program do ko\u0144ca. Uczniowie wykonywali karty pracy i projekty oraz pracowali wsp\u00f3lnie dzi\u0119ki platformie Microsoft Teams. Podczas trwania programu uczniowie gromadzili swoje \u201eskarby\u201d, kt\u00f3re wk\u0142adali do wykonanych przez siebie apteczek. Na zako\u0144czenie zaj\u0119\u0107 uczniowie wykonali prezentacj\u0119 \u201eWdzi\u0119czno\u015b\u0107\u201d, kt\u00f3ra mo\u017cna obejrze\u0107 tutaj:&nbsp;<a style=\"color: #333399;\" href=\"https:\/\/l.facebook.com\/l.php?u=https%3A%2F%2Fview.genial.ly%2F5ec1bdbc8e243b0d5a338008%2Finteractive-image-wdziecznosc%3Ffbclid%3DIwAR033RF6OE89zUnVe7hqd1x4AsNNPMbscCXfzhu2mKrGP_M4naPFmp_xoL4&amp;h=AT0aWiDv-gHYuB_A3tlvsXHKnFw8Ro20H2SRF1TNPhmhS3O6rN-EQ6FA4orslQ4Np3hWHM6nY7gFDKRsa1l4pzvZ9u2ncsaQ_2XWjnrmRVHGQ6VCHFObh_vVh-nhh8a7sVDnOEexan2gUz6gotrovzN1IiHF11qPfR2eRlCZGyhCOyPDOxuibvjmj4j9pcWsRT-WLSjLHZubVCvyo9A5lWq9Vz6DBmAgmo4mGY9JSAqthbk8_bku3HnShbCwH_BY81s6Z4pl7l9RsL3YC8Q7PMayoFvTbOB28NTLPKdj_Hf6-fFfEZUN44LR5VgOg-Gex0Mz_3QLdOhB62ZkXpRDzUse0xoFhHHjgqTwBouG1t8IEExpjdl5JmRlY2uXonwSNJr8YM7Tp6Wq40ayBqjZ0EkW7rCXXna1c90wwJDH3njgROEHE0H_3kzDNzhyLQtBoo12dGTJw_X7EPsvSVUPvqrqYr1TJ6EHtO9IcrdpQ-OExh0zAZ-CLhH-4slxC0VqS-49JjK_YX_QeQ4YekMNYtvZ3qawDxf8Oq539131tUTQpfLTfrP0H1GQ8_DbOQcTljrzXEwDBcqFTD9cdD8CF7C9SZk8LhJP_v3TitHPTzGBlWpZpgk4FSYSpLYdlfYyn2K-Fkn2\" target=\"_blank\" rel=\"nofollow noopener noreferrer\" data-ft=\"{&quot;tn&quot;:&quot;-U&quot;}\" data-lynx-mode=\"async\">https:\/\/view.genial.ly\/5ec1bd\u2026\/interactive-image-wdziecznosc<\/a><\/span><br><span style=\"color: #333399;\">Dzi\u0119kuj\u0119 uczniom i rodzicom uczni\u00f3w z klasy Vb oraz pani Agnieszce Kolano za wspania\u0142\u0105 przygod\u0119 z \u201eApteczk\u0105\u2026\u201d \u017bycz\u0119 uczestnikom, aby udzia\u0142 w programie okaza\u0142 si\u0119 przydatny w \u017cyciu codziennym.<\/span><br><span style=\"color: #333399;\">Realizator programu Marta Kuczy\u0144ska<\/span><\/p>\nngg_shortcode_0_placeholder\n<\/div>\n","protected":false},"excerpt":{"rendered":"<p>W II p\u00f3\u0142roczu 2019\/2020 zako\u0144czono realizacj\u0119 rekomendowanego programu profilaktycznego \u201eApteczka pierwszej pomocy emocjonalnej\u201d. W zaj\u0119ciach w ramach tego programu, od pa\u017adziernika 2019r. bra\u0142a udzia\u0142 klasa Vb (wych. Agnieszka Kolano).Program realizowany by\u0142 przez pedagoga szkolnego Mart\u0119 Kuczy\u0144sk\u0105.Za\u0142o\u017cenia programu:Apteczka Pierwszej Pomocy Emocjonalnej jest potrzebna, by pom\u00f3c nie tylko leczy\u0107 rany duszy, ale by r\u00f3wnie\u017c&nbsp;odzyska\u0107 dobry humor, nadziej\u0119 [&hellip;]<\/p>\n","protected":false},"author":2,"featured_media":0,"parent":2167,"menu_order":0,"comment_status":"closed","ping_status":"closed","template":"","meta":{"ngg_post_thumbnail":0,"footnotes":""},"class_list":["post-5680","page","type-page","status-publish","hentry"],"_links":{"self":[{"href":"https:\/\/sp1hrubieszow.pl\/index.php\/wp-json\/wp\/v2\/pages\/5680","targetHints":{"allow":["GET"]}}],"collection":[{"href":"https:\/\/sp1hrubieszow.pl\/index.php\/wp-json\/wp\/v2\/pages"}],"about":[{"href":"https:\/\/sp1hrubieszow.pl\/index.php\/wp-json\/wp\/v2\/types\/page"}],"author":[{"embeddable":true,"href":"https:\/\/sp1hrubieszow.pl\/index.php\/wp-json\/wp\/v2\/users\/2"}],"replies":[{"embeddable":true,"href":"https:\/\/sp1hrubieszow.pl\/index.php\/wp-json\/wp\/v2\/comments?post=5680"}],"version-history":[{"count":2,"href":"https:\/\/sp1hrubieszow.pl\/index.php\/wp-json\/wp\/v2\/pages\/5680\/revisions"}],"predecessor-version":[{"id":5684,"href":"https:\/\/sp1hrubieszow.pl\/index.php\/wp-json\/wp\/v2\/pages\/5680\/revisions\/5684"}],"up":[{"embeddable":true,"href":"https:\/\/sp1hrubieszow.pl\/index.php\/wp-json\/wp\/v2\/pages\/2167"}],"wp:attachment":[{"href":"https:\/\/sp1hrubieszow.pl\/index.php\/wp-json\/wp\/v2\/media?parent=5680"}],"curies":[{"name":"wp","href":"https:\/\/api.w.org\/{rel}","templated":true}]}}