{"id":5641,"date":"2020-06-13T17:50:45","date_gmt":"2020-06-13T15:50:45","guid":{"rendered":"http:\/\/sp1.hrubieszow.info\/?page_id=5641"},"modified":"2020-06-13T17:53:09","modified_gmt":"2020-06-13T15:53:09","slug":"rozstrzygniecie-konkursu-szkolnego-w-ramach-programu-znajdz-wlasciwe-rozwiazanie","status":"publish","type":"page","link":"https:\/\/sp1hrubieszow.pl\/index.php\/kronika-2019-2020\/rozstrzygniecie-konkursu-szkolnego-w-ramach-programu-znajdz-wlasciwe-rozwiazanie\/","title":{"rendered":"Rozstrzygni\u0119cie konkursu szkolnego w ramach programu ,,Znajd\u017a w\u0142a\u015bciwe rozwi\u0105zanie\u201d."},"content":{"rendered":"\n<p><span style=\"color: #333399;\">Uczniowie klas sz\u00f3stych po zako\u0144czeniu realizacji programu ,,Znajd\u017a w\u0142a\u015bciwe rozwi\u0105zanie\u201d przyst\u0105pili do testu wiedzy z zakresu profilaktyki antynikotynowej. Program realizowany by\u0142 pod patronatem Powiatowej Stacji Sanitarno-Epidemiologicznej w Hrubieszowie.<\/span><\/p>\n<p><strong><span style=\"color: #333399;\">Laureatami testu zostali:<\/span><\/strong><br><span style=\"color: #333399;\">Jakub Chomiak, klasa 6c<\/span><br><span style=\"color: #333399;\">Maciej Zaj\u0105\u0107, klasa 6c<\/span><br><span style=\"color: #333399;\">Kacper Kasprzak, klasa 6d<\/span><br><span style=\"color: #333399;\">Dominika Zezula, klasa 6b<\/span><br><span style=\"color: #333399;\">Hanna Gidzi\u0144ska, klasa 6b<\/span><br><span style=\"color: #333399;\">Wiktoria Dec, klasa 6b<\/span><br><span style=\"color: #333399;\">Aleksandra Raczy\u0144ska, klasa 6d.<\/span><\/p>\n<p><span style=\"color: #333399;\">Gratuluj\u0119 wszystkim wiedzy na temat szkodliwo\u015bci palenia tytoniu, a szczeg\u00f3lnie Jakubowi Chomiakowi, kt\u00f3ry jako jedyny bezb\u0142\u0119dnie rozwi\u0105za\u0142 test.<\/span><\/p>\n<p><span style=\"color: #333399;\">Informuj\u0119, \u017ce nagrody mo\u017cna odbiera\u0107 we wtorki i czwartki od godziny 10.00 do godziny 12.00 w gabinecie pedagoga Anny Karkuszewskiej .<\/span><\/p>\n<p><span style=\"color: #333399;\">Nagrody ufundowa\u0142a Miejska Komisja Rozwi\u0105zywania Problem\u00f3w Alkoholowych w Hrubieszowie, w ramach realizacji programu ,,Profilaktyka na co dzie\u0144\u201d. Koordynator pedagog szkolny Anna Karkuszewska.<\/span><\/p>\nngg_shortcode_0_placeholder\n","protected":false},"excerpt":{"rendered":"<p>Uczniowie klas sz\u00f3stych po zako\u0144czeniu realizacji programu ,,Znajd\u017a w\u0142a\u015bciwe rozwi\u0105zanie\u201d przyst\u0105pili do testu wiedzy z zakresu profilaktyki antynikotynowej. Program realizowany by\u0142 pod patronatem Powiatowej Stacji Sanitarno-Epidemiologicznej w Hrubieszowie. Laureatami testu zostali:Jakub Chomiak, klasa 6cMaciej Zaj\u0105\u0107, klasa 6cKacper Kasprzak, klasa 6dDominika Zezula, klasa 6bHanna Gidzi\u0144ska, klasa 6bWiktoria Dec, klasa 6bAleksandra Raczy\u0144ska, klasa 6d. Gratuluj\u0119 wszystkim wiedzy [&hellip;]<\/p>\n","protected":false},"author":2,"featured_media":0,"parent":2167,"menu_order":0,"comment_status":"closed","ping_status":"closed","template":"","meta":{"ngg_post_thumbnail":0,"footnotes":""},"class_list":["post-5641","page","type-page","status-publish","hentry"],"_links":{"self":[{"href":"https:\/\/sp1hrubieszow.pl\/index.php\/wp-json\/wp\/v2\/pages\/5641","targetHints":{"allow":["GET"]}}],"collection":[{"href":"https:\/\/sp1hrubieszow.pl\/index.php\/wp-json\/wp\/v2\/pages"}],"about":[{"href":"https:\/\/sp1hrubieszow.pl\/index.php\/wp-json\/wp\/v2\/types\/page"}],"author":[{"embeddable":true,"href":"https:\/\/sp1hrubieszow.pl\/index.php\/wp-json\/wp\/v2\/users\/2"}],"replies":[{"embeddable":true,"href":"https:\/\/sp1hrubieszow.pl\/index.php\/wp-json\/wp\/v2\/comments?post=5641"}],"version-history":[{"count":2,"href":"https:\/\/sp1hrubieszow.pl\/index.php\/wp-json\/wp\/v2\/pages\/5641\/revisions"}],"predecessor-version":[{"id":5648,"href":"https:\/\/sp1hrubieszow.pl\/index.php\/wp-json\/wp\/v2\/pages\/5641\/revisions\/5648"}],"up":[{"embeddable":true,"href":"https:\/\/sp1hrubieszow.pl\/index.php\/wp-json\/wp\/v2\/pages\/2167"}],"wp:attachment":[{"href":"https:\/\/sp1hrubieszow.pl\/index.php\/wp-json\/wp\/v2\/media?parent=5641"}],"curies":[{"name":"wp","href":"https:\/\/api.w.org\/{rel}","templated":true}]}}