{"id":5624,"date":"2020-06-13T17:41:06","date_gmt":"2020-06-13T15:41:06","guid":{"rendered":"http:\/\/sp1.hrubieszow.info\/?page_id=5624"},"modified":"2020-06-13T17:56:14","modified_gmt":"2020-06-13T15:56:14","slug":"trzymaj-forme-rozstrzygniecie-konkursu","status":"publish","type":"page","link":"https:\/\/sp1hrubieszow.pl\/index.php\/kronika-2019-2020\/trzymaj-forme-rozstrzygniecie-konkursu\/","title":{"rendered":"Trzymaj Form\u0119! &#8211; rozstrzygni\u0119cie konkursu."},"content":{"rendered":"\n<p><span style=\"color: #333399;\">W Og\u00f3lnopolskim Programie Edukacyjnym \u201eTrzymaj Form\u0119!\u201d, kt\u00f3rego g\u0142\u00f3wnym celem jest edukacja w zakresie trwa\u0142ego kszta\u0142towania prozdrowotnych nawyk\u00f3w w\u015br\u00f3d m\u0142odzie\u017cy szkolnej poprzez promocj\u0119 zasad aktywnego stylu \u017cycia i zbilansowanej diety, uczestniczy\u0142y klasy pi\u0105te. Program realizowany by\u0142 pod patronatem Powiatowej Stacji Sanitarno-Epidemiologicznej w Hrubieszowie.<\/span><\/p>\n<p><span style=\"color: #333399;\">W ramach programu zaj\u0119cia by\u0142y prowadzone przez dietetyka pani\u0105 Ann\u0105 Wi\u015bniewsk\u0105 oraz pedagoga szkolnego. Podczas nauczania zdalnego uczniowie otrzymywali prezentacje zgodnie z za\u0142o\u017ceniami programu. Ponadto og\u0142oszono konkurs pod has\u0142em ,,Zdrowo i kolorowo\u201d na przepis kulinarny.<\/span><\/p>\n<p><strong><span style=\"color: #333399;\">Laureatami konkursu zostali:<\/span><\/strong><\/p>\n<p><span style=\"color: #333399;\">1 miejsce &#8211; Zuzanna Mr\u00f3z, klasa 5c<\/span><br><span style=\"color: #333399;\">2 miejsce &#8211; Jakub Prokop, klasa 5a<\/span><br><span style=\"color: #333399;\">wyr\u00f3\u017cnienie &#8211; Tomasz Pawlos, klasa 5a<\/span><\/p>\n<p><span style=\"color: #333399;\">Informuj\u0119, \u017ce nagrody mo\u017cna odbiera\u0107 we wtorki i czwartki od godziny 10.00 do godziny 12.00 w gabinecie pedagoga Anny Karkuszewskiej.<\/span><\/p>\n<p><span style=\"color: #333399;\">Nagrody ufundowa\u0142a Miejska Komisja Rozwi\u0105zywania Problem\u00f3w Alkoholowych w Hrubieszowie, w ramach realizacji programu ,,Profilaktyka na co dzie\u0144\u201d. Koordynator pedagog szkolny Anna Karkuszewska.<\/span><\/p>\nngg_shortcode_0_placeholder\nngg_shortcode_1_placeholder\n<p>&nbsp;<\/p>\n","protected":false},"excerpt":{"rendered":"<p>W Og\u00f3lnopolskim Programie Edukacyjnym \u201eTrzymaj Form\u0119!\u201d, kt\u00f3rego g\u0142\u00f3wnym celem jest edukacja w zakresie trwa\u0142ego kszta\u0142towania prozdrowotnych nawyk\u00f3w w\u015br\u00f3d m\u0142odzie\u017cy szkolnej poprzez promocj\u0119 zasad aktywnego stylu \u017cycia i zbilansowanej diety, uczestniczy\u0142y klasy pi\u0105te. Program realizowany by\u0142 pod patronatem Powiatowej Stacji Sanitarno-Epidemiologicznej w Hrubieszowie. W ramach programu zaj\u0119cia by\u0142y prowadzone przez dietetyka pani\u0105 Ann\u0105 Wi\u015bniewsk\u0105 oraz pedagoga [&hellip;]<\/p>\n","protected":false},"author":2,"featured_media":0,"parent":2167,"menu_order":0,"comment_status":"closed","ping_status":"closed","template":"","meta":{"ngg_post_thumbnail":0,"footnotes":""},"class_list":["post-5624","page","type-page","status-publish","hentry"],"_links":{"self":[{"href":"https:\/\/sp1hrubieszow.pl\/index.php\/wp-json\/wp\/v2\/pages\/5624","targetHints":{"allow":["GET"]}}],"collection":[{"href":"https:\/\/sp1hrubieszow.pl\/index.php\/wp-json\/wp\/v2\/pages"}],"about":[{"href":"https:\/\/sp1hrubieszow.pl\/index.php\/wp-json\/wp\/v2\/types\/page"}],"author":[{"embeddable":true,"href":"https:\/\/sp1hrubieszow.pl\/index.php\/wp-json\/wp\/v2\/users\/2"}],"replies":[{"embeddable":true,"href":"https:\/\/sp1hrubieszow.pl\/index.php\/wp-json\/wp\/v2\/comments?post=5624"}],"version-history":[{"count":3,"href":"https:\/\/sp1hrubieszow.pl\/index.php\/wp-json\/wp\/v2\/pages\/5624\/revisions"}],"predecessor-version":[{"id":5654,"href":"https:\/\/sp1hrubieszow.pl\/index.php\/wp-json\/wp\/v2\/pages\/5624\/revisions\/5654"}],"up":[{"embeddable":true,"href":"https:\/\/sp1hrubieszow.pl\/index.php\/wp-json\/wp\/v2\/pages\/2167"}],"wp:attachment":[{"href":"https:\/\/sp1hrubieszow.pl\/index.php\/wp-json\/wp\/v2\/media?parent=5624"}],"curies":[{"name":"wp","href":"https:\/\/api.w.org\/{rel}","templated":true}]}}