{"id":5620,"date":"2020-06-13T17:31:13","date_gmt":"2020-06-13T15:31:13","guid":{"rendered":"http:\/\/sp1.hrubieszow.info\/?page_id=5620"},"modified":"2020-06-13T17:31:45","modified_gmt":"2020-06-13T15:31:45","slug":"konkurs-plastyczny-razem-z-rodzina-promuje-powiat-hrubieszowski","status":"publish","type":"page","link":"https:\/\/sp1hrubieszow.pl\/index.php\/kronika-2019-2020\/konkurs-plastyczny-razem-z-rodzina-promuje-powiat-hrubieszowski\/","title":{"rendered":"Konkurs plastyczny \u201eRazem z rodzin\u0105 promuj\u0119 Powiat Hrubieszowski\u201d"},"content":{"rendered":"\n<p><span style=\"color: #333399;\"><img loading=\"lazy\" decoding=\"async\" class=\"alignnone size-medium wp-image-5619\" src=\"http:\/\/sp1.hrubieszow.info\/wp-content\/uploads\/2020\/06\/Plakat-PNG-212x300.png\" alt=\"\" width=\"212\" height=\"300\" srcset=\"https:\/\/sp1hrubieszow.pl\/wp-content\/uploads\/2020\/06\/Plakat-PNG-212x300.png 212w, https:\/\/sp1hrubieszow.pl\/wp-content\/uploads\/2020\/06\/Plakat-PNG-768x1086.png 768w, https:\/\/sp1hrubieszow.pl\/wp-content\/uploads\/2020\/06\/Plakat-PNG-724x1024.png 724w, https:\/\/sp1hrubieszow.pl\/wp-content\/uploads\/2020\/06\/Plakat-PNG-624x883.png 624w, https:\/\/sp1hrubieszow.pl\/wp-content\/uploads\/2020\/06\/Plakat-PNG.png 1587w\" sizes=\"auto, (max-width: 212px) 100vw, 212px\" \/><\/span><\/p>\n<p><span style=\"color: #333399;\">Zarz\u0105d Powiatu w Hrubieszowie og\u0142asza konkurs plastyczny&nbsp; \u201eRazem z rodzin\u0105 promuj\u0119 Powiat Hrubieszowski\u201d, kt\u00f3rego celem jest utrwalenie w formie plastycznej najpi\u0119kniejszych chwil sp\u0119dzonych razem z rodzin\u0105 i wspomnienia zwi\u0105zane z aktywno\u015bci\u0105 na terenie Powiatu Hrubieszowskiego. Konkurs skierowany jest do dzieci i <\/span><span style=\"color: #333399;\">&nbsp;m\u0142odzie\u017cy zamieszka\u0142ych na terenie Powiatu Hrubieszowskiego.&nbsp;<\/span><\/p>\n<p><span style=\"color: #333399;\">Konkurs jest podzielony na trzy kategorie wiekowe:<\/span><\/p>\n<p><span style=\"color: #333399;\">Kategoria I \u2013 dzieci do lat 6;<\/span><\/p>\n<p><span style=\"color: #333399;\">Kategoria II \u2013 dzieci od 7 do 10 lat;<\/span><\/p>\n<p><span style=\"color: #333399;\">Kategoria III \u2013 dzieci od 11 do 15 lat.<\/span><\/p>\n<p><span style=\"color: #333399;\">Prace konkursowe wraz z wymaganymi za\u0142\u0105cznikami, z dopiskiem \u201eKONKURS PLASTYCZNY\u201d nale\u017cy przesy\u0142a\u0107 do 17 sierpnia 2020 r.<\/span><\/p>\n<p><span style=\"color: #333399;\">na adres:<\/span><\/p>\n<p><span style=\"color: #333399;\">Starostwo Powiatowe w Hrubieszowie<\/span><\/p>\n<p><span style=\"color: #333399;\">ul. Narutowicza 34<\/span><\/p>\n<p><span style=\"color: #333399;\">22-500 Hrubiesz\u00f3w,<\/span><\/p>\n<p><span style=\"color: #333399;\">lub dostarczy\u0107 osobi\u015bcie do Starostwa Powiatowego lub wrzuci\u0107 w zamkni\u0119tej kopercie do urny, kt\u00f3ra znajduje si\u0119 w budynku Starostwa Powiatowego w Hrubieszowie ul. Narutowicza 34.<\/span><\/p>\n<p><span style=\"color: #333399;\">Og\u0142oszenie wynik\u00f3w nast\u0105pi w dniu 01.09.2020 r.<\/span><\/p>\n<p><span style=\"color: #333399;\">Regulamin w za\u0142\u0105czniku.&nbsp;<\/span><\/p>\n<p><a href=\"http:\/\/sp1.hrubieszow.info\/wp-content\/uploads\/2020\/06\/Regulamin-Konkursu-Plastycznego-Razem-z-rodzin\u0105-promuje-Powiat-Hrubieszowski-.pdf\"><span style=\"color: #333399;\"><strong><span style=\"color: #333399;\">Regulamin Konkursu Plastycznego Razem z rodzin\u0105 promuje Powiat Hrubieszowski<\/span><\/strong><\/span><\/a><\/p>\n<p><span style=\"color: #333399;\"><strong><a style=\"color: #333399;\" href=\"http:\/\/sp1.hrubieszow.info\/wp-content\/uploads\/2020\/06\/Plakat-Konkursowy.pdf\">Plakat Konkursowy<\/a><\/strong><\/span><\/p>\n","protected":false},"excerpt":{"rendered":"<p>Zarz\u0105d Powiatu w Hrubieszowie og\u0142asza konkurs plastyczny&nbsp; \u201eRazem z rodzin\u0105 promuj\u0119 Powiat Hrubieszowski\u201d, kt\u00f3rego celem jest utrwalenie w formie plastycznej najpi\u0119kniejszych chwil sp\u0119dzonych razem z rodzin\u0105 i wspomnienia zwi\u0105zane z aktywno\u015bci\u0105 na terenie Powiatu Hrubieszowskiego. Konkurs skierowany jest do dzieci i &nbsp;m\u0142odzie\u017cy zamieszka\u0142ych na terenie Powiatu Hrubieszowskiego.&nbsp; Konkurs jest podzielony na trzy kategorie wiekowe: Kategoria [&hellip;]<\/p>\n","protected":false},"author":2,"featured_media":0,"parent":2167,"menu_order":0,"comment_status":"closed","ping_status":"closed","template":"","meta":{"ngg_post_thumbnail":0,"footnotes":""},"class_list":["post-5620","page","type-page","status-publish","hentry"],"_links":{"self":[{"href":"https:\/\/sp1hrubieszow.pl\/index.php\/wp-json\/wp\/v2\/pages\/5620","targetHints":{"allow":["GET"]}}],"collection":[{"href":"https:\/\/sp1hrubieszow.pl\/index.php\/wp-json\/wp\/v2\/pages"}],"about":[{"href":"https:\/\/sp1hrubieszow.pl\/index.php\/wp-json\/wp\/v2\/types\/page"}],"author":[{"embeddable":true,"href":"https:\/\/sp1hrubieszow.pl\/index.php\/wp-json\/wp\/v2\/users\/2"}],"replies":[{"embeddable":true,"href":"https:\/\/sp1hrubieszow.pl\/index.php\/wp-json\/wp\/v2\/comments?post=5620"}],"version-history":[{"count":1,"href":"https:\/\/sp1hrubieszow.pl\/index.php\/wp-json\/wp\/v2\/pages\/5620\/revisions"}],"predecessor-version":[{"id":5621,"href":"https:\/\/sp1hrubieszow.pl\/index.php\/wp-json\/wp\/v2\/pages\/5620\/revisions\/5621"}],"up":[{"embeddable":true,"href":"https:\/\/sp1hrubieszow.pl\/index.php\/wp-json\/wp\/v2\/pages\/2167"}],"wp:attachment":[{"href":"https:\/\/sp1hrubieszow.pl\/index.php\/wp-json\/wp\/v2\/media?parent=5620"}],"curies":[{"name":"wp","href":"https:\/\/api.w.org\/{rel}","templated":true}]}}