{"id":5613,"date":"2020-06-12T09:59:39","date_gmt":"2020-06-12T07:59:39","guid":{"rendered":"http:\/\/sp1.hrubieszow.info\/?page_id=5613"},"modified":"2020-06-12T09:59:58","modified_gmt":"2020-06-12T07:59:58","slug":"egzamin-osmoklasisty-wazne-informacje","status":"publish","type":"page","link":"https:\/\/sp1hrubieszow.pl\/index.php\/kronika-2019-2020\/egzamin-osmoklasisty-wazne-informacje\/","title":{"rendered":"Egzamin \u00f3smoklasisty  &#8211; wa\u017cne informacje"},"content":{"rendered":"\n<p>Prosimy o zapoznanie si\u0119 z poni\u017cszym dokumentem, zawieraj\u0105cym informacje zwi\u0105zane z egzaminem:&nbsp;<\/p>\n<p><strong><a href=\"http:\/\/sp1.hrubieszow.info\/wp-content\/uploads\/2020\/06\/Egzamin-\u00f3smoklasisty.docx\">Egzamin \u00f3smoklasisty<\/a><\/strong><\/p>\n","protected":false},"excerpt":{"rendered":"<p>Prosimy o zapoznanie si\u0119 z poni\u017cszym dokumentem, zawieraj\u0105cym informacje zwi\u0105zane z egzaminem:&nbsp; Egzamin \u00f3smoklasisty<\/p>\n","protected":false},"author":2,"featured_media":0,"parent":2167,"menu_order":0,"comment_status":"closed","ping_status":"closed","template":"","meta":{"ngg_post_thumbnail":0,"footnotes":""},"class_list":["post-5613","page","type-page","status-publish","hentry"],"_links":{"self":[{"href":"https:\/\/sp1hrubieszow.pl\/index.php\/wp-json\/wp\/v2\/pages\/5613","targetHints":{"allow":["GET"]}}],"collection":[{"href":"https:\/\/sp1hrubieszow.pl\/index.php\/wp-json\/wp\/v2\/pages"}],"about":[{"href":"https:\/\/sp1hrubieszow.pl\/index.php\/wp-json\/wp\/v2\/types\/page"}],"author":[{"embeddable":true,"href":"https:\/\/sp1hrubieszow.pl\/index.php\/wp-json\/wp\/v2\/users\/2"}],"replies":[{"embeddable":true,"href":"https:\/\/sp1hrubieszow.pl\/index.php\/wp-json\/wp\/v2\/comments?post=5613"}],"version-history":[{"count":1,"href":"https:\/\/sp1hrubieszow.pl\/index.php\/wp-json\/wp\/v2\/pages\/5613\/revisions"}],"predecessor-version":[{"id":5614,"href":"https:\/\/sp1hrubieszow.pl\/index.php\/wp-json\/wp\/v2\/pages\/5613\/revisions\/5614"}],"up":[{"embeddable":true,"href":"https:\/\/sp1hrubieszow.pl\/index.php\/wp-json\/wp\/v2\/pages\/2167"}],"wp:attachment":[{"href":"https:\/\/sp1hrubieszow.pl\/index.php\/wp-json\/wp\/v2\/media?parent=5613"}],"curies":[{"name":"wp","href":"https:\/\/api.w.org\/{rel}","templated":true}]}}