{"id":5609,"date":"2020-06-12T09:53:53","date_gmt":"2020-06-12T07:53:53","guid":{"rendered":"http:\/\/sp1.hrubieszow.info\/?page_id=5609"},"modified":"2020-06-12T09:54:28","modified_gmt":"2020-06-12T07:54:28","slug":"procedury-przyjmowania-podrecznikow","status":"publish","type":"page","link":"https:\/\/sp1hrubieszow.pl\/index.php\/kronika-2019-2020\/procedury-przyjmowania-podrecznikow\/","title":{"rendered":"PROCEDURY PRZYJMOWANIA PODR\u0118CZNIK\u00d3W"},"content":{"rendered":"\n<ol>\n<li>1.<strong> Podr\u0119czniki b\u0119d\u0105 przyjmowane od&nbsp;15&nbsp;do&nbsp;23&nbsp;czerwca <\/strong><strong><br><\/strong><br>Podr\u0119czniki prosimy zapakowa\u0107 w&nbsp;worek foliowy i&nbsp;opisa\u0107 wg&nbsp;nast\u0119puj\u0105cego wzoru:<\/li>\n<\/ol>\n<ul>\n<li>imi\u0119 i&nbsp;nazwisko ucznia, klasa,<\/li>\n<\/ul>\n<ol start=\"3\">\n<li><strong>Przyjmowane b\u0119d\u0105 wy\u0142\u0105cznie pe\u0142ne komplety podr\u0119cznik\u00f3w<\/strong>. W&nbsp;sytuacji zniszczenia podr\u0119cznika prosimy o kontakt z nauczycielem biblioteki i ustalenie wp\u0142aty zgodnie<br>z cennikiem<\/li>\n<\/ol>\n<p><strong>Jak przygotowa\u0107 podr\u0119czniki do&nbsp;zwrotu?<\/strong><br>\u2013 zdejmujemy ok\u0142adki,<br>\u2013 wycieramy gumk\u0105 wszystkie podkre\u015blenia, notatki, zapiski, rysunki<br>\u2013 sprawdzamy czy&nbsp;w&nbsp;podr\u0119cznikach j\u0119zykowych znajduje si\u0119 do\u0142\u0105czona p\u0142yta<br>\u2013 rozprostowujemy zagi\u0119te kartki ( mo\u017cna przeprasowa\u0107)<br>\u2013 wyci\u0105gamy ze&nbsp;\u015brodka wszystkie swoje kartki z&nbsp;kartk\u00f3wkami, notatkami itp.<br>\u2013 pakujemy wszystkie podr\u0119czniki do&nbsp;reklam\u00f3wki lub dowolnego foliowego worka,<br><br><\/p>\n","protected":false},"excerpt":{"rendered":"<p>1. Podr\u0119czniki b\u0119d\u0105 przyjmowane od&nbsp;15&nbsp;do&nbsp;23&nbsp;czerwca Podr\u0119czniki prosimy zapakowa\u0107 w&nbsp;worek foliowy i&nbsp;opisa\u0107 wg&nbsp;nast\u0119puj\u0105cego wzoru: imi\u0119 i&nbsp;nazwisko ucznia, klasa, Przyjmowane b\u0119d\u0105 wy\u0142\u0105cznie pe\u0142ne komplety podr\u0119cznik\u00f3w. W&nbsp;sytuacji zniszczenia podr\u0119cznika prosimy o kontakt z nauczycielem biblioteki i ustalenie wp\u0142aty zgodniez cennikiem Jak przygotowa\u0107 podr\u0119czniki do&nbsp;zwrotu?\u2013 zdejmujemy ok\u0142adki,\u2013 wycieramy gumk\u0105 wszystkie podkre\u015blenia, notatki, zapiski, rysunki\u2013 sprawdzamy czy&nbsp;w&nbsp;podr\u0119cznikach j\u0119zykowych znajduje si\u0119 [&hellip;]<\/p>\n","protected":false},"author":2,"featured_media":0,"parent":2167,"menu_order":0,"comment_status":"closed","ping_status":"closed","template":"","meta":{"ngg_post_thumbnail":0,"footnotes":""},"class_list":["post-5609","page","type-page","status-publish","hentry"],"_links":{"self":[{"href":"https:\/\/sp1hrubieszow.pl\/index.php\/wp-json\/wp\/v2\/pages\/5609","targetHints":{"allow":["GET"]}}],"collection":[{"href":"https:\/\/sp1hrubieszow.pl\/index.php\/wp-json\/wp\/v2\/pages"}],"about":[{"href":"https:\/\/sp1hrubieszow.pl\/index.php\/wp-json\/wp\/v2\/types\/page"}],"author":[{"embeddable":true,"href":"https:\/\/sp1hrubieszow.pl\/index.php\/wp-json\/wp\/v2\/users\/2"}],"replies":[{"embeddable":true,"href":"https:\/\/sp1hrubieszow.pl\/index.php\/wp-json\/wp\/v2\/comments?post=5609"}],"version-history":[{"count":1,"href":"https:\/\/sp1hrubieszow.pl\/index.php\/wp-json\/wp\/v2\/pages\/5609\/revisions"}],"predecessor-version":[{"id":5610,"href":"https:\/\/sp1hrubieszow.pl\/index.php\/wp-json\/wp\/v2\/pages\/5609\/revisions\/5610"}],"up":[{"embeddable":true,"href":"https:\/\/sp1hrubieszow.pl\/index.php\/wp-json\/wp\/v2\/pages\/2167"}],"wp:attachment":[{"href":"https:\/\/sp1hrubieszow.pl\/index.php\/wp-json\/wp\/v2\/media?parent=5609"}],"curies":[{"name":"wp","href":"https:\/\/api.w.org\/{rel}","templated":true}]}}