{"id":5603,"date":"2020-06-08T18:46:01","date_gmt":"2020-06-08T16:46:01","guid":{"rendered":"http:\/\/sp1.hrubieszow.info\/?page_id=5603"},"modified":"2020-06-08T18:46:49","modified_gmt":"2020-06-08T16:46:49","slug":"rozstrzygniecie-szkolnego-konkursu-plastycznego-dla-uczestnikow-programu-pt-bieg-po-zdrowie","status":"publish","type":"page","link":"https:\/\/sp1hrubieszow.pl\/index.php\/kronika-2019-2020\/rozstrzygniecie-szkolnego-konkursu-plastycznego-dla-uczestnikow-programu-pt-bieg-po-zdrowie\/","title":{"rendered":"Rozstrzygni\u0119cie szkolnego konkursu plastycznego dla uczestnik\u00f3w programu pt. &#8222;Bieg po zdrowie.&#8221;"},"content":{"rendered":"\n<p><img loading=\"lazy\" decoding=\"async\" width=\"300\" height=\"136\" class=\"alignnone size-medium wp-image-5589\" alt=\"\" src=\"http:\/\/sp1.hrubieszow.info\/wp-content\/uploads\/2020\/06\/bieg-300x136.jpg\" srcset=\"https:\/\/sp1hrubieszow.pl\/wp-content\/uploads\/2020\/06\/bieg-300x136.jpg 300w, https:\/\/sp1hrubieszow.pl\/wp-content\/uploads\/2020\/06\/bieg-768x349.jpg 768w, https:\/\/sp1hrubieszow.pl\/wp-content\/uploads\/2020\/06\/bieg-1024x465.jpg 1024w, https:\/\/sp1hrubieszow.pl\/wp-content\/uploads\/2020\/06\/bieg-624x284.jpg 624w, https:\/\/sp1hrubieszow.pl\/wp-content\/uploads\/2020\/06\/bieg.jpg 1980w\" sizes=\"auto, (max-width: 300px) 100vw, 300px\" \/><\/p>\n<p><span style=\"color: #333399;\">Konkurs plastyczny zorganizowano na zako\u0144czenie zaj\u0119\u0107 profilaktycznych, w ramach programu \u201eBieg po zdrowie\u201d, prowadzonych w klasie czwartej przez pedagoga szkolnego oraz w ramach obchod\u00f3w \u201e\u015awiatowego Dnia bez Papierosa\u201d.<\/span><br><span style=\"color: #333399;\">Konkurs mia\u0142 na celu zapobieganie inicjacji tytoniowej, rozwijanie postawy asertywnej i zdrowego stylu \u017cycia.<\/span><br><span style=\"color: #333399;\">Program \u201eBieg po zdrowie\u201d realizowany by\u0142 pod patronatem Powiatowej Stacji Sanitarno-Epidemiologicznej <\/span><br><span style=\"color: #333399;\">w Hrubieszowie.<\/span><br><strong><span style=\"color: #333399;\">Laureaci konkursu:<\/span><\/strong><br><span style=\"color: #333399;\">I miejsce: Kasia Ivantsova, kl. IVa<\/span><br><span style=\"color: #333399;\">II miejsce: Marcin Lackowski, kl. IVa<\/span><br><span style=\"color: #333399;\">III miejsce: Wiktor Konopko, kl. IVa<\/span><br><strong><span style=\"color: #333399;\">Wyr\u00f3\u017cnienia:<\/span><\/strong><br><span style=\"color: #333399;\">1. Karol Stadnicki, kl. IVa<\/span><br><span style=\"color: #333399;\">2. Oliwia Jonak, kl. IVa<\/span><br><span style=\"color: #333399;\">3. Mateusz Bodnar, kl. IVa<\/span><br><span style=\"color: #333399;\">Organizator konkursu: Marta Kuczy\u0144ska, pedagog szkolny,<\/span><br><span style=\"color: #333399;\">w ramach realizacji programu &#8222;Profilaktyka na start&#8221; pod patronatem MKRPA Gminy Miejskiej Hrubiesz\u00f3w.<\/span><br><span style=\"color: #333399;\">Komisja konkursowa: p. Sylwia Wojak, p. Monika Anigacz, p. Agnieszka Kolano, p. Paulina Seweryn, p. Justyna Przybik, p. Anna Lewandowska.<\/span><br><span style=\"color: #333399;\">Gratulujemy laureatom konkursu! Nagrody i dyplomy zostan\u0105 wr\u0119czone w najbli\u017cszym mo\u017cliwym czasie.<\/span><\/p>\nngg_shortcode_0_placeholder\n<p>&nbsp;<\/p>\n","protected":false},"excerpt":{"rendered":"<p>Konkurs plastyczny zorganizowano na zako\u0144czenie zaj\u0119\u0107 profilaktycznych, w ramach programu \u201eBieg po zdrowie\u201d, prowadzonych w klasie czwartej przez pedagoga szkolnego oraz w ramach obchod\u00f3w \u201e\u015awiatowego Dnia bez Papierosa\u201d.Konkurs mia\u0142 na celu zapobieganie inicjacji tytoniowej, rozwijanie postawy asertywnej i zdrowego stylu \u017cycia.Program \u201eBieg po zdrowie\u201d realizowany by\u0142 pod patronatem Powiatowej Stacji Sanitarno-Epidemiologicznej w Hrubieszowie.Laureaci konkursu:I miejsce: [&hellip;]<\/p>\n","protected":false},"author":2,"featured_media":0,"parent":2167,"menu_order":0,"comment_status":"closed","ping_status":"closed","template":"","meta":{"ngg_post_thumbnail":0,"footnotes":""},"class_list":["post-5603","page","type-page","status-publish","hentry"],"_links":{"self":[{"href":"https:\/\/sp1hrubieszow.pl\/index.php\/wp-json\/wp\/v2\/pages\/5603","targetHints":{"allow":["GET"]}}],"collection":[{"href":"https:\/\/sp1hrubieszow.pl\/index.php\/wp-json\/wp\/v2\/pages"}],"about":[{"href":"https:\/\/sp1hrubieszow.pl\/index.php\/wp-json\/wp\/v2\/types\/page"}],"author":[{"embeddable":true,"href":"https:\/\/sp1hrubieszow.pl\/index.php\/wp-json\/wp\/v2\/users\/2"}],"replies":[{"embeddable":true,"href":"https:\/\/sp1hrubieszow.pl\/index.php\/wp-json\/wp\/v2\/comments?post=5603"}],"version-history":[{"count":1,"href":"https:\/\/sp1hrubieszow.pl\/index.php\/wp-json\/wp\/v2\/pages\/5603\/revisions"}],"predecessor-version":[{"id":5604,"href":"https:\/\/sp1hrubieszow.pl\/index.php\/wp-json\/wp\/v2\/pages\/5603\/revisions\/5604"}],"up":[{"embeddable":true,"href":"https:\/\/sp1hrubieszow.pl\/index.php\/wp-json\/wp\/v2\/pages\/2167"}],"wp:attachment":[{"href":"https:\/\/sp1hrubieszow.pl\/index.php\/wp-json\/wp\/v2\/media?parent=5603"}],"curies":[{"name":"wp","href":"https:\/\/api.w.org\/{rel}","templated":true}]}}