{"id":5585,"date":"2020-06-08T18:23:29","date_gmt":"2020-06-08T16:23:29","guid":{"rendered":"http:\/\/sp1.hrubieszow.info\/?page_id=5585"},"modified":"2020-06-08T18:24:09","modified_gmt":"2020-06-08T16:24:10","slug":"rozstrzygniecie-szkolnego-konkursu-plastycznego-dla-uczniow-klas-trzecich-pt-nie-pal-przy-mnie-prosze","status":"publish","type":"page","link":"https:\/\/sp1hrubieszow.pl\/index.php\/kronika-2019-2020\/rozstrzygniecie-szkolnego-konkursu-plastycznego-dla-uczniow-klas-trzecich-pt-nie-pal-przy-mnie-prosze\/","title":{"rendered":"Rozstrzygni\u0119cie szkolnego konkursu plastycznego dla uczni\u00f3w klas trzecich pt. &#8222;Nie pal przy mnie, prosz\u0119&#8230;&#8221;"},"content":{"rendered":"\n<p><img loading=\"lazy\" decoding=\"async\" width=\"300\" height=\"225\" class=\"alignnone size-medium wp-image-5569\" alt=\"\" src=\"http:\/\/sp1.hrubieszow.info\/wp-content\/uploads\/2020\/06\/palenie-300x225.jpg\" srcset=\"https:\/\/sp1hrubieszow.pl\/wp-content\/uploads\/2020\/06\/palenie-300x225.jpg 300w, https:\/\/sp1hrubieszow.pl\/wp-content\/uploads\/2020\/06\/palenie-768x576.jpg 768w, https:\/\/sp1hrubieszow.pl\/wp-content\/uploads\/2020\/06\/palenie-624x468.jpg 624w, https:\/\/sp1hrubieszow.pl\/wp-content\/uploads\/2020\/06\/palenie.jpg 960w\" sizes=\"auto, (max-width: 300px) 100vw, 300px\" \/><\/p>\n<p><span style=\"color: #333399;\">Konkurs plastyczny zorganizowano na zako\u0144czenie zaj\u0119\u0107 profilaktycznych, <\/span><br><span style=\"color: #333399;\">w ramach programu \u201eNie pal przy mnie, prosz\u0119\u2026\u201d prowadzonych w klasach trzecich przez pedagoga szkolnego oraz w ramach obchod\u00f3w \u201e\u015awiatowego Dnia bez Papierosa\u201d. Program \u201eNie pal przy mnie, prosz\u0119\u2026\u201d realizowany by\u0142 pod patronatem Powiatowej Stacji Sanitarno-Epidemiologicznej w Hrubieszowie.<\/span><br><strong><span style=\"color: #333399;\">Laureaci konkursu:<\/span><\/strong><br><span style=\"color: #333399;\">I miejsce: Nikola Pietryna, IIIb<\/span><br><span style=\"color: #333399;\">II miejsce: Oskar Urbaniak, IIIa<\/span><br><span style=\"color: #333399;\">III miejsca: Maciej Maciejczyk, kl. IIIc<\/span><br><span style=\"color: #333399;\">El\u017cbieta Zalewska, kl. IIIb<\/span><br><span style=\"color: #333399;\"><strong>Wyr\u00f3\u017cnienia:<\/strong> <\/span><br><span style=\"color: #333399;\">1.Maciej Karpa\u0142a IIIa<\/span><br><span style=\"color: #333399;\">2. Dawid Dworak, kl. IIIb<\/span><br><span style=\"color: #333399;\">3. Wiktoria Dynkiewicz, kl. IIIb <\/span><br><span style=\"color: #333399;\">4. \u0141ukasz D\u0105browski, kl. IIIb<\/span><br><span style=\"color: #333399;\">5. Gabriela Kot, kl. IIIb<\/span><br><span style=\"color: #333399;\">6. Miko\u0142aj Gardzio\u0142a, kl. IIIb<\/span><br><span style=\"color: #333399;\">7. Jan Podg\u00f3rski, kl. IIIb<\/span><br><span style=\"color: #333399;\">8. Eryk Jagie\u0142\u0142o, kl. IIIb<\/span><br><span style=\"color: #333399;\">9. Dominik Kowalczuk, kl. IIIb<\/span><br><span style=\"color: #333399;\">10.Oliwier Wo\u015bko, kl. IIIb<\/span><br><span style=\"color: #333399;\">11. Diana S\u0142upska, kl. IIIb<\/span><br><span style=\"color: #333399;\">Organizator konkursu: Marta Kuczy\u0144ska, pedagog szkolny,<\/span><br><span style=\"color: #333399;\">w ramach realizacji programu &#8222;Profilaktyka na start&#8221; pod patronatem MKRPA Gminy Miejskiej<\/span> <span style=\"color: #333399;\">Hrubiesz\u00f3w.<\/span><br><span style=\"color: #333399;\">Komisja konkursowa: p. Sylwia Wojak, p. Monika Anigacz, p. Agnieszka Kolano, p. Paulina Seweryn, p. Justyna Przybik, p. Anna Lewandowska.<\/span><br><span style=\"color: #333399;\">Gratulujemy laureatom konkursu! Nagrody i dyplomy zostan\u0105 wr\u0119czone w najbli\u017cszym mo\u017cliwym czasie.<\/span><\/p>\nngg_shortcode_0_placeholder\n","protected":false},"excerpt":{"rendered":"<p>Konkurs plastyczny zorganizowano na zako\u0144czenie zaj\u0119\u0107 profilaktycznych, w ramach programu \u201eNie pal przy mnie, prosz\u0119\u2026\u201d prowadzonych w klasach trzecich przez pedagoga szkolnego oraz w ramach obchod\u00f3w \u201e\u015awiatowego Dnia bez Papierosa\u201d. Program \u201eNie pal przy mnie, prosz\u0119\u2026\u201d realizowany by\u0142 pod patronatem Powiatowej Stacji Sanitarno-Epidemiologicznej w Hrubieszowie.Laureaci konkursu:I miejsce: Nikola Pietryna, IIIbII miejsce: Oskar Urbaniak, IIIaIII miejsca: [&hellip;]<\/p>\n","protected":false},"author":2,"featured_media":0,"parent":2167,"menu_order":0,"comment_status":"closed","ping_status":"closed","template":"","meta":{"ngg_post_thumbnail":0,"footnotes":""},"class_list":["post-5585","page","type-page","status-publish","hentry"],"_links":{"self":[{"href":"https:\/\/sp1hrubieszow.pl\/index.php\/wp-json\/wp\/v2\/pages\/5585","targetHints":{"allow":["GET"]}}],"collection":[{"href":"https:\/\/sp1hrubieszow.pl\/index.php\/wp-json\/wp\/v2\/pages"}],"about":[{"href":"https:\/\/sp1hrubieszow.pl\/index.php\/wp-json\/wp\/v2\/types\/page"}],"author":[{"embeddable":true,"href":"https:\/\/sp1hrubieszow.pl\/index.php\/wp-json\/wp\/v2\/users\/2"}],"replies":[{"embeddable":true,"href":"https:\/\/sp1hrubieszow.pl\/index.php\/wp-json\/wp\/v2\/comments?post=5585"}],"version-history":[{"count":1,"href":"https:\/\/sp1hrubieszow.pl\/index.php\/wp-json\/wp\/v2\/pages\/5585\/revisions"}],"predecessor-version":[{"id":5586,"href":"https:\/\/sp1hrubieszow.pl\/index.php\/wp-json\/wp\/v2\/pages\/5585\/revisions\/5586"}],"up":[{"embeddable":true,"href":"https:\/\/sp1hrubieszow.pl\/index.php\/wp-json\/wp\/v2\/pages\/2167"}],"wp:attachment":[{"href":"https:\/\/sp1hrubieszow.pl\/index.php\/wp-json\/wp\/v2\/media?parent=5585"}],"curies":[{"name":"wp","href":"https:\/\/api.w.org\/{rel}","templated":true}]}}