{"id":5565,"date":"2020-06-03T18:18:31","date_gmt":"2020-06-03T16:18:31","guid":{"rendered":"http:\/\/sp1.hrubieszow.info\/?page_id=5565"},"modified":"2020-06-03T18:19:05","modified_gmt":"2020-06-03T16:19:05","slug":"laureaci-konkursu-wierszyk-do-gazetki-w-roku-szkolnym-2019-2020","status":"publish","type":"page","link":"https:\/\/sp1hrubieszow.pl\/index.php\/kronika-2019-2020\/laureaci-konkursu-wierszyk-do-gazetki-w-roku-szkolnym-2019-2020\/","title":{"rendered":"Laureaci konkursu &#8222;Wierszyk do gazetki&#8221; w roku szkolnym 2019\/2020"},"content":{"rendered":"\n<p><img loading=\"lazy\" decoding=\"async\" width=\"226\" height=\"223\" class=\"alignnone size-full wp-image-5564\" alt=\"\" src=\"http:\/\/sp1.hrubieszow.info\/wp-content\/uploads\/2020\/06\/gazetka.png\"><\/p>\n<p style=\"text-align: left;\"><span style=\"color: #333399;\">Mi\u0142o nam poinformowa\u0107, \u017ce rozstrzygni\u0119to konkurs &#8222;Wierszyk do gazetki&#8221;. Komisja konkursowa nagrodzi\u0142a i wyr\u00f3\u017cni\u0142a nast\u0119puj\u0105cych uczni\u00f3w:<\/span><br><strong><span style=\"color: #333399;\">Laureaci klasy I-III<\/span><\/strong><br><span style=\"color: #333399;\">I miejsce: Miko\u0142aj Zaj\u0105c, kl. Ic<\/span><br><span style=\"color: #333399;\">II miejsca: Jessika Klimek, kl. IIc<\/span><br><span style=\"color: #333399;\">Maciej Maciejczyk, kl. IIIc<\/span><br><span style=\"color: #333399;\">III miejsce: Lena Ho\u0142\u00f3wek, kl. IIIc<\/span><br><strong><span style=\"color: #333399;\">Wyr\u00f3\u017cnienia:<\/span><\/strong><br><span style=\"color: #333399;\">1.Oliwier Kasperkiewicz, kl. IIIa<\/span><br><span style=\"color: #333399;\">2. Lena Ni\u017anikowska, kl. Ic<\/span><br><strong><span style=\"color: #333399;\">Laureaci klasy IV-VIII<\/span><\/strong><br><span style=\"color: #333399;\">I miejsce: Oliwia Dyjak, kl. VIa<\/span><br><span style=\"color: #333399;\">II miejsce: Monika Symczuk, kl. VIc<\/span><br><span style=\"color: #333399;\">III miejsce: Jan K\u0142odzi\u0144ski, kl. VIIa<\/span><br><strong><span style=\"color: #333399;\">Wyr\u00f3\u017cnienia:<\/span><\/strong><br><span style=\"color: #333399;\">1. Jakub Chomiak, kl. VIc<\/span><br><span style=\"color: #333399;\">2. Marcin Lackowski, kl. IVa<\/span><br><span style=\"color: #333399;\">3. Mi\u0142osz Ho\u0142\u00f3wek, kl.Vc<\/span><br><span style=\"color: #333399;\">4. Patrycja \u015al\u0105zak, kl. Vd<\/span><br><span style=\"color: #333399;\">5. Kaja Grosman, kl. VIa<\/span><br><span style=\"color: #333399;\">6. Eliza Pominkiewicz, kl. VIa<\/span><br><span style=\"color: #333399;\">7. Wojciech Belina, kl. VIa <\/span><br><span style=\"color: #333399;\">8. Kornelia Kruk, kl. VIIc<\/span><br><span style=\"color: #333399;\">Wiersze laureat\u00f3w konkursu zostan\u0105 zamieszczone <\/span><br><span style=\"color: #333399;\">w gazetce szkolnej &#8222;Jedyneczka-lato&#8221;, kt\u00f3ra uka\u017ce si\u0119 ju\u017c niebawem. Nagrody wr\u0119czymy przy najbli\u017cszej okazji. Dzi\u0119kujemy wszystkim za nades\u0142ane wiersze! Doceniamy, \u017ce dzi\u0119ki Wam uda\u0142o si\u0119 przeprowadzi\u0107 nasz tradycyjny konkurs w utrudnionych warunkach. Szczeg\u00f3lne podzi\u0119kowania kierujemy do Rodzic\u00f3w m\u0142odszych uczni\u00f3w:)<\/span><\/p>\n<p style=\"text-align: right;\"><br><span style=\"color: #333399;\">Zesp\u00f3\u0142 redakcyjny gazetki szkolnej &#8222;Jedyneczka&#8221;<\/span><\/p>\n","protected":false},"excerpt":{"rendered":"<p>Mi\u0142o nam poinformowa\u0107, \u017ce rozstrzygni\u0119to konkurs &#8222;Wierszyk do gazetki&#8221;. Komisja konkursowa nagrodzi\u0142a i wyr\u00f3\u017cni\u0142a nast\u0119puj\u0105cych uczni\u00f3w:Laureaci klasy I-IIII miejsce: Miko\u0142aj Zaj\u0105c, kl. IcII miejsca: Jessika Klimek, kl. IIcMaciej Maciejczyk, kl. IIIcIII miejsce: Lena Ho\u0142\u00f3wek, kl. IIIcWyr\u00f3\u017cnienia:1.Oliwier Kasperkiewicz, kl. IIIa2. Lena Ni\u017anikowska, kl. IcLaureaci klasy IV-VIIII miejsce: Oliwia Dyjak, kl. VIaII miejsce: Monika Symczuk, kl. VIcIII [&hellip;]<\/p>\n","protected":false},"author":2,"featured_media":0,"parent":2167,"menu_order":0,"comment_status":"closed","ping_status":"closed","template":"","meta":{"ngg_post_thumbnail":0,"footnotes":""},"class_list":["post-5565","page","type-page","status-publish","hentry"],"_links":{"self":[{"href":"https:\/\/sp1hrubieszow.pl\/index.php\/wp-json\/wp\/v2\/pages\/5565","targetHints":{"allow":["GET"]}}],"collection":[{"href":"https:\/\/sp1hrubieszow.pl\/index.php\/wp-json\/wp\/v2\/pages"}],"about":[{"href":"https:\/\/sp1hrubieszow.pl\/index.php\/wp-json\/wp\/v2\/types\/page"}],"author":[{"embeddable":true,"href":"https:\/\/sp1hrubieszow.pl\/index.php\/wp-json\/wp\/v2\/users\/2"}],"replies":[{"embeddable":true,"href":"https:\/\/sp1hrubieszow.pl\/index.php\/wp-json\/wp\/v2\/comments?post=5565"}],"version-history":[{"count":1,"href":"https:\/\/sp1hrubieszow.pl\/index.php\/wp-json\/wp\/v2\/pages\/5565\/revisions"}],"predecessor-version":[{"id":5566,"href":"https:\/\/sp1hrubieszow.pl\/index.php\/wp-json\/wp\/v2\/pages\/5565\/revisions\/5566"}],"up":[{"embeddable":true,"href":"https:\/\/sp1hrubieszow.pl\/index.php\/wp-json\/wp\/v2\/pages\/2167"}],"wp:attachment":[{"href":"https:\/\/sp1hrubieszow.pl\/index.php\/wp-json\/wp\/v2\/media?parent=5565"}],"curies":[{"name":"wp","href":"https:\/\/api.w.org\/{rel}","templated":true}]}}