{"id":5553,"date":"2020-06-02T17:09:20","date_gmt":"2020-06-02T15:09:20","guid":{"rendered":"http:\/\/sp1.hrubieszow.info\/?page_id=5553"},"modified":"2020-06-02T17:10:28","modified_gmt":"2020-06-02T15:10:28","slug":"moj-sportowy-wyczyn-glosujemy","status":"publish","type":"page","link":"https:\/\/sp1hrubieszow.pl\/index.php\/kronika-2019-2020\/moj-sportowy-wyczyn-glosujemy\/","title":{"rendered":"\u201eM\u00d3J SPORTOWY WYCZYN\u201d \u2013 G\u0141OSUJEMY!"},"content":{"rendered":"\n<p><span style=\"color: #333399;\">Dzi\u0119kujemy za nades\u0142anie nagra\u0144. Jeste\u015bcie niezwykli. Teraz g\u0142osowanie! Na profilu naszej szko\u0142y na Facebooku przedstawili\u015bmy Wam filmy konkursowe, ukazuj\u0105ce umiej\u0119tno\u015bci sportowe naszych uczni\u00f3w. O zwyci\u0119stwie zadecyduje liczba polubie\u0144. G\u0142osujemy do pi\u0105tku, do godziny 12.00. Czas start!<\/span><\/p>\n","protected":false},"excerpt":{"rendered":"<p>Dzi\u0119kujemy za nades\u0142anie nagra\u0144. Jeste\u015bcie niezwykli. Teraz g\u0142osowanie! Na profilu naszej szko\u0142y na Facebooku przedstawili\u015bmy Wam filmy konkursowe, ukazuj\u0105ce umiej\u0119tno\u015bci sportowe naszych uczni\u00f3w. O zwyci\u0119stwie zadecyduje liczba polubie\u0144. G\u0142osujemy do pi\u0105tku, do godziny 12.00. Czas start!<\/p>\n","protected":false},"author":2,"featured_media":0,"parent":2167,"menu_order":0,"comment_status":"closed","ping_status":"closed","template":"","meta":{"ngg_post_thumbnail":0,"footnotes":""},"class_list":["post-5553","page","type-page","status-publish","hentry"],"_links":{"self":[{"href":"https:\/\/sp1hrubieszow.pl\/index.php\/wp-json\/wp\/v2\/pages\/5553","targetHints":{"allow":["GET"]}}],"collection":[{"href":"https:\/\/sp1hrubieszow.pl\/index.php\/wp-json\/wp\/v2\/pages"}],"about":[{"href":"https:\/\/sp1hrubieszow.pl\/index.php\/wp-json\/wp\/v2\/types\/page"}],"author":[{"embeddable":true,"href":"https:\/\/sp1hrubieszow.pl\/index.php\/wp-json\/wp\/v2\/users\/2"}],"replies":[{"embeddable":true,"href":"https:\/\/sp1hrubieszow.pl\/index.php\/wp-json\/wp\/v2\/comments?post=5553"}],"version-history":[{"count":1,"href":"https:\/\/sp1hrubieszow.pl\/index.php\/wp-json\/wp\/v2\/pages\/5553\/revisions"}],"predecessor-version":[{"id":5554,"href":"https:\/\/sp1hrubieszow.pl\/index.php\/wp-json\/wp\/v2\/pages\/5553\/revisions\/5554"}],"up":[{"embeddable":true,"href":"https:\/\/sp1hrubieszow.pl\/index.php\/wp-json\/wp\/v2\/pages\/2167"}],"wp:attachment":[{"href":"https:\/\/sp1hrubieszow.pl\/index.php\/wp-json\/wp\/v2\/media?parent=5553"}],"curies":[{"name":"wp","href":"https:\/\/api.w.org\/{rel}","templated":true}]}}