{"id":5540,"date":"2020-06-01T07:45:22","date_gmt":"2020-06-01T05:45:22","guid":{"rendered":"http:\/\/sp1.hrubieszow.info\/?page_id=5540"},"modified":"2020-06-01T11:35:04","modified_gmt":"2020-06-01T09:35:04","slug":"dzien-dziecka-2","status":"publish","type":"page","link":"https:\/\/sp1hrubieszow.pl\/index.php\/kronika-2019-2020\/dzien-dziecka-2\/","title":{"rendered":"Dzie\u0144 Dziecka"},"content":{"rendered":"\n<p><img loading=\"lazy\" decoding=\"async\" class=\"alignnone size-medium wp-image-5538\" src=\"http:\/\/sp1.hrubieszow.info\/wp-content\/uploads\/2020\/06\/e64005d9feec67bd567cfdba29181213-300x217.jpg\" alt=\"\" height=\"217\" width=\"300\" srcset=\"https:\/\/sp1hrubieszow.pl\/wp-content\/uploads\/2020\/06\/e64005d9feec67bd567cfdba29181213-300x217.jpg 300w, https:\/\/sp1hrubieszow.pl\/wp-content\/uploads\/2020\/06\/e64005d9feec67bd567cfdba29181213-768x555.jpg 768w, https:\/\/sp1hrubieszow.pl\/wp-content\/uploads\/2020\/06\/e64005d9feec67bd567cfdba29181213-624x451.jpg 624w, https:\/\/sp1hrubieszow.pl\/wp-content\/uploads\/2020\/06\/e64005d9feec67bd567cfdba29181213.jpg 830w\" sizes=\"auto, (max-width: 300px) 100vw, 300px\" \/><\/p>\n<p style=\"text-align: center;\"><strong><span style=\"color: #333399;\">1 czerwca &#8211; Dzie\u0144 Dziecka to jedno z najbardziej wyczekiwanych przez dzieci \u015bwi\u0105t.<\/span><\/strong><br><strong><span style=\"color: #333399;\">W tym roku wypada ono w poniedzia\u0142ek.<\/span><\/strong><br><strong><span style=\"color: #333399;\">B\u0119dzie nieco inaczej obchodzone.<\/span><\/strong><br><strong><span style=\"color: #333399;\">No c\u00f3\u017c mamy nadziej\u0119, \u017ce zaplanowany na ten wyj\u0105tkowy dla Was dzie\u0144- dzie\u0144 sportu nadrobimy <\/span><\/strong><strong><span style=\"color: #333399;\">w najbli\u017cszym czasie.<\/span><\/strong><br><strong><span style=\"color: #333399;\">Dzi\u015b mog\u0119 jedynie z\u0142o\u017cy\u0107 Wam wszystkim \u017cyczenia poprzez stron\u0119 internetow\u0105.<\/span><\/strong><br><strong><span style=\"color: #993366;\">,,Wita Was s\u0142oneczny ranek,<\/span><\/strong><br><strong><span style=\"color: #993366;\">tyle dzisiaj niespodzianek,<\/span><\/strong><br><strong><span style=\"color: #993366;\">tyle przyg\u00f3d czeka nas.<\/span><\/strong><br><strong><span style=\"color: #993366;\">Pierwszy czerwca &#8211; wstawa\u0107 czas!<\/span><\/strong><br><strong><span style=\"color: #993366;\">Wszyscy \u015bmiej\u0105 si\u0119 od rana,<\/span><\/strong><br><strong><span style=\"color: #993366;\">nawet mr\u00f3wka roze\u015bmiana.<\/span><\/strong><br><strong><span style=\"color: #993366;\">Czar zabawy dzi\u015b panuje,<\/span><\/strong><br><strong><span style=\"color: #993366;\">i beztroska tu kr\u00f3luje.<\/span><\/strong><br><strong><span style=\"color: #993366;\">Ach! Jak ptaszki dzi\u015b \u015bpiewaj\u0105<\/span><\/strong><br><strong><span style=\"color: #993366;\">tak \u017cyczenia Wam sk\u0142adaj\u0105&#8230;\u2019\u2019<\/span><\/strong><br><strong><span style=\"color: #333399;\">Wszystkim Dzieciom z okazji Waszego \u015awi\u0119ta,<\/span><\/strong><br><strong><span style=\"color: #333399;\">sk\u0142adamy \u017cyczenia:<\/span><\/strong><br><strong><span style=\"color: #333399;\">\u2981 radosnego dzieci\u0144stwa<\/span><\/strong><br><strong><span style=\"color: #333399;\">\u2981 serdecznych przyjaci\u00f3\u0142<\/span><\/strong><br><strong><span style=\"color: #333399;\">\u2981 bajecznych wspomnie\u0144<\/span><\/strong><br><strong><span style=\"color: #333399;\">\u2981 sukces\u00f3w w szkole<\/span><\/strong><br><strong><span style=\"color: #333399;\">\u2981 rozwijania w\u0142asnych pasji i talent\u00f3w<\/span><\/strong><br><strong><span style=\"color: #333399;\">Niech ka\u017cdy Wasz dzie\u0144 przepe\u0142niony b\u0119dzie rado\u015bci\u0105 <\/span><\/strong><br><strong><span style=\"color: #333399;\">i zabaw\u0105. Wspania\u0142ych przyg\u00f3d.<\/span><\/strong><br><strong><span style=\"color: #333399;\">\u017byczy: dyrekcja Szko\u0142y Podstawowej Nr 1<\/span><\/strong><\/p>\n<p style=\"text-align: left;\"><br><span style=\"color: #333399;\">Czym obdarowa\u0107 nasze dzieci w tym dniu? Z pewno\u015bci\u0105 b\u0119d\u0105 zadowolone, gdy dostan\u0105 jaki\u015b prezent, ale od samych prezent\u00f3w wa\u017cniejsza jest atmosfera. A to ju\u017c nie zale\u017cy od ilo\u015bci pieni\u0119dzy, lecz od naszych ch\u0119ci i pomys\u0142owo\u015bci.<\/span><\/p>\n<p style=\"text-align: left;\"><span style=\"color: #333399;\">Nasze Propozycje pomys\u0142\u00f3w na \u015bwi\u0119towanie Dnia Dziecka:<\/span><\/p>\n<p style=\"text-align: left;\"><span style=\"color: #ff0000;\"> Bajka dla najm\u0142odszych o tym, \u017ce ka\u017cdy ma r\u00f3wne prawa, bajka o tolerancji i szacunku do innego cz\u0142owieka<\/span><br><span style=\"color: #0000ff;\"><strong><a style=\"color: #0000ff;\" href=\"http:\/\/sp1.hrubieszow.info\/wp-content\/uploads\/2020\/06\/Bajka-o-tolernacji-i-szacunku..docx\">Bajka o tolerancji i szacunku.<\/a><\/strong><\/span><\/p>\n<p style=\"text-align: left;\"><span style=\"color: #ff0000;\">&nbsp;<\/span><span style=\"color: #800080;\"><span style=\"color: #ff0000;\">Prezentacja o dzieciach<\/span> &nbsp;&nbsp; &nbsp;<\/span><span style=\"color: #0000ff;\"><strong><a style=\"color: #0000ff;\" href=\"http:\/\/sp1.hrubieszow.info\/wp-content\/uploads\/2020\/06\/Dzie\u0144-Dziecka-1.pptx\">Dzie\u0144 Dziecka<\/a><\/strong><\/span><\/p>\n<p><span style=\"background-color: #ffffff;\"><span style=\"color: #ff0000;\">Piosenka o Prawach Dziecka Piosenki dla dzieci &#8211; Ma\u0142a Orkiestra<\/span> <\/span><br><a href=\"https:\/\/www.youtube.com\/watch?v=Mudintn3BM4\"><strong><span style=\"color: #0000ff; background-color: #ffffff;\">https:\/\/www.youtube.com\/watch?v=Mudintn3BM4<\/span><\/strong><\/a><\/p>\n<p><span style=\"color: #ff0000;\">Spot Rzecznika Praw Dziecka<\/span><br><a href=\"https:\/\/brpd.gov.pl\/sites\/default\/files\/dzieci_maja_prawa_uniweralny_spot_tv.mp4\"><strong><span style=\"color: #0000ff;\">https:\/\/brpd.gov.pl\/sites\/default\/files\/dzieci_maja_prawa_uniweralny_spot_tv.mp4<\/span><\/strong><\/a><\/p>\n<p><span style=\"color: #ff0000;\">Kupony do wydruku&nbsp;<\/span><\/p>\n<p><img loading=\"lazy\" decoding=\"async\" class=\"alignnone size-medium wp-image-5542\" src=\"http:\/\/sp1.hrubieszow.info\/wp-content\/uploads\/2020\/06\/kupony-dla-dziecka-300x212.jpg\" alt=\"\" height=\"212\" width=\"300\" srcset=\"https:\/\/sp1hrubieszow.pl\/wp-content\/uploads\/2020\/06\/kupony-dla-dziecka-300x212.jpg 300w, https:\/\/sp1hrubieszow.pl\/wp-content\/uploads\/2020\/06\/kupony-dla-dziecka-768x543.jpg 768w, https:\/\/sp1hrubieszow.pl\/wp-content\/uploads\/2020\/06\/kupony-dla-dziecka-1024x724.jpg 1024w, https:\/\/sp1hrubieszow.pl\/wp-content\/uploads\/2020\/06\/kupony-dla-dziecka-624x441.jpg 624w\" sizes=\"auto, (max-width: 300px) 100vw, 300px\" \/><\/p>\n<p><span style=\"color: #ff0000;\">Przypominamy tak\u017ce o naszym konkursie &#8222;M\u00f3j sportowy wyczyn&#8221; i czekamy na Wasze filmiki. \ud83d\ude42<\/span><\/p>\n<p><strong><span style=\"color: #3366ff;\"><a style=\"color: #3366ff;\" href=\"http:\/\/sp1.hrubieszow.info\/wp-content\/uploads\/2020\/06\/KONKURS-M\u00f3j-sportowy-wyczyn.docx\">KONKURS M\u00f3j sportowy wyczyn<\/a><\/span><\/strong><\/p>\n<p style=\"text-align: center;\"><img loading=\"lazy\" decoding=\"async\" class=\"alignnone size-medium wp-image-5539\" src=\"http:\/\/sp1.hrubieszow.info\/wp-content\/uploads\/2020\/06\/spiewak_1-300x141.jpg\" alt=\"\" height=\"141\" width=\"300\" srcset=\"https:\/\/sp1hrubieszow.pl\/wp-content\/uploads\/2020\/06\/spiewak_1-300x141.jpg 300w, https:\/\/sp1hrubieszow.pl\/wp-content\/uploads\/2020\/06\/spiewak_1-624x293.jpg 624w, https:\/\/sp1hrubieszow.pl\/wp-content\/uploads\/2020\/06\/spiewak_1.jpg 640w\" sizes=\"auto, (max-width: 300px) 100vw, 300px\" \/><\/p>\n<p>&nbsp;<\/p>\n<p>&nbsp;<\/p>\n<p>&nbsp;<\/p>\n","protected":false},"excerpt":{"rendered":"<p>1 czerwca &#8211; Dzie\u0144 Dziecka to jedno z najbardziej wyczekiwanych przez dzieci \u015bwi\u0105t.W tym roku wypada ono w poniedzia\u0142ek.B\u0119dzie nieco inaczej obchodzone.No c\u00f3\u017c mamy nadziej\u0119, \u017ce zaplanowany na ten wyj\u0105tkowy dla Was dzie\u0144- dzie\u0144 sportu nadrobimy w najbli\u017cszym czasie.Dzi\u015b mog\u0119 jedynie z\u0142o\u017cy\u0107 Wam wszystkim \u017cyczenia poprzez stron\u0119 internetow\u0105.,,Wita Was s\u0142oneczny ranek,tyle dzisiaj niespodzianek,tyle przyg\u00f3d czeka [&hellip;]<\/p>\n","protected":false},"author":2,"featured_media":0,"parent":2167,"menu_order":0,"comment_status":"closed","ping_status":"closed","template":"","meta":{"ngg_post_thumbnail":0,"footnotes":""},"class_list":["post-5540","page","type-page","status-publish","hentry"],"_links":{"self":[{"href":"https:\/\/sp1hrubieszow.pl\/index.php\/wp-json\/wp\/v2\/pages\/5540","targetHints":{"allow":["GET"]}}],"collection":[{"href":"https:\/\/sp1hrubieszow.pl\/index.php\/wp-json\/wp\/v2\/pages"}],"about":[{"href":"https:\/\/sp1hrubieszow.pl\/index.php\/wp-json\/wp\/v2\/types\/page"}],"author":[{"embeddable":true,"href":"https:\/\/sp1hrubieszow.pl\/index.php\/wp-json\/wp\/v2\/users\/2"}],"replies":[{"embeddable":true,"href":"https:\/\/sp1hrubieszow.pl\/index.php\/wp-json\/wp\/v2\/comments?post=5540"}],"version-history":[{"count":5,"href":"https:\/\/sp1hrubieszow.pl\/index.php\/wp-json\/wp\/v2\/pages\/5540\/revisions"}],"predecessor-version":[{"id":5551,"href":"https:\/\/sp1hrubieszow.pl\/index.php\/wp-json\/wp\/v2\/pages\/5540\/revisions\/5551"}],"up":[{"embeddable":true,"href":"https:\/\/sp1hrubieszow.pl\/index.php\/wp-json\/wp\/v2\/pages\/2167"}],"wp:attachment":[{"href":"https:\/\/sp1hrubieszow.pl\/index.php\/wp-json\/wp\/v2\/media?parent=5540"}],"curies":[{"name":"wp","href":"https:\/\/api.w.org\/{rel}","templated":true}]}}