{"id":5508,"date":"2020-05-29T19:36:12","date_gmt":"2020-05-29T17:36:12","guid":{"rendered":"http:\/\/sp1.hrubieszow.info\/?page_id=5508"},"modified":"2020-05-29T19:39:58","modified_gmt":"2020-05-29T17:39:58","slug":"konkurs-moj-sportowy-wyczyn","status":"publish","type":"page","link":"https:\/\/sp1hrubieszow.pl\/index.php\/kronika-2019-2020\/konkurs-moj-sportowy-wyczyn\/","title":{"rendered":"KONKURS \u201eM\u00d3J SPORTOWY WYCZYN\u201d"},"content":{"rendered":"\n<p><img loading=\"lazy\" decoding=\"async\" width=\"300\" height=\"205\" class=\"alignnone size-medium wp-image-5507\" alt=\"\" src=\"http:\/\/sp1.hrubieszow.info\/wp-content\/uploads\/2020\/05\/sport-300x205.jpg\" srcset=\"https:\/\/sp1hrubieszow.pl\/wp-content\/uploads\/2020\/05\/sport-300x205.jpg 300w, https:\/\/sp1hrubieszow.pl\/wp-content\/uploads\/2020\/05\/sport-768x524.jpg 768w, https:\/\/sp1hrubieszow.pl\/wp-content\/uploads\/2020\/05\/sport-1024x699.jpg 1024w, https:\/\/sp1hrubieszow.pl\/wp-content\/uploads\/2020\/05\/sport-624x426.jpg 624w, https:\/\/sp1hrubieszow.pl\/wp-content\/uploads\/2020\/05\/sport.jpg 1095w\" sizes=\"auto, (max-width: 300px) 100vw, 300px\" \/><\/p>\n<p><span style=\"color: #333399;\">Drodzy Uczniowie, ju\u017c niebawem Wasze \u015bwi\u0119to \u2013 Dzie\u0144 Dziecka! W zwi\u0105zku z&nbsp;przypadaj\u0105cym &nbsp; &nbsp; &nbsp; 1 czerwca \u015bwi\u0119tem po\u0142\u0105czonym w naszej szkole z Dniem Sportu, organizujemy konkurs promuj\u0105cy aktywno\u015b\u0107 fizyczn\u0105 \u2013 \u201eM\u00f3j sportowy wyczyn\u201d. Uprawiasz sport? Potrafisz wykonywa\u0107 triki (z wykorzystaniem pi\u0142ki, roweru, hulajnogi, deskorolki, \u0142y\u017cworolek itp.)? Chcesz zaprezentowa\u0107 swoje zdolno\u015bci i sprawno\u015b\u0107 ruchow\u0105? Koniecznie we\u017a udzia\u0142!<\/span><br><span style=\"color: #333399;\">REGULAMIN KONKURSU<\/span><br><span style=\"color: #333399;\">Konkurs skierowany jest do wszystkich uczni\u00f3w z podzia\u0142em na dwie kategorie wiekowe:<\/span><br><span style=\"color: #333399;\">KATEGORIA I \u2013 KLASY 1-3 oraz ODDZIA\u0141 PRZEDSZKOLNY<\/span><br><span style=\"color: #333399;\">KATEGORIA II \u2013 KLASY 4-8<\/span><br><span style=\"color: #333399;\">Oceniane b\u0119d\u0105:<\/span><br><span style=\"color: #333399;\">&#8211; poziom sprawno\u015bci fizycznej,<\/span><br><span style=\"color: #333399;\">&#8211; oryginalno\u015b\u0107 wykonania.<\/span><br><span style=\"color: #333399;\">Film powinien przedstawia\u0107 wyczyn sportowy w zakresie: je\u017adziectwa, sztuk walki, wspinaczki, parkour, pi\u0142ki no\u017cnej, koszyk\u00f3wki, siatk\u00f3wki, pi\u0142ki r\u0119cznej, gimnastyki, akrobatyki, p\u0142ywania, jazdy na rowerze, jazdy na deskorolce, jazdy na hulajnodze, jazdy na \u0142y\u017cworolkach lub wrotkach itp.<\/span><br><span style=\"color: #333399;\">Czas nagrania nie powinien przekracza\u0107 2 minut.<\/span><br><span style=\"color: #333399;\">Mile widziane powi\u0105zanie aktywno\u015bci fizycznej ze \u015bwi\u0119towaniem Dnia Dziecka.<\/span><br><span style=\"color: #333399;\">Nagranie nale\u017cy przes\u0142a\u0107 poprzez szkolny profil na Facebooku do wtorku 2.06.2020 roku. Nagrania zostan\u0105 opublikowane na szkolnym Facebooku, a ilo\u015b\u0107 POLUBIE\u0143 zadecyduje o&nbsp;wygranej. Przewidziane nagrody dla zwyci\u0119zc\u00f3w z ka\u017cdej kategorii.<\/span><br><span style=\"color: #333399;\">Og\u0142oszenie wynik\u00f3w nast\u0105pi po powrocie uczni\u00f3w do szko\u0142y.<\/span><br><span style=\"color: #333399;\">Organizator zastrzega sobie prawo do zmiany terminu og\u0142oszenia oficjalnych wynik\u00f3w.<\/span><br><span style=\"color: #333399;\">PRZES\u0141ANIE FILMU JEST R\u00d3WNOZNACZNE Z WYRA\u017bENIEM ZGODY NA UDOST\u0118PNIENIE &nbsp; &nbsp; &nbsp; &nbsp; &nbsp; &nbsp; &nbsp; &nbsp; I WYKORZYSTANIE WIZERUNKU.<\/span><\/p>\n<p>&nbsp;<\/p>\n","protected":false},"excerpt":{"rendered":"<p>Drodzy Uczniowie, ju\u017c niebawem Wasze \u015bwi\u0119to \u2013 Dzie\u0144 Dziecka! W zwi\u0105zku z&nbsp;przypadaj\u0105cym &nbsp; &nbsp; &nbsp; 1 czerwca \u015bwi\u0119tem po\u0142\u0105czonym w naszej szkole z Dniem Sportu, organizujemy konkurs promuj\u0105cy aktywno\u015b\u0107 fizyczn\u0105 \u2013 \u201eM\u00f3j sportowy wyczyn\u201d. Uprawiasz sport? Potrafisz wykonywa\u0107 triki (z wykorzystaniem pi\u0142ki, roweru, hulajnogi, deskorolki, \u0142y\u017cworolek itp.)? Chcesz zaprezentowa\u0107 swoje zdolno\u015bci i sprawno\u015b\u0107 ruchow\u0105? Koniecznie [&hellip;]<\/p>\n","protected":false},"author":2,"featured_media":0,"parent":2167,"menu_order":0,"comment_status":"closed","ping_status":"closed","template":"","meta":{"ngg_post_thumbnail":0,"footnotes":""},"class_list":["post-5508","page","type-page","status-publish","hentry"],"_links":{"self":[{"href":"https:\/\/sp1hrubieszow.pl\/index.php\/wp-json\/wp\/v2\/pages\/5508","targetHints":{"allow":["GET"]}}],"collection":[{"href":"https:\/\/sp1hrubieszow.pl\/index.php\/wp-json\/wp\/v2\/pages"}],"about":[{"href":"https:\/\/sp1hrubieszow.pl\/index.php\/wp-json\/wp\/v2\/types\/page"}],"author":[{"embeddable":true,"href":"https:\/\/sp1hrubieszow.pl\/index.php\/wp-json\/wp\/v2\/users\/2"}],"replies":[{"embeddable":true,"href":"https:\/\/sp1hrubieszow.pl\/index.php\/wp-json\/wp\/v2\/comments?post=5508"}],"version-history":[{"count":2,"href":"https:\/\/sp1hrubieszow.pl\/index.php\/wp-json\/wp\/v2\/pages\/5508\/revisions"}],"predecessor-version":[{"id":5513,"href":"https:\/\/sp1hrubieszow.pl\/index.php\/wp-json\/wp\/v2\/pages\/5508\/revisions\/5513"}],"up":[{"embeddable":true,"href":"https:\/\/sp1hrubieszow.pl\/index.php\/wp-json\/wp\/v2\/pages\/2167"}],"wp:attachment":[{"href":"https:\/\/sp1hrubieszow.pl\/index.php\/wp-json\/wp\/v2\/media?parent=5508"}],"curies":[{"name":"wp","href":"https:\/\/api.w.org\/{rel}","templated":true}]}}