{"id":5502,"date":"2020-05-29T17:37:41","date_gmt":"2020-05-29T15:37:41","guid":{"rendered":"http:\/\/sp1.hrubieszow.info\/?page_id=5502"},"modified":"2020-05-29T17:38:03","modified_gmt":"2020-05-29T15:38:03","slug":"programy-profilaktyki-antytytoniowej-nie-pal-przy-mnie-prosze-oraz-bieg-po-zdrowie-zakonczenie-realizacji","status":"publish","type":"page","link":"https:\/\/sp1hrubieszow.pl\/index.php\/kronika-2019-2020\/programy-profilaktyki-antytytoniowej-nie-pal-przy-mnie-prosze-oraz-bieg-po-zdrowie-zakonczenie-realizacji\/","title":{"rendered":"Programy profilaktyki antytytoniowej: &#8222;Nie pal przy mnie, prosz\u0119&#8230;&#8221; oraz &#8222;Bieg po zdrowie&#8221;-zako\u0144czenie realizacji."},"content":{"rendered":"\n<p><span style=\"color: #333399;\">Zako\u0144czy\u0142a si\u0119 realizacja program\u00f3w profilaktycznych, po\u015bwi\u0119conych profilaktyce antytytoniowej. Uczniowie, podczas nauki zdalnej, bardzo aktywnie w\u0142\u0105czyli si\u0119 w realizacj\u0119 zaj\u0119\u0107 profilaktycznych. Wykonywali rysunki, plansze, krzy\u017c\u00f3wki, karty pracy i wywiady, kt\u00f3re mo\u017cna podziwia\u0107 w galerii zdj\u0119\u0107 poni\u017cej. W programie &#8222;Nie pal przy mnie, prosz\u0119&#8230;&#8221; uczestniczyli uczniowie klas IIIa, IIIb, IIIc, za\u015b w programie &#8222;Bieg po zdrowie&#8221;- uczniowie klasy IV a. Uczestnicy program\u00f3w wzi\u0119li udzia\u0142 w konkursach plastycznych, kt\u00f3rych rozstrzygni\u0119cie nast\u0105pi niebawem.<\/span><br><span style=\"color: #333399;\">Dzi\u0119kuj\u0119 wszystkim uczniom i ich rodzicom za udzia\u0142 w programach, za\u015b wychowawcom: p. Paulinie Seweryn (IIIa), p. Katarzynie Sztuk (IIIb), p. Ma\u0142gorzacie Sidorskiej (IIIc) oraz p. Ewie Szostak (IVa) za wsp\u00f3\u0142prac\u0119 przy realizacji program\u00f3w.<\/span><br><span style=\"color: #333399;\">Koordynator i realizator program\u00f3w: &#8222;Nie pal przy mnie, prosz\u0119&#8230;&#8221; oraz &#8222;Bieg po zdrowie&#8221;-Marta Kuczy\u0144ska, pedagog szkolny<\/span><\/p>\nngg_shortcode_0_placeholder\n","protected":false},"excerpt":{"rendered":"<p>Zako\u0144czy\u0142a si\u0119 realizacja program\u00f3w profilaktycznych, po\u015bwi\u0119conych profilaktyce antytytoniowej. Uczniowie, podczas nauki zdalnej, bardzo aktywnie w\u0142\u0105czyli si\u0119 w realizacj\u0119 zaj\u0119\u0107 profilaktycznych. Wykonywali rysunki, plansze, krzy\u017c\u00f3wki, karty pracy i wywiady, kt\u00f3re mo\u017cna podziwia\u0107 w galerii zdj\u0119\u0107 poni\u017cej. W programie &#8222;Nie pal przy mnie, prosz\u0119&#8230;&#8221; uczestniczyli uczniowie klas IIIa, IIIb, IIIc, za\u015b w programie &#8222;Bieg po zdrowie&#8221;- uczniowie [&hellip;]<\/p>\n","protected":false},"author":2,"featured_media":0,"parent":2167,"menu_order":0,"comment_status":"closed","ping_status":"closed","template":"","meta":{"ngg_post_thumbnail":0,"footnotes":""},"class_list":["post-5502","page","type-page","status-publish","hentry"],"_links":{"self":[{"href":"https:\/\/sp1hrubieszow.pl\/index.php\/wp-json\/wp\/v2\/pages\/5502","targetHints":{"allow":["GET"]}}],"collection":[{"href":"https:\/\/sp1hrubieszow.pl\/index.php\/wp-json\/wp\/v2\/pages"}],"about":[{"href":"https:\/\/sp1hrubieszow.pl\/index.php\/wp-json\/wp\/v2\/types\/page"}],"author":[{"embeddable":true,"href":"https:\/\/sp1hrubieszow.pl\/index.php\/wp-json\/wp\/v2\/users\/2"}],"replies":[{"embeddable":true,"href":"https:\/\/sp1hrubieszow.pl\/index.php\/wp-json\/wp\/v2\/comments?post=5502"}],"version-history":[{"count":1,"href":"https:\/\/sp1hrubieszow.pl\/index.php\/wp-json\/wp\/v2\/pages\/5502\/revisions"}],"predecessor-version":[{"id":5503,"href":"https:\/\/sp1hrubieszow.pl\/index.php\/wp-json\/wp\/v2\/pages\/5502\/revisions\/5503"}],"up":[{"embeddable":true,"href":"https:\/\/sp1hrubieszow.pl\/index.php\/wp-json\/wp\/v2\/pages\/2167"}],"wp:attachment":[{"href":"https:\/\/sp1hrubieszow.pl\/index.php\/wp-json\/wp\/v2\/media?parent=5502"}],"curies":[{"name":"wp","href":"https:\/\/api.w.org\/{rel}","templated":true}]}}