{"id":549,"date":"2019-04-03T13:55:22","date_gmt":"2019-04-03T11:55:22","guid":{"rendered":"http:\/\/sp1.hrubieszow.info\/?page_id=549"},"modified":"2019-04-03T13:55:22","modified_gmt":"2019-04-03T11:55:22","slug":"sposob-na-ortografie-w-klubie-ortograffiti","status":"publish","type":"page","link":"https:\/\/sp1hrubieszow.pl\/index.php\/nauczyciele\/pedagog\/pedagog-2019\/sposob-na-ortografie-w-klubie-ortograffiti\/","title":{"rendered":"Spos\u00f3b na ortografi\u0119 w \u201eKlubie Ortograffiti\u201d"},"content":{"rendered":"\n<p style=\"text-align: justify;\"><span style=\"color: #000080;\">W dniu 27.03.2019r. w Szkole Podstawowej Nr 1 w Hrubieszowie odby\u0142y si\u0119&nbsp; zaj\u0119cia <\/span><br><span style=\"color: #000080;\">pt. \u201eJak opanowa\u0107 trudne s\u0142\u00f3wka radzi s\u00f3wka -m\u0105dra g\u0142\u00f3wka\u201d.<\/span><br><span style=\"color: #000080;\">Uczniowie klas drugich, b\u0119d\u0105cy na co dzie\u0144 uczestnikami r\u00f3\u017cnego rodzaju zaj\u0119\u0107 dodatkowych, realizowanych w ramach pomocy psychologiczno-pedagogicznej, w tym zaj\u0119\u0107 rozwijaj\u0105cych zainteresowania czytelnicze, wzi\u0119li udzia\u0142 w weso\u0142ej lekcji ortograficznej.<\/span><br><span style=\"color: #000080;\">Drugoklasi\u015bci tworzyli plakaty ortograficzne oraz mapy my\u015bli wed\u0142ug wybranych kategorii takich jak np. owoce i warzywa, kwiaty, przedmioty, nazwy miesi\u0119cy, bohaterowie bajek itp.<\/span><br><span style=\"color: #000080;\">Podczas pracy pos\u0142ugiwali si\u0119 s\u0142owniczkami, przygotowanymi przez cz\u0142onk\u00f3w \u201eKlubu Ortograffiti\u201d. Dzi\u0119ki tw\u00f3rczej pracy utrwalili pisowni\u0119 wyraz\u00f3w z trudno\u015bci\u0105 ortograficzn\u0105. Dzieci z uwag\u0105 wys\u0142ucha\u0142y czytanych przez nauczycieli \u201eBajek Bratka\u201d, kt\u00f3re przybli\u017cy\u0142y im skuteczne sposoby uczenia si\u0119, w tym pomys\u0142y na nauk\u0119 ortografii.<\/span><br><span style=\"color: #000080;\">Zaj\u0119cia zrealizowano jako zadanie marcowe, w ramach wdra\u017cania innowacji pedagogicznej \u201eKlub Ortograffiti\u201d. W realizacj\u0119 zadania w\u0142\u0105czyli si\u0119 uczniowie klas 2a i 2b pod opiek\u0105 pa\u0144: Agnieszki Kwa\u015bnik, Katarzyny Sztuk oraz Marty Kuczy\u0144skiej.<\/span><\/p>\nngg_shortcode_0_placeholder\n","protected":false},"excerpt":{"rendered":"<p>W dniu 27.03.2019r. w Szkole Podstawowej Nr 1 w Hrubieszowie odby\u0142y si\u0119&nbsp; zaj\u0119cia pt. \u201eJak opanowa\u0107 trudne s\u0142\u00f3wka radzi s\u00f3wka -m\u0105dra g\u0142\u00f3wka\u201d.Uczniowie klas drugich, b\u0119d\u0105cy na co dzie\u0144 uczestnikami r\u00f3\u017cnego rodzaju zaj\u0119\u0107 dodatkowych, realizowanych w ramach pomocy psychologiczno-pedagogicznej, w tym zaj\u0119\u0107 rozwijaj\u0105cych zainteresowania czytelnicze, wzi\u0119li udzia\u0142 w weso\u0142ej lekcji ortograficznej.Drugoklasi\u015bci tworzyli plakaty ortograficzne oraz mapy [&hellip;]<\/p>\n","protected":false},"author":1,"featured_media":0,"parent":75,"menu_order":3,"comment_status":"closed","ping_status":"closed","template":"","meta":{"ngg_post_thumbnail":0,"footnotes":""},"class_list":["post-549","page","type-page","status-publish","hentry"],"_links":{"self":[{"href":"https:\/\/sp1hrubieszow.pl\/index.php\/wp-json\/wp\/v2\/pages\/549","targetHints":{"allow":["GET"]}}],"collection":[{"href":"https:\/\/sp1hrubieszow.pl\/index.php\/wp-json\/wp\/v2\/pages"}],"about":[{"href":"https:\/\/sp1hrubieszow.pl\/index.php\/wp-json\/wp\/v2\/types\/page"}],"author":[{"embeddable":true,"href":"https:\/\/sp1hrubieszow.pl\/index.php\/wp-json\/wp\/v2\/users\/1"}],"replies":[{"embeddable":true,"href":"https:\/\/sp1hrubieszow.pl\/index.php\/wp-json\/wp\/v2\/comments?post=549"}],"version-history":[{"count":1,"href":"https:\/\/sp1hrubieszow.pl\/index.php\/wp-json\/wp\/v2\/pages\/549\/revisions"}],"predecessor-version":[{"id":550,"href":"https:\/\/sp1hrubieszow.pl\/index.php\/wp-json\/wp\/v2\/pages\/549\/revisions\/550"}],"up":[{"embeddable":true,"href":"https:\/\/sp1hrubieszow.pl\/index.php\/wp-json\/wp\/v2\/pages\/75"}],"wp:attachment":[{"href":"https:\/\/sp1hrubieszow.pl\/index.php\/wp-json\/wp\/v2\/media?parent=549"}],"curies":[{"name":"wp","href":"https:\/\/api.w.org\/{rel}","templated":true}]}}