{"id":5467,"date":"2020-05-29T17:13:51","date_gmt":"2020-05-29T15:13:51","guid":{"rendered":"http:\/\/sp1.hrubieszow.info\/?page_id=5467"},"modified":"2020-05-29T17:20:49","modified_gmt":"2020-05-29T15:20:49","slug":"31-05-2020r-swiatowy-dzien-bez-papierosa","status":"publish","type":"page","link":"https:\/\/sp1hrubieszow.pl\/index.php\/kronika-2019-2020\/31-05-2020r-swiatowy-dzien-bez-papierosa\/","title":{"rendered":"31.05.2020r. &#8222;\u015awiatowy Dzie\u0144 bez Papierosa&#8221;"},"content":{"rendered":"\n<p><span style=\"color: #333399;\"><img loading=\"lazy\" decoding=\"async\" width=\"225\" height=\"225\" class=\"alignnone size-full wp-image-5469\" alt=\"\" src=\"http:\/\/sp1.hrubieszow.info\/wp-content\/uploads\/2020\/05\/beznazwy.png\" srcset=\"https:\/\/sp1hrubieszow.pl\/wp-content\/uploads\/2020\/05\/beznazwy.png 225w, https:\/\/sp1hrubieszow.pl\/wp-content\/uploads\/2020\/05\/beznazwy-150x150.png 150w\" sizes=\"auto, (max-width: 225px) 100vw, 225px\" \/><\/span><\/p>\n<p><span style=\"color: #333399;\">31 maja, jak co roku obchodzimy \u015awiatowy Dzie\u0144 bez Papierosa. <\/span><br><span style=\"color: #333399;\">\u015awiatowy Dzie\u0144 bez Tytoniu zosta\u0142 ustanowiony przez \u015awiatow\u0105 Organizacj\u0119 Zdrowia (WHO). Corocznie WHO d\u0105\u017cy do zwr\u00f3cenia uwagi spo\u0142ecze\u0144stwa na skutki zdrowotne, spo\u0142eczne i ekonomiczne palenia papieros\u00f3w oraz na powszechno\u015b\u0107 zgubnego na\u0142ogu palenia papieros\u00f3w.<\/span><br><span style=\"color: #333399;\">Pami\u0119taj! Nie pal!<\/span><\/p>\nngg_shortcode_0_placeholder\n","protected":false},"excerpt":{"rendered":"<p>31 maja, jak co roku obchodzimy \u015awiatowy Dzie\u0144 bez Papierosa. \u015awiatowy Dzie\u0144 bez Tytoniu zosta\u0142 ustanowiony przez \u015awiatow\u0105 Organizacj\u0119 Zdrowia (WHO). Corocznie WHO d\u0105\u017cy do zwr\u00f3cenia uwagi spo\u0142ecze\u0144stwa na skutki zdrowotne, spo\u0142eczne i ekonomiczne palenia papieros\u00f3w oraz na powszechno\u015b\u0107 zgubnego na\u0142ogu palenia papieros\u00f3w.Pami\u0119taj! Nie pal!<\/p>\n","protected":false},"author":2,"featured_media":0,"parent":2167,"menu_order":0,"comment_status":"closed","ping_status":"closed","template":"","meta":{"ngg_post_thumbnail":0,"footnotes":""},"class_list":["post-5467","page","type-page","status-publish","hentry"],"_links":{"self":[{"href":"https:\/\/sp1hrubieszow.pl\/index.php\/wp-json\/wp\/v2\/pages\/5467","targetHints":{"allow":["GET"]}}],"collection":[{"href":"https:\/\/sp1hrubieszow.pl\/index.php\/wp-json\/wp\/v2\/pages"}],"about":[{"href":"https:\/\/sp1hrubieszow.pl\/index.php\/wp-json\/wp\/v2\/types\/page"}],"author":[{"embeddable":true,"href":"https:\/\/sp1hrubieszow.pl\/index.php\/wp-json\/wp\/v2\/users\/2"}],"replies":[{"embeddable":true,"href":"https:\/\/sp1hrubieszow.pl\/index.php\/wp-json\/wp\/v2\/comments?post=5467"}],"version-history":[{"count":5,"href":"https:\/\/sp1hrubieszow.pl\/index.php\/wp-json\/wp\/v2\/pages\/5467\/revisions"}],"predecessor-version":[{"id":5481,"href":"https:\/\/sp1hrubieszow.pl\/index.php\/wp-json\/wp\/v2\/pages\/5467\/revisions\/5481"}],"up":[{"embeddable":true,"href":"https:\/\/sp1hrubieszow.pl\/index.php\/wp-json\/wp\/v2\/pages\/2167"}],"wp:attachment":[{"href":"https:\/\/sp1hrubieszow.pl\/index.php\/wp-json\/wp\/v2\/media?parent=5467"}],"curies":[{"name":"wp","href":"https:\/\/api.w.org\/{rel}","templated":true}]}}