{"id":5450,"date":"2020-05-28T18:47:19","date_gmt":"2020-05-28T16:47:19","guid":{"rendered":"http:\/\/sp1.hrubieszow.info\/?page_id=5450"},"modified":"2020-05-28T18:47:43","modified_gmt":"2020-05-28T16:47:43","slug":"harmonogram-rekrutacji-do-szkol-ponadpodstawowych","status":"publish","type":"page","link":"https:\/\/sp1hrubieszow.pl\/index.php\/kronika-2019-2020\/harmonogram-rekrutacji-do-szkol-ponadpodstawowych\/","title":{"rendered":"Harmonogram rekrutacji do szk\u00f3\u0142 ponadpodstawowych"},"content":{"rendered":"\n<p><span style=\"color: #333399;\">Zach\u0119camy do zapoznania si\u0119 z harmonogramem rekrutacji:<\/span><\/p>\n<p><strong><span style=\"color: #333399;\"><a style=\"color: #333399;\" href=\"http:\/\/sp1.hrubieszow.info\/wp-content\/uploads\/2020\/05\/Harmonogram-rekrutacji-do-szk\u00f3\u0142-ponadpodstawowych-na-rok-szkolny-2020.docx\">Harmonogram rekrutacji do szk\u00f3\u0142 ponadpodstawowych na rok szkolny 2020<\/a><\/span><\/strong><\/p>\n","protected":false},"excerpt":{"rendered":"<p>Zach\u0119camy do zapoznania si\u0119 z harmonogramem rekrutacji: Harmonogram rekrutacji do szk\u00f3\u0142 ponadpodstawowych na rok szkolny 2020<\/p>\n","protected":false},"author":2,"featured_media":0,"parent":2167,"menu_order":0,"comment_status":"closed","ping_status":"closed","template":"","meta":{"ngg_post_thumbnail":0,"footnotes":""},"class_list":["post-5450","page","type-page","status-publish","hentry"],"_links":{"self":[{"href":"https:\/\/sp1hrubieszow.pl\/index.php\/wp-json\/wp\/v2\/pages\/5450","targetHints":{"allow":["GET"]}}],"collection":[{"href":"https:\/\/sp1hrubieszow.pl\/index.php\/wp-json\/wp\/v2\/pages"}],"about":[{"href":"https:\/\/sp1hrubieszow.pl\/index.php\/wp-json\/wp\/v2\/types\/page"}],"author":[{"embeddable":true,"href":"https:\/\/sp1hrubieszow.pl\/index.php\/wp-json\/wp\/v2\/users\/2"}],"replies":[{"embeddable":true,"href":"https:\/\/sp1hrubieszow.pl\/index.php\/wp-json\/wp\/v2\/comments?post=5450"}],"version-history":[{"count":1,"href":"https:\/\/sp1hrubieszow.pl\/index.php\/wp-json\/wp\/v2\/pages\/5450\/revisions"}],"predecessor-version":[{"id":5451,"href":"https:\/\/sp1hrubieszow.pl\/index.php\/wp-json\/wp\/v2\/pages\/5450\/revisions\/5451"}],"up":[{"embeddable":true,"href":"https:\/\/sp1hrubieszow.pl\/index.php\/wp-json\/wp\/v2\/pages\/2167"}],"wp:attachment":[{"href":"https:\/\/sp1hrubieszow.pl\/index.php\/wp-json\/wp\/v2\/media?parent=5450"}],"curies":[{"name":"wp","href":"https:\/\/api.w.org\/{rel}","templated":true}]}}