{"id":5434,"date":"2020-05-22T16:22:13","date_gmt":"2020-05-22T14:22:13","guid":{"rendered":"http:\/\/sp1.hrubieszow.info\/?page_id=5434"},"modified":"2020-05-22T16:33:34","modified_gmt":"2020-05-22T14:33:34","slug":"dzien-patrona-juz-za-nami","status":"publish","type":"page","link":"https:\/\/sp1hrubieszow.pl\/index.php\/kronika-2019-2020\/dzien-patrona-juz-za-nami\/","title":{"rendered":"Dzie\u0144 Patrona ju\u017c za nami\u2026"},"content":{"rendered":"\n<p><span style=\"color: #333399;\">Dzi\u0119kujemy wszystkim za zaanga\u017cowanie w obchody Dnia Patrona Szko\u0142y. By\u0142a to doskona\u0142a okazja do przedstawienia Boles\u0142awa Prusa w r\u00f3\u017cnych ods\u0142onach. Doceniamy zaanga\u017cowanie ca\u0142ej spo\u0142eczno\u015bci szkolnej. Wiele inwencji tw\u00f3rczej wymaga\u0142y od m\u0142odzie\u017cy zar\u00f3wno pokazanie si\u0119 w konkursie FOTOSTORY z Prusem, jak i poetyckim czy plastycznym. Zosta\u0142o to zauwa\u017cone przez w\u0142adze naszego miasta. Pani Burmistrz ufundowa\u0142a upominki, kt\u00f3re zostan\u0105 wr\u0119czone przy okazji najbli\u017cszej uroczysto\u015bci szkolnej. <\/span><br><span style=\"color: #333399;\">19.05.2020r. o godz. 13.00 zosta\u0142y r\u00f3wnie\u017c z\u0142o\u017cone kwiaty pod pomnikiem Boles\u0142awa Prusa w Parku Miejskim przez pani\u0105 Burmistrz Mart\u0119 Majewsk\u0105 i przedstawicieli uczni\u00f3w SP Nr 1. Bardzo dzi\u0119kujemy pani Marii Du\u0142awskiej , by\u0142ej nauczycielce j\u0119zyka polskiego naszej szko\u0142y, za napisanie pie\u015bni okoliczno\u015bciowej oraz panu Marianowi Szewera za skomponowanie do niej<\/span> <span style=\"color: #333399;\">muzyki. By\u0107 mo\u017ce wkr\u00f3tce us\u0142yszymy t\u0119 pie\u015b\u0144 w wykonaniu naszych uczni\u00f3w.<\/span><br><span style=\"color: #333399;\">Nagrodzonym uczniom gratulujemy i \u017cyczymy dalszych sukces\u00f3w!<\/span><\/p>\n<p><br><span style=\"color: #333399;\">Zaprezentujemy jeszcze lapbooki o Boles\u0142awie Prusie wykonane przez uczni\u00f3w klasy 6 c.<\/span><\/p>\n<p><a href=\"http:\/\/sp1.hrubieszow.info\/wp-content\/uploads\/2020\/05\/JAKUB_CHOMIAK-3.docx\">praca ucznia<\/a><\/p>\nngg_shortcode_0_placeholder\n","protected":false},"excerpt":{"rendered":"<p>Dzi\u0119kujemy wszystkim za zaanga\u017cowanie w obchody Dnia Patrona Szko\u0142y. By\u0142a to doskona\u0142a okazja do przedstawienia Boles\u0142awa Prusa w r\u00f3\u017cnych ods\u0142onach. Doceniamy zaanga\u017cowanie ca\u0142ej spo\u0142eczno\u015bci szkolnej. Wiele inwencji tw\u00f3rczej wymaga\u0142y od m\u0142odzie\u017cy zar\u00f3wno pokazanie si\u0119 w konkursie FOTOSTORY z Prusem, jak i poetyckim czy plastycznym. Zosta\u0142o to zauwa\u017cone przez w\u0142adze naszego miasta. Pani Burmistrz ufundowa\u0142a upominki, [&hellip;]<\/p>\n","protected":false},"author":2,"featured_media":0,"parent":2167,"menu_order":0,"comment_status":"closed","ping_status":"closed","template":"","meta":{"ngg_post_thumbnail":0,"footnotes":""},"class_list":["post-5434","page","type-page","status-publish","hentry"],"_links":{"self":[{"href":"https:\/\/sp1hrubieszow.pl\/index.php\/wp-json\/wp\/v2\/pages\/5434","targetHints":{"allow":["GET"]}}],"collection":[{"href":"https:\/\/sp1hrubieszow.pl\/index.php\/wp-json\/wp\/v2\/pages"}],"about":[{"href":"https:\/\/sp1hrubieszow.pl\/index.php\/wp-json\/wp\/v2\/types\/page"}],"author":[{"embeddable":true,"href":"https:\/\/sp1hrubieszow.pl\/index.php\/wp-json\/wp\/v2\/users\/2"}],"replies":[{"embeddable":true,"href":"https:\/\/sp1hrubieszow.pl\/index.php\/wp-json\/wp\/v2\/comments?post=5434"}],"version-history":[{"count":2,"href":"https:\/\/sp1hrubieszow.pl\/index.php\/wp-json\/wp\/v2\/pages\/5434\/revisions"}],"predecessor-version":[{"id":5439,"href":"https:\/\/sp1hrubieszow.pl\/index.php\/wp-json\/wp\/v2\/pages\/5434\/revisions\/5439"}],"up":[{"embeddable":true,"href":"https:\/\/sp1hrubieszow.pl\/index.php\/wp-json\/wp\/v2\/pages\/2167"}],"wp:attachment":[{"href":"https:\/\/sp1hrubieszow.pl\/index.php\/wp-json\/wp\/v2\/media?parent=5434"}],"curies":[{"name":"wp","href":"https:\/\/api.w.org\/{rel}","templated":true}]}}