{"id":5408,"date":"2020-05-20T12:49:55","date_gmt":"2020-05-20T10:49:55","guid":{"rendered":"http:\/\/sp1.hrubieszow.info\/?page_id=5408"},"modified":"2020-05-20T12:52:55","modified_gmt":"2020-05-20T10:52:55","slug":"oferta-dla-mlodziezy-z-terenu-hrubieszowskiego","status":"publish","type":"page","link":"https:\/\/sp1hrubieszow.pl\/index.php\/kronika-2019-2020\/oferta-dla-mlodziezy-z-terenu-hrubieszowskiego\/","title":{"rendered":"Oferta dla m\u0142odzie\u017cy  z terenu hrubieszowskiego"},"content":{"rendered":"\n<p><span style=\"color: #333399;\">Zapraszamy do zapoznania si\u0119 z ofert\u0105 nauki j\u0119zyk\u00f3w obcych:<\/span><\/p>\n<p><strong><span style=\"color: #333399;\"><a style=\"color: #333399;\" href=\"http:\/\/sp1.hrubieszow.info\/wp-content\/uploads\/2020\/05\/wolontariusze-zapraszaj\u0105.docx\">wolontariusze zapraszaj\u0105<\/a><\/span><\/strong><\/p>\nngg_shortcode_0_placeholder\n<p>&nbsp;<\/p>\n<p>&nbsp;<\/p>\n","protected":false},"excerpt":{"rendered":"<p>Zapraszamy do zapoznania si\u0119 z ofert\u0105 nauki j\u0119zyk\u00f3w obcych: wolontariusze zapraszaj\u0105 &nbsp; &nbsp;<\/p>\n","protected":false},"author":2,"featured_media":0,"parent":2167,"menu_order":0,"comment_status":"closed","ping_status":"closed","template":"","meta":{"ngg_post_thumbnail":0,"footnotes":""},"class_list":["post-5408","page","type-page","status-publish","hentry"],"_links":{"self":[{"href":"https:\/\/sp1hrubieszow.pl\/index.php\/wp-json\/wp\/v2\/pages\/5408","targetHints":{"allow":["GET"]}}],"collection":[{"href":"https:\/\/sp1hrubieszow.pl\/index.php\/wp-json\/wp\/v2\/pages"}],"about":[{"href":"https:\/\/sp1hrubieszow.pl\/index.php\/wp-json\/wp\/v2\/types\/page"}],"author":[{"embeddable":true,"href":"https:\/\/sp1hrubieszow.pl\/index.php\/wp-json\/wp\/v2\/users\/2"}],"replies":[{"embeddable":true,"href":"https:\/\/sp1hrubieszow.pl\/index.php\/wp-json\/wp\/v2\/comments?post=5408"}],"version-history":[{"count":3,"href":"https:\/\/sp1hrubieszow.pl\/index.php\/wp-json\/wp\/v2\/pages\/5408\/revisions"}],"predecessor-version":[{"id":5412,"href":"https:\/\/sp1hrubieszow.pl\/index.php\/wp-json\/wp\/v2\/pages\/5408\/revisions\/5412"}],"up":[{"embeddable":true,"href":"https:\/\/sp1hrubieszow.pl\/index.php\/wp-json\/wp\/v2\/pages\/2167"}],"wp:attachment":[{"href":"https:\/\/sp1hrubieszow.pl\/index.php\/wp-json\/wp\/v2\/media?parent=5408"}],"curies":[{"name":"wp","href":"https:\/\/api.w.org\/{rel}","templated":true}]}}