{"id":5392,"date":"2020-05-20T10:01:36","date_gmt":"2020-05-20T08:01:36","guid":{"rendered":"http:\/\/sp1.hrubieszow.info\/?page_id=5392"},"modified":"2020-05-20T10:11:42","modified_gmt":"2020-05-20T08:11:42","slug":"informacja-dla-rodzicow-uczniow-kals-8","status":"publish","type":"page","link":"https:\/\/sp1hrubieszow.pl\/index.php\/kronika-2019-2020\/informacja-dla-rodzicow-uczniow-kals-8\/","title":{"rendered":"Informacja dla rodzic\u00f3w uczni\u00f3w klas 8"},"content":{"rendered":"\n<p><span style=\"color: #333399;\">Materia\u0142y dla rodzic\u00f3w uczni\u00f3w klas 8:<\/span><\/p>\n<p><strong><span style=\"color: #333399;\"><a style=\"color: #333399;\" href=\"http:\/\/sp1.hrubieszow.info\/wp-content\/uploads\/2020\/05\/Szanowni-Pa\u0144stwo.docx\">Szanowni Pa\u0144stwo<\/a><\/span><\/strong><\/p>\n<p><strong><span style=\"color: #333399;\"><a style=\"color: #333399;\" href=\"http:\/\/sp1.hrubieszow.info\/wp-content\/uploads\/2020\/05\/Wniosek-o-zwrot-nadp\u0142aty.docx\">Wniosek o zwrot nadp\u0142aty<\/a><\/span><\/strong><\/p>\n","protected":false},"excerpt":{"rendered":"<p>Materia\u0142y dla rodzic\u00f3w uczni\u00f3w klas 8: Szanowni Pa\u0144stwo Wniosek o zwrot nadp\u0142aty<\/p>\n","protected":false},"author":2,"featured_media":0,"parent":2167,"menu_order":0,"comment_status":"closed","ping_status":"closed","template":"","meta":{"ngg_post_thumbnail":0,"footnotes":""},"class_list":["post-5392","page","type-page","status-publish","hentry"],"_links":{"self":[{"href":"https:\/\/sp1hrubieszow.pl\/index.php\/wp-json\/wp\/v2\/pages\/5392","targetHints":{"allow":["GET"]}}],"collection":[{"href":"https:\/\/sp1hrubieszow.pl\/index.php\/wp-json\/wp\/v2\/pages"}],"about":[{"href":"https:\/\/sp1hrubieszow.pl\/index.php\/wp-json\/wp\/v2\/types\/page"}],"author":[{"embeddable":true,"href":"https:\/\/sp1hrubieszow.pl\/index.php\/wp-json\/wp\/v2\/users\/2"}],"replies":[{"embeddable":true,"href":"https:\/\/sp1hrubieszow.pl\/index.php\/wp-json\/wp\/v2\/comments?post=5392"}],"version-history":[{"count":2,"href":"https:\/\/sp1hrubieszow.pl\/index.php\/wp-json\/wp\/v2\/pages\/5392\/revisions"}],"predecessor-version":[{"id":5397,"href":"https:\/\/sp1hrubieszow.pl\/index.php\/wp-json\/wp\/v2\/pages\/5392\/revisions\/5397"}],"up":[{"embeddable":true,"href":"https:\/\/sp1hrubieszow.pl\/index.php\/wp-json\/wp\/v2\/pages\/2167"}],"wp:attachment":[{"href":"https:\/\/sp1hrubieszow.pl\/index.php\/wp-json\/wp\/v2\/media?parent=5392"}],"curies":[{"name":"wp","href":"https:\/\/api.w.org\/{rel}","templated":true}]}}