{"id":5353,"date":"2020-05-18T17:40:46","date_gmt":"2020-05-18T15:40:46","guid":{"rendered":"http:\/\/sp1.hrubieszow.info\/?page_id=5353"},"modified":"2020-05-18T17:41:11","modified_gmt":"2020-05-18T15:41:11","slug":"pamietamy","status":"publish","type":"page","link":"https:\/\/sp1hrubieszow.pl\/index.php\/kronika-2019-2020\/mikolajkowy-zawrot-glowy\/pamietamy\/","title":{"rendered":"Pami\u0119tamy!"},"content":{"rendered":"\n<p style=\"text-align: right;\"><span style=\"color: #000080;\"> \u201eZakupili Kwiaty Chc\u0105c na groby je rzuci\u0107 poetyczn\u0105 d\u0142oni\u0105,&nbsp;<\/span><br><span style=\"color: #000080;\">Lecz noc\u0105 p\u0119k\u0142y groby i Polacy z broni\u0105&nbsp;<\/span><br><span style=\"color: #000080;\">Ruszyli, aby \u017c\u0105da\u0107 za sw\u0105 krew zap\u0142aty.\u201d<\/span><br><span style=\"color: #000080;\">St. Lecho\u0144<\/span><\/p>\n<p style=\"text-align: center;\"><br><strong><span style=\"color: #000080;\">Pami\u0119tamy!<\/span><\/strong><\/p>\n<p style=\"text-align: left;\"><br><span style=\"color: #000080;\">Je\u017celi biografia cz\u0142owieka \u0142\u0105czy si\u0119 tak silnie z histori\u0105 ojczyzny, to mamy w\u00f3wczas do czynienia z kim\u015b wyj\u0105tkowym. Takim cz\u0142owiekiem, kt\u00f3ry przez wiele lat \u017cy\u0142 w\u015br\u00f3d nas, by\u0142 cz\u0142onkiem naszej spo\u0142eczno\u015bci i zosta\u0142 pochowany na naszym cmentarzu, jest starszy sier\u017cant podchor\u0105\u017cy Wincenty Kozarczuk. <\/span><br><span style=\"color: #000080;\">17 maja 2020r., w przeddzie\u0144 kolejnej rocznicy zwyci\u0119skiej bitwy o Monte Cassino, na jego grobie zosta\u0142y z\u0142o\u017cone kwiaty i zapalone znicze przez przedstawicieli spo\u0142eczno\u015bci Szko\u0142y Podstawowej Nr 1 w Hrubieszowie. Znicz zapalono r\u00f3wnie\u017c na grobie weterana spod Monte Cassino Zygmunta Garczy\u0144skiego. <\/span><br><span style=\"color: #000080;\">18 maja 1944 roku polscy \u017co\u0142nierze II Korpusu, pod dow\u00f3dztwem genera\u0142a W\u0142adys\u0142awa Andersa, zatkn\u0119li polsk\u0105 flag\u0119 na wzg\u00f3rzu Monte Cassino, uznawanego przez \u00f3wczesnych strateg\u00f3w wojskowych za obiekt nie do zdobycia. Rocznica \u015bmierci bohaterskich \u017co\u0142nierzy oraz rocznica zwyci\u0119skiej bitwy o Monte Cassino sk\u0142aniaj\u0105 nas wszystkich do tego, aby odda\u0107 wybitnym rodakom w s\u0142u\u017cbie Niepodleg\u0142ej, nale\u017cny ho\u0142d .Te donios\u0142e wydarzenia s\u0105 dla nas zobowi\u0105zaniem do godnego uczczenia i szczeg\u00f3lnej pami\u0119ci jak r\u00f3wnie\u017c okazj\u0105 do wyra\u017cenia dumy z naszej historii i narodowej to\u017csamo\u015bci. <\/span><\/p>\n<p style=\"text-align: center;\"><em><span style=\"color: #000080;\">Cze\u015b\u0107 ich pami\u0119ci! Chwa\u0142a bohaterom!<\/span><\/em><\/p>\nngg_shortcode_0_placeholder\n","protected":false},"excerpt":{"rendered":"<p>\u201eZakupili Kwiaty Chc\u0105c na groby je rzuci\u0107 poetyczn\u0105 d\u0142oni\u0105,&nbsp;Lecz noc\u0105 p\u0119k\u0142y groby i Polacy z broni\u0105&nbsp;Ruszyli, aby \u017c\u0105da\u0107 za sw\u0105 krew zap\u0142aty.\u201dSt. Lecho\u0144 Pami\u0119tamy! Je\u017celi biografia cz\u0142owieka \u0142\u0105czy si\u0119 tak silnie z histori\u0105 ojczyzny, to mamy w\u00f3wczas do czynienia z kim\u015b wyj\u0105tkowym. Takim cz\u0142owiekiem, kt\u00f3ry przez wiele lat \u017cy\u0142 w\u015br\u00f3d nas, by\u0142 cz\u0142onkiem naszej spo\u0142eczno\u015bci [&hellip;]<\/p>\n","protected":false},"author":2,"featured_media":0,"parent":2910,"menu_order":0,"comment_status":"closed","ping_status":"closed","template":"","meta":{"ngg_post_thumbnail":0,"footnotes":""},"class_list":["post-5353","page","type-page","status-publish","hentry"],"_links":{"self":[{"href":"https:\/\/sp1hrubieszow.pl\/index.php\/wp-json\/wp\/v2\/pages\/5353","targetHints":{"allow":["GET"]}}],"collection":[{"href":"https:\/\/sp1hrubieszow.pl\/index.php\/wp-json\/wp\/v2\/pages"}],"about":[{"href":"https:\/\/sp1hrubieszow.pl\/index.php\/wp-json\/wp\/v2\/types\/page"}],"author":[{"embeddable":true,"href":"https:\/\/sp1hrubieszow.pl\/index.php\/wp-json\/wp\/v2\/users\/2"}],"replies":[{"embeddable":true,"href":"https:\/\/sp1hrubieszow.pl\/index.php\/wp-json\/wp\/v2\/comments?post=5353"}],"version-history":[{"count":1,"href":"https:\/\/sp1hrubieszow.pl\/index.php\/wp-json\/wp\/v2\/pages\/5353\/revisions"}],"predecessor-version":[{"id":5354,"href":"https:\/\/sp1hrubieszow.pl\/index.php\/wp-json\/wp\/v2\/pages\/5353\/revisions\/5354"}],"up":[{"embeddable":true,"href":"https:\/\/sp1hrubieszow.pl\/index.php\/wp-json\/wp\/v2\/pages\/2910"}],"wp:attachment":[{"href":"https:\/\/sp1hrubieszow.pl\/index.php\/wp-json\/wp\/v2\/media?parent=5353"}],"curies":[{"name":"wp","href":"https:\/\/api.w.org\/{rel}","templated":true}]}}