{"id":5337,"date":"2020-05-17T21:29:15","date_gmt":"2020-05-17T19:29:15","guid":{"rendered":"http:\/\/sp1.hrubieszow.info\/?page_id=5337"},"modified":"2020-05-17T21:41:12","modified_gmt":"2020-05-17T19:41:12","slug":"100-rocznica-urodzin-jana-pawla-ii","status":"publish","type":"page","link":"https:\/\/sp1hrubieszow.pl\/index.php\/kronika-2019-2020\/100-rocznica-urodzin-jana-pawla-ii\/","title":{"rendered":"100 rocznica urodzin Jana Paw\u0142a II"},"content":{"rendered":"\n<p><span style=\"color: #000080;\">Z okazji 100 rocznicy urodzin Jana Paw\u0142a II zapraszamy do po\u015bwi\u0119cenia nieco czasu na przypomnienie sobie historii \u017cycia tego wielkiego Papie\u017ca.<\/span><\/p>\n<p><a href=\"https:\/\/l.facebook.com\/l.php?u=https%3A%2F%2Fview.genial.ly%2F5ec161bd32a04c0d96b74b73%2Finteractive-image-interactive-image%3Ffbclid%3DIwAR2jVwn3WfOTPuJGO54ysOFWjP8ubl1ShFxhF7HB-EExbOFM33U6dsBHHBY&amp;h=AT0y1XvtloKVBIP2VSKVss4GVCKXmPvT3v0lgIhawHt2yK9vJRQFPm49-sVVqCfcSf40JF65voPjTTMoc2oQYXW_Q4wadQHR7MxVGJD4-OEanYmt7An4rMyrSPKZjyZv2nf9EQ\">https:\/\/l.facebook.com\/l.php?u=https%3A%2F%2Fview.genial.ly%2F5ec161bd32a04c0d96b74b73%2Finteractive-image-interactive-image%3Ffbclid%3DIwAR2jVwn3WfOTPuJGO54ysOFWjP8ubl1ShFxhF7HB-EExbOFM33U6dsBHHBY&amp;h=AT0y1XvtloKVBIP2VSKVss4GVCKXmPvT3v0lgIhawHt2yK9vJRQFPm49-sVVqCfcSf40JF65voPjTTMoc2oQYXW_Q4wadQHR7MxVGJD4-OEanYmt7An4rMyrSPKZjyZv2nf9EQ<\/a><\/p>\n<p>&nbsp;<\/p>\n<p>&nbsp;<\/p>\n<p>&nbsp;<\/p>\n<p>&nbsp;<\/p>\n","protected":false},"excerpt":{"rendered":"<p>Z okazji 100 rocznicy urodzin Jana Paw\u0142a II zapraszamy do po\u015bwi\u0119cenia nieco czasu na przypomnienie sobie historii \u017cycia tego wielkiego Papie\u017ca. https:\/\/l.facebook.com\/l.php?u=https%3A%2F%2Fview.genial.ly%2F5ec161bd32a04c0d96b74b73%2Finteractive-image-interactive-image%3Ffbclid%3DIwAR2jVwn3WfOTPuJGO54ysOFWjP8ubl1ShFxhF7HB-EExbOFM33U6dsBHHBY&amp;h=AT0y1XvtloKVBIP2VSKVss4GVCKXmPvT3v0lgIhawHt2yK9vJRQFPm49-sVVqCfcSf40JF65voPjTTMoc2oQYXW_Q4wadQHR7MxVGJD4-OEanYmt7An4rMyrSPKZjyZv2nf9EQ &nbsp; &nbsp; &nbsp; &nbsp;<\/p>\n","protected":false},"author":2,"featured_media":0,"parent":2167,"menu_order":0,"comment_status":"closed","ping_status":"closed","template":"","meta":{"ngg_post_thumbnail":0,"footnotes":""},"class_list":["post-5337","page","type-page","status-publish","hentry"],"_links":{"self":[{"href":"https:\/\/sp1hrubieszow.pl\/index.php\/wp-json\/wp\/v2\/pages\/5337","targetHints":{"allow":["GET"]}}],"collection":[{"href":"https:\/\/sp1hrubieszow.pl\/index.php\/wp-json\/wp\/v2\/pages"}],"about":[{"href":"https:\/\/sp1hrubieszow.pl\/index.php\/wp-json\/wp\/v2\/types\/page"}],"author":[{"embeddable":true,"href":"https:\/\/sp1hrubieszow.pl\/index.php\/wp-json\/wp\/v2\/users\/2"}],"replies":[{"embeddable":true,"href":"https:\/\/sp1hrubieszow.pl\/index.php\/wp-json\/wp\/v2\/comments?post=5337"}],"version-history":[{"count":4,"href":"https:\/\/sp1hrubieszow.pl\/index.php\/wp-json\/wp\/v2\/pages\/5337\/revisions"}],"predecessor-version":[{"id":5346,"href":"https:\/\/sp1hrubieszow.pl\/index.php\/wp-json\/wp\/v2\/pages\/5337\/revisions\/5346"}],"up":[{"embeddable":true,"href":"https:\/\/sp1hrubieszow.pl\/index.php\/wp-json\/wp\/v2\/pages\/2167"}],"wp:attachment":[{"href":"https:\/\/sp1hrubieszow.pl\/index.php\/wp-json\/wp\/v2\/media?parent=5337"}],"curies":[{"name":"wp","href":"https:\/\/api.w.org\/{rel}","templated":true}]}}