{"id":5333,"date":"2020-05-15T13:15:01","date_gmt":"2020-05-15T11:15:01","guid":{"rendered":"http:\/\/sp1.hrubieszow.info\/?page_id=5333"},"modified":"2020-05-15T13:15:48","modified_gmt":"2020-05-15T11:15:48","slug":"dzien-patrona-szkoly-zaproszenie","status":"publish","type":"page","link":"https:\/\/sp1hrubieszow.pl\/index.php\/kronika-2019-2020\/dzien-patrona-szkoly-zaproszenie\/","title":{"rendered":"Dzie\u0144 Patrona Szko\u0142y &#8211; zaproszenie"},"content":{"rendered":"\n<p><strong><span style=\"color: #000080;\">Zbli\u017ca si\u0119 \u015bwi\u0119to naszej szko\u0142y. Poni\u017cej informacja i zaproszenie.<\/span><\/strong><\/p>\n<p><strong><a href=\"http:\/\/sp1.hrubieszow.info\/wp-content\/uploads\/2020\/05\/zaproszenie.docx\">zaproszenie<\/a><\/strong><\/p>\n<p>&nbsp;<\/p>\n","protected":false},"excerpt":{"rendered":"<p>Zbli\u017ca si\u0119 \u015bwi\u0119to naszej szko\u0142y. Poni\u017cej informacja i zaproszenie. zaproszenie &nbsp;<\/p>\n","protected":false},"author":2,"featured_media":0,"parent":2167,"menu_order":0,"comment_status":"closed","ping_status":"closed","template":"","meta":{"ngg_post_thumbnail":0,"footnotes":""},"class_list":["post-5333","page","type-page","status-publish","hentry"],"_links":{"self":[{"href":"https:\/\/sp1hrubieszow.pl\/index.php\/wp-json\/wp\/v2\/pages\/5333","targetHints":{"allow":["GET"]}}],"collection":[{"href":"https:\/\/sp1hrubieszow.pl\/index.php\/wp-json\/wp\/v2\/pages"}],"about":[{"href":"https:\/\/sp1hrubieszow.pl\/index.php\/wp-json\/wp\/v2\/types\/page"}],"author":[{"embeddable":true,"href":"https:\/\/sp1hrubieszow.pl\/index.php\/wp-json\/wp\/v2\/users\/2"}],"replies":[{"embeddable":true,"href":"https:\/\/sp1hrubieszow.pl\/index.php\/wp-json\/wp\/v2\/comments?post=5333"}],"version-history":[{"count":1,"href":"https:\/\/sp1hrubieszow.pl\/index.php\/wp-json\/wp\/v2\/pages\/5333\/revisions"}],"predecessor-version":[{"id":5334,"href":"https:\/\/sp1hrubieszow.pl\/index.php\/wp-json\/wp\/v2\/pages\/5333\/revisions\/5334"}],"up":[{"embeddable":true,"href":"https:\/\/sp1hrubieszow.pl\/index.php\/wp-json\/wp\/v2\/pages\/2167"}],"wp:attachment":[{"href":"https:\/\/sp1hrubieszow.pl\/index.php\/wp-json\/wp\/v2\/media?parent=5333"}],"curies":[{"name":"wp","href":"https:\/\/api.w.org\/{rel}","templated":true}]}}