{"id":5323,"date":"2020-05-11T19:27:16","date_gmt":"2020-05-11T17:27:16","guid":{"rendered":"http:\/\/sp1.hrubieszow.info\/?page_id=5323"},"modified":"2020-05-11T19:27:43","modified_gmt":"2020-05-11T17:27:43","slug":"prace-plastyczne-na-jezyku-polskim","status":"publish","type":"page","link":"https:\/\/sp1hrubieszow.pl\/index.php\/kronika-2019-2020\/prace-plastyczne-na-jezyku-polskim\/","title":{"rendered":"Prace plastyczne na j\u0119zyku polskim :-)"},"content":{"rendered":"\n<p><span style=\"color: #000080;\">W ramach zdalnych lekcji z j\u0119zyka polskiego zaproponowa\u0142am moim uczniom wykonanie prac plastycznych. Uczniowie z klasy 7 a i 7 c wykonali swoje plastyczne interpretacje wierszy Boles\u0142awa Le\u015bmiana &#8211; do wyboru by\u0142 wiersz &#8222;Wczesnym rankiem&#8221; lub wiersz &#8222;T\u0119cza&#8221;. Natomiast uczniowie klasy 8a, przy okazji lekcji po\u015bwi\u0119conej rze\u017abom Aliny Szapocznikow &#8222;Autoportret I&#8221; i &#8222;Autoortret II&#8221;, mieli za zadanie przygotowa\u0107 swoje autoportrety.&nbsp; Zach\u0119cam do zapoznania si\u0119 z rezultatami tych zada\u0144.<\/span><\/p>\n<p style=\"text-align: right;\"><span style=\"color: #000080;\">Marta Lackowska&nbsp;<\/span><\/p>\nngg_shortcode_0_placeholder\n","protected":false},"excerpt":{"rendered":"<p>W ramach zdalnych lekcji z j\u0119zyka polskiego zaproponowa\u0142am moim uczniom wykonanie prac plastycznych. Uczniowie z klasy 7 a i 7 c wykonali swoje plastyczne interpretacje wierszy Boles\u0142awa Le\u015bmiana &#8211; do wyboru by\u0142 wiersz &#8222;Wczesnym rankiem&#8221; lub wiersz &#8222;T\u0119cza&#8221;. Natomiast uczniowie klasy 8a, przy okazji lekcji po\u015bwi\u0119conej rze\u017abom Aliny Szapocznikow &#8222;Autoportret I&#8221; i &#8222;Autoortret II&#8221;, mieli [&hellip;]<\/p>\n","protected":false},"author":2,"featured_media":0,"parent":2167,"menu_order":0,"comment_status":"closed","ping_status":"closed","template":"","meta":{"ngg_post_thumbnail":0,"footnotes":""},"class_list":["post-5323","page","type-page","status-publish","hentry"],"_links":{"self":[{"href":"https:\/\/sp1hrubieszow.pl\/index.php\/wp-json\/wp\/v2\/pages\/5323","targetHints":{"allow":["GET"]}}],"collection":[{"href":"https:\/\/sp1hrubieszow.pl\/index.php\/wp-json\/wp\/v2\/pages"}],"about":[{"href":"https:\/\/sp1hrubieszow.pl\/index.php\/wp-json\/wp\/v2\/types\/page"}],"author":[{"embeddable":true,"href":"https:\/\/sp1hrubieszow.pl\/index.php\/wp-json\/wp\/v2\/users\/2"}],"replies":[{"embeddable":true,"href":"https:\/\/sp1hrubieszow.pl\/index.php\/wp-json\/wp\/v2\/comments?post=5323"}],"version-history":[{"count":1,"href":"https:\/\/sp1hrubieszow.pl\/index.php\/wp-json\/wp\/v2\/pages\/5323\/revisions"}],"predecessor-version":[{"id":5324,"href":"https:\/\/sp1hrubieszow.pl\/index.php\/wp-json\/wp\/v2\/pages\/5323\/revisions\/5324"}],"up":[{"embeddable":true,"href":"https:\/\/sp1hrubieszow.pl\/index.php\/wp-json\/wp\/v2\/pages\/2167"}],"wp:attachment":[{"href":"https:\/\/sp1hrubieszow.pl\/index.php\/wp-json\/wp\/v2\/media?parent=5323"}],"curies":[{"name":"wp","href":"https:\/\/api.w.org\/{rel}","templated":true}]}}