{"id":5294,"date":"2020-05-06T14:27:53","date_gmt":"2020-05-06T12:27:53","guid":{"rendered":"http:\/\/sp1.hrubieszow.info\/?page_id=5294"},"modified":"2023-11-29T22:04:03","modified_gmt":"2023-11-29T21:04:03","slug":"zarzadzenia","status":"publish","type":"page","link":"https:\/\/sp1hrubieszow.pl\/index.php\/przykladowa-strona\/zarzadzenia\/","title":{"rendered":"Zarz\u0105dzenia"},"content":{"rendered":"\n<h2><span style=\"color: #000080;\"><strong><a style=\"color: #000080;\" href=\"http:\/\/sp1hrubieszow.pl\/wp-content\/uploads\/2023\/11\/zarzadzenie15.pdf\">zarz\u0105dzenie15<\/a><\/strong><\/span><\/h2>\n<p><span style=\"color: #000080;\"><strong><a style=\"color: #000080;\" href=\"https:\/\/sp1hrubieszow.pl\/wp-content\/uploads\/2022\/08\/zarzadzenie-nr-40.pdf\">zarz\u0105dzenie nr 40<\/a><\/strong><\/span><\/p>\n<p><span style=\"color: #000080;\"><strong><a style=\"color: #000080;\" href=\"http:\/\/sp1.hrubieszow.info\/wp-content\/uploads\/2022\/02\/ZARZADZENIE-NR-23.docx\">ZARZ\u0104DZENIE NR 23 z dnia 27.01.2022<\/a><\/strong><\/span><\/p>\n<p><span style=\"color: #000080;\"><strong><a style=\"color: #000080;\" href=\"http:\/\/sp1.hrubieszow.info\/wp-content\/uploads\/2021\/12\/Zarzadzenie-nr-13-skan-1.pdf\">Zarz\u0105dzenie nr 13 z dnia 16.12.2021<\/a><\/strong><\/span><\/p>\n<p><span style=\"color: #000080;\"><strong><a style=\"color: #000080;\" href=\"http:\/\/sp1.hrubieszow.info\/wp-content\/uploads\/2021\/04\/zarz\u0105dzenie-29.docx\">zarz\u0105dzenie 29<\/a><\/strong><\/span><\/p>\n<p><span style=\"color: #000080;\"><strong><a style=\"color: #000080;\" href=\"http:\/\/sp1.hrubieszow.info\/wp-content\/uploads\/2021\/04\/ZARZ\u0104DZENIE-NR-28.docx\">ZARZ\u0104DZENIE NR 28<\/a><\/strong><\/span><\/p>\n<p><span style=\"color: #000080;\"><strong><a style=\"color: #000080;\" href=\"http:\/\/sp1.hrubieszow.info\/wp-content\/uploads\/2021\/03\/ZARZ\u0104DZENIE-NR-24-2.docx\">ZARZ\u0104DZENIE NR 24 <\/a><\/strong><\/span><\/p>\n<p><span style=\"color: #000080;\"><strong><a style=\"color: #000080;\" href=\"http:\/\/sp1.hrubieszow.info\/wp-content\/uploads\/2021\/03\/ZARZ\u0104DZENIE-NR-23.docx\">ZARZ\u0104DZENIE NR 23<\/a><\/strong><\/span><\/p>\n<p><span style=\"color: #000080;\"><strong><a style=\"color: #000080;\" href=\"http:\/\/sp1.hrubieszow.info\/wp-content\/uploads\/2021\/03\/ZARZ\u0104DZENIE.docx\">ZARZ\u0104DZENIE<\/a><\/strong><\/span><\/p>\n<p><strong><span style=\"color: #333399;\"><a style=\"color: #333399;\" href=\"http:\/\/sp1.hrubieszow.info\/wp-content\/uploads\/2020\/05\/Zarz\u0105dzenie-Dyrektora-25.docx\">Zarz\u0105dzenie Dyrektora 25<\/a><\/span><\/strong><\/p>\n<p><strong><span style=\"color: #333399;\"><a style=\"color: #333399;\" href=\"http:\/\/sp1.hrubieszow.info\/wp-content\/uploads\/2020\/05\/Zarz\u00c4\u0085dzenie-23.docx\">Zarz\u0105dzenie 23<\/a><\/span><\/strong><\/p>\n<p><strong><span style=\"color: #333399;\"><a style=\"color: #333399;\" href=\"http:\/\/sp1.hrubieszow.info\/wp-content\/uploads\/2020\/05\/Zarz\u00c4\u0085dzenie-22.docx\">Zarz\u0105dzenie 22<\/a><\/span><\/strong><\/p>\n<p><strong><span style=\"color: #333399;\"><a style=\"color: #333399;\" href=\"http:\/\/sp1.hrubieszow.info\/wp-content\/uploads\/2020\/05\/Zarzadzenie.pdf\">Zarz\u0105dzenie<\/a><\/span><\/strong><\/p>\n","protected":false},"excerpt":{"rendered":"<p>zarz\u0105dzenie15 zarz\u0105dzenie nr 40 ZARZ\u0104DZENIE NR 23 z dnia 27.01.2022 Zarz\u0105dzenie nr 13 z dnia 16.12.2021 zarz\u0105dzenie 29 ZARZ\u0104DZENIE NR 28 ZARZ\u0104DZENIE NR 24 ZARZ\u0104DZENIE NR 23 ZARZ\u0104DZENIE Zarz\u0105dzenie Dyrektora 25 Zarz\u0105dzenie 23 Zarz\u0105dzenie 22 Zarz\u0105dzenie<\/p>\n","protected":false},"author":2,"featured_media":0,"parent":2,"menu_order":0,"comment_status":"closed","ping_status":"closed","template":"","meta":{"ngg_post_thumbnail":0,"footnotes":""},"class_list":["post-5294","page","type-page","status-publish","hentry"],"_links":{"self":[{"href":"https:\/\/sp1hrubieszow.pl\/index.php\/wp-json\/wp\/v2\/pages\/5294","targetHints":{"allow":["GET"]}}],"collection":[{"href":"https:\/\/sp1hrubieszow.pl\/index.php\/wp-json\/wp\/v2\/pages"}],"about":[{"href":"https:\/\/sp1hrubieszow.pl\/index.php\/wp-json\/wp\/v2\/types\/page"}],"author":[{"embeddable":true,"href":"https:\/\/sp1hrubieszow.pl\/index.php\/wp-json\/wp\/v2\/users\/2"}],"replies":[{"embeddable":true,"href":"https:\/\/sp1hrubieszow.pl\/index.php\/wp-json\/wp\/v2\/comments?post=5294"}],"version-history":[{"count":15,"href":"https:\/\/sp1hrubieszow.pl\/index.php\/wp-json\/wp\/v2\/pages\/5294\/revisions"}],"predecessor-version":[{"id":23074,"href":"https:\/\/sp1hrubieszow.pl\/index.php\/wp-json\/wp\/v2\/pages\/5294\/revisions\/23074"}],"up":[{"embeddable":true,"href":"https:\/\/sp1hrubieszow.pl\/index.php\/wp-json\/wp\/v2\/pages\/2"}],"wp:attachment":[{"href":"https:\/\/sp1hrubieszow.pl\/index.php\/wp-json\/wp\/v2\/media?parent=5294"}],"curies":[{"name":"wp","href":"https:\/\/api.w.org\/{rel}","templated":true}]}}