{"id":5274,"date":"2020-05-05T18:54:06","date_gmt":"2020-05-05T16:54:06","guid":{"rendered":"http:\/\/sp1.hrubieszow.info\/?page_id=5274"},"modified":"2020-05-05T18:55:08","modified_gmt":"2020-05-05T16:55:08","slug":"prace-plastyczne-naszych-uczniow","status":"publish","type":"page","link":"https:\/\/sp1hrubieszow.pl\/index.php\/kronika-2019-2020\/prace-plastyczne-naszych-uczniow\/","title":{"rendered":"Prace plastyczne naszych uczni\u00f3w"},"content":{"rendered":"\n<p>Przedstawiamy kolejne prace uczni\u00f3w naszej szko\u0142y. Prace plastyczne zosta\u0142y wykonane w ramach zdalnego nauczania. Prace s\u0105 pi\u0119kne i z serca gratulujemy talentu oraz pomys\u0142owo\u015bci.&nbsp;<\/p>\nngg_shortcode_0_placeholder\n<p>&nbsp;<\/p>\n","protected":false},"excerpt":{"rendered":"<p>Przedstawiamy kolejne prace uczni\u00f3w naszej szko\u0142y. Prace plastyczne zosta\u0142y wykonane w ramach zdalnego nauczania. Prace s\u0105 pi\u0119kne i z serca gratulujemy talentu oraz pomys\u0142owo\u015bci.&nbsp; &nbsp;<\/p>\n","protected":false},"author":2,"featured_media":0,"parent":2167,"menu_order":0,"comment_status":"closed","ping_status":"closed","template":"","meta":{"ngg_post_thumbnail":0,"footnotes":""},"class_list":["post-5274","page","type-page","status-publish","hentry"],"_links":{"self":[{"href":"https:\/\/sp1hrubieszow.pl\/index.php\/wp-json\/wp\/v2\/pages\/5274","targetHints":{"allow":["GET"]}}],"collection":[{"href":"https:\/\/sp1hrubieszow.pl\/index.php\/wp-json\/wp\/v2\/pages"}],"about":[{"href":"https:\/\/sp1hrubieszow.pl\/index.php\/wp-json\/wp\/v2\/types\/page"}],"author":[{"embeddable":true,"href":"https:\/\/sp1hrubieszow.pl\/index.php\/wp-json\/wp\/v2\/users\/2"}],"replies":[{"embeddable":true,"href":"https:\/\/sp1hrubieszow.pl\/index.php\/wp-json\/wp\/v2\/comments?post=5274"}],"version-history":[{"count":1,"href":"https:\/\/sp1hrubieszow.pl\/index.php\/wp-json\/wp\/v2\/pages\/5274\/revisions"}],"predecessor-version":[{"id":5275,"href":"https:\/\/sp1hrubieszow.pl\/index.php\/wp-json\/wp\/v2\/pages\/5274\/revisions\/5275"}],"up":[{"embeddable":true,"href":"https:\/\/sp1hrubieszow.pl\/index.php\/wp-json\/wp\/v2\/pages\/2167"}],"wp:attachment":[{"href":"https:\/\/sp1hrubieszow.pl\/index.php\/wp-json\/wp\/v2\/media?parent=5274"}],"curies":[{"name":"wp","href":"https:\/\/api.w.org\/{rel}","templated":true}]}}