{"id":5227,"date":"2020-04-30T16:40:24","date_gmt":"2020-04-30T14:40:24","guid":{"rendered":"http:\/\/sp1.hrubieszow.info\/?page_id=5227"},"modified":"2020-04-30T16:40:50","modified_gmt":"2020-04-30T14:40:50","slug":"domowy-teatrzyk-czesc-2","status":"publish","type":"page","link":"https:\/\/sp1hrubieszow.pl\/index.php\/kronika-2019-2020\/domowy-teatrzyk-czesc-2\/","title":{"rendered":"DOMOWY TEATRZYK &#8211; CZ\u0118\u015a\u0106 2"},"content":{"rendered":"\n<p><span class=\"gwpcc066459_highlight\" style=\"color: #000080;\"><span class=\"gwpcc066459_colour\"><span class=\"gwpcc066459_font\"><span class=\"gwpcc066459_size\">Prezentujemy kolejny teatrzyk kukie\u0142kowy p. t. \u201eBajka o g\u0119sim jaju, raku Nieboraku, kogucie Piejaku, kaczce Kwaczce, kocie Mruczku, i o psie Kruczku\u201d z cyklu \u201e Weso\u0142e historie\u201d Ewy Szelburg \u2013 Zarembiny, kt\u00f3ry przygotowa\u0142y pedagog Ma\u0142gorzata Bara\u0144ska i psycholog Iga Bara\u0144ska z PPP. <br><\/span><\/span><\/span><\/span><\/p>\n<p><span class=\"gwpcc066459_highlight\" style=\"color: #000080;\"><span class=\"gwpcc066459_colour\"><span class=\"gwpcc066459_font\"><span class=\"gwpcc066459_size\">Jest to jedna z dziewi\u0119ciu pe\u0142nych humoru bajek \u201e\u0142a\u0144cuszkowych\u201d, opartych na zabawowych dialogach i powtarzankach, typowych dla samorodnej tw\u00f3rczo\u015bci dzieci\u0119cej, napisanych poetyck\u0105 proz\u0105 przeplatan\u0105 wierszem. Przedstawienie zosta\u0142o zrealizowane w domowym zaciszu w czasie zagro\u017cenia epidemicznego.<\/span><\/span><\/span><\/span><\/p>\n<p><span class=\"gwpcc066459_highlight\" style=\"color: #000080;\"><span class=\"gwpcc066459_colour\"><span class=\"gwpcc066459_font\"><span class=\"gwpcc066459_size\">\u0179r\u00f3d\u0142o: Ewa Szelburg \u2013 Zarembina \u201eWeso\u0142e historie\u201d<\/span><\/span><\/span><\/span><\/p>\n<p><span class=\"gwpcc066459_highlight\" style=\"color: #000080;\"><span class=\"gwpcc066459_colour\"><span class=\"gwpcc066459_font\"><span class=\"gwpcc066459_size\">\u017byczymy przyjemnych wra\u017ce\u0144 podczas ogl\u0105dania tego spektaklu. Prosimy o wysy\u0142anie prac dzieci\u0119cych, podpisanych imieniem dziecka wykonanych po obejrzeniu teatrzyk\u00f3w na adres email poradni&nbsp;<a style=\"color: #000080;\" href=\"https:\/\/poczta.wp.pl\/k\/#\">ppphrub@wp.pl<\/a><\/span><\/span><\/span><\/span><\/p>\n<p><span class=\"gwpcc066459_highlight\" style=\"color: #000080;\"><span class=\"gwpcc066459_colour\"><span class=\"gwpcc066459_font\"><span class=\"gwpcc066459_size\">Wys\u0142anie pracy jest r\u00f3wnoznaczne ze zgod\u0105 na publikacj\u0119 pracy przez Poradni\u0119 Psychologiczno-Pedagogiczn\u0105 w Hrubieszowie<\/span><\/span><\/span><\/span><\/p>\n<p><iframe loading=\"lazy\" title=\"BAJKA O G\u0118SIM JAJU... + Bonus\" width=\"625\" height=\"352\" src=\"https:\/\/www.youtube.com\/embed\/7ONkpcIUHvA?feature=oembed\" frameborder=\"0\" allow=\"accelerometer; autoplay; clipboard-write; encrypted-media; gyroscope; picture-in-picture; web-share\" referrerpolicy=\"strict-origin-when-cross-origin\" allowfullscreen><\/iframe><\/p>\n","protected":false},"excerpt":{"rendered":"<p>Prezentujemy kolejny teatrzyk kukie\u0142kowy p. t. \u201eBajka o g\u0119sim jaju, raku Nieboraku, kogucie Piejaku, kaczce Kwaczce, kocie Mruczku, i o psie Kruczku\u201d z cyklu \u201e Weso\u0142e historie\u201d Ewy Szelburg \u2013 Zarembiny, kt\u00f3ry przygotowa\u0142y pedagog Ma\u0142gorzata Bara\u0144ska i psycholog Iga Bara\u0144ska z PPP. Jest to jedna z dziewi\u0119ciu pe\u0142nych humoru bajek \u201e\u0142a\u0144cuszkowych\u201d, opartych na zabawowych dialogach [&hellip;]<\/p>\n","protected":false},"author":2,"featured_media":0,"parent":2167,"menu_order":0,"comment_status":"closed","ping_status":"closed","template":"","meta":{"ngg_post_thumbnail":0,"footnotes":""},"class_list":["post-5227","page","type-page","status-publish","hentry"],"_links":{"self":[{"href":"https:\/\/sp1hrubieszow.pl\/index.php\/wp-json\/wp\/v2\/pages\/5227","targetHints":{"allow":["GET"]}}],"collection":[{"href":"https:\/\/sp1hrubieszow.pl\/index.php\/wp-json\/wp\/v2\/pages"}],"about":[{"href":"https:\/\/sp1hrubieszow.pl\/index.php\/wp-json\/wp\/v2\/types\/page"}],"author":[{"embeddable":true,"href":"https:\/\/sp1hrubieszow.pl\/index.php\/wp-json\/wp\/v2\/users\/2"}],"replies":[{"embeddable":true,"href":"https:\/\/sp1hrubieszow.pl\/index.php\/wp-json\/wp\/v2\/comments?post=5227"}],"version-history":[{"count":1,"href":"https:\/\/sp1hrubieszow.pl\/index.php\/wp-json\/wp\/v2\/pages\/5227\/revisions"}],"predecessor-version":[{"id":5228,"href":"https:\/\/sp1hrubieszow.pl\/index.php\/wp-json\/wp\/v2\/pages\/5227\/revisions\/5228"}],"up":[{"embeddable":true,"href":"https:\/\/sp1hrubieszow.pl\/index.php\/wp-json\/wp\/v2\/pages\/2167"}],"wp:attachment":[{"href":"https:\/\/sp1hrubieszow.pl\/index.php\/wp-json\/wp\/v2\/media?parent=5227"}],"curies":[{"name":"wp","href":"https:\/\/api.w.org\/{rel}","templated":true}]}}