{"id":5220,"date":"2020-04-30T16:31:02","date_gmt":"2020-04-30T14:31:02","guid":{"rendered":"http:\/\/sp1.hrubieszow.info\/?page_id=5220"},"modified":"2021-04-30T20:31:03","modified_gmt":"2021-04-30T18:31:03","slug":"majowe-swieta","status":"publish","type":"page","link":"https:\/\/sp1hrubieszow.pl\/index.php\/kronika-2019-2020\/majowe-swieta\/","title":{"rendered":"MAJOWE \u015aWI\u0118TA"},"content":{"rendered":"\n<p><span style=\"color: #000080;\">Zach\u0119camy do zapoznania si\u0119 z dokumentami:<\/span><\/p>\n<p><span style=\"color: #000080;\"><a style=\"color: #000080;\" href=\"http:\/\/sp1.hrubieszow.info\/wp-content\/uploads\/2020\/04\/Majowe-\u015bwi\u0119ta.docx\">Majowe \u015bwi\u0119ta<\/a><\/span><\/p>\n<p><span style=\"color: #000080;\"><a style=\"color: #000080;\" href=\"http:\/\/sp1.hrubieszow.info\/wp-content\/uploads\/2020\/04\/Odezwa20Komitetu20Honorowego20ObchodF3w208CwiEAta20Narodowego20Trzeciego20Maja20w20W.pdf\">OdezwaKomitetuHonorowegoObchodwwitaNarodowegoTrzeciegoMajawW<\/a><\/span><\/p>\n","protected":false},"excerpt":{"rendered":"<p>Zach\u0119camy do zapoznania si\u0119 z dokumentami: Majowe \u015bwi\u0119ta OdezwaKomitetuHonorowegoObchodwwitaNarodowegoTrzeciegoMajawW<\/p>\n","protected":false},"author":2,"featured_media":0,"parent":2167,"menu_order":0,"comment_status":"closed","ping_status":"closed","template":"","meta":{"ngg_post_thumbnail":0,"footnotes":""},"class_list":["post-5220","page","type-page","status-publish","hentry"],"_links":{"self":[{"href":"https:\/\/sp1hrubieszow.pl\/index.php\/wp-json\/wp\/v2\/pages\/5220","targetHints":{"allow":["GET"]}}],"collection":[{"href":"https:\/\/sp1hrubieszow.pl\/index.php\/wp-json\/wp\/v2\/pages"}],"about":[{"href":"https:\/\/sp1hrubieszow.pl\/index.php\/wp-json\/wp\/v2\/types\/page"}],"author":[{"embeddable":true,"href":"https:\/\/sp1hrubieszow.pl\/index.php\/wp-json\/wp\/v2\/users\/2"}],"replies":[{"embeddable":true,"href":"https:\/\/sp1hrubieszow.pl\/index.php\/wp-json\/wp\/v2\/comments?post=5220"}],"version-history":[{"count":2,"href":"https:\/\/sp1hrubieszow.pl\/index.php\/wp-json\/wp\/v2\/pages\/5220\/revisions"}],"predecessor-version":[{"id":5224,"href":"https:\/\/sp1hrubieszow.pl\/index.php\/wp-json\/wp\/v2\/pages\/5220\/revisions\/5224"}],"up":[{"embeddable":true,"href":"https:\/\/sp1hrubieszow.pl\/index.php\/wp-json\/wp\/v2\/pages\/2167"}],"wp:attachment":[{"href":"https:\/\/sp1hrubieszow.pl\/index.php\/wp-json\/wp\/v2\/media?parent=5220"}],"curies":[{"name":"wp","href":"https:\/\/api.w.org\/{rel}","templated":true}]}}