{"id":5212,"date":"2020-04-29T19:35:23","date_gmt":"2020-04-29T17:35:23","guid":{"rendered":"http:\/\/sp1.hrubieszow.info\/?page_id=5212"},"modified":"2020-04-29T19:35:46","modified_gmt":"2020-04-29T17:35:46","slug":"fotostory-z-prusem-konkurs","status":"publish","type":"page","link":"https:\/\/sp1hrubieszow.pl\/index.php\/kronika-2019-2020\/fotostory-z-prusem-konkurs\/","title":{"rendered":"FOTOSTORY Z PRUSEM &#8211; KONKURS"},"content":{"rendered":"\n<p><span style=\"color: #000080;\">W zwi\u0105zku z przypadaj\u0105cym w DNIU 19 maja \u015bwi\u0119tem Patrona Szko\u0142y Podstawowej nr 1 w Hrubieszowie im. &nbsp;Boles\u0142awa Prusa <strong>og\u0142aszamy konkurs na najciekawsze zdj\u0119cie w przebraniu za jednego z bohater\u00f3w tw\u00f3rczo\u015bci <\/strong>naszego wybitnego pisarza.<\/span><\/p>\n<p><span style=\"color: #000080;\">Konkurs rozgrywa\u0142 si\u0119 b\u0119dzie w dw\u00f3ch kategoriach:<\/span><\/p>\n<p><span style=\"color: #000080;\">KATEGORIA I &#8211; KLASY1-3<\/span><\/p>\n<p><span style=\"color: #000080;\">KATEGORIA II &#8211; KLASY4-8<\/span><\/p>\n<p><span style=\"color: #000080;\">Ocenie podlega\u0107 b\u0119d\u0105:<\/span><\/p>\n<p><span style=\"color: #000080;\">&#8211; zwi\u0105zek postaci z literatur\u0105 Boles\u0142awa Prusa,<\/span><\/p>\n<p><span style=\"color: #000080;\">&#8211; estetyka prezentowanego stroju,<\/span><\/p>\n<p><span style=\"color: #000080;\">&#8211; kreatywno\u015b\u0107 autora,<\/span><\/p>\n<p><span style=\"color: #000080;\">Prace fotograficzne mog\u0105 by\u0107 realizowane r\u00f3wnie\u017c przez zespo\u0142y (2osoby) je\u017celi autorzy uznaj\u0105, \u017ce podwy\u017cszy to warto\u015b\u0107 artystyczn\u0105 wykonanej fotografii.<\/span><\/p>\n<p><span style=\"color: #000080;\">Prace fotograficzne nale\u017cy przesy\u0142a\u0107 elektronicznie na adres &nbsp;<span style=\"color: #ff0000;\">mad2211@wp.pl.<\/span> do dnia <span style=\"color: #ff0000;\">18.05.2020.<\/span> Zostan\u0105 one umieszczone na szkolnym faceebooku, a ilo\u015b\u0107 POLUBIE\u0143 zdecyduje o wygranej.<\/span><\/p>\n<p><span style=\"color: #000080;\">Og\u0142oszenie wynik\u00f3w nast\u0105pi po powrocie uczni\u00f3w do szko\u0142y.<\/span><\/p>\n<p><span style=\"color: #000080;\">Organizator zastrzega sobie prawo do zmiany terminu og\u0142oszenia oficjalnych wynik\u00f3w<\/span><\/p>\n<p><span style=\"color: #000080;\">Udzia\u0142 w konkursie jest r\u00f3wnoznaczny ze zgod\u0105 na wykorzystanie wizerunku<\/span><\/p>\n<p style=\"text-align: center;\"><span style=\"color: #000080;\">ZAPRO\u015a DO ZABAWY RODZIC\u00d3W!!!!!!!!<\/span><\/p>\n","protected":false},"excerpt":{"rendered":"<p>W zwi\u0105zku z przypadaj\u0105cym w DNIU 19 maja \u015bwi\u0119tem Patrona Szko\u0142y Podstawowej nr 1 w Hrubieszowie im. &nbsp;Boles\u0142awa Prusa og\u0142aszamy konkurs na najciekawsze zdj\u0119cie w przebraniu za jednego z bohater\u00f3w tw\u00f3rczo\u015bci naszego wybitnego pisarza. Konkurs rozgrywa\u0142 si\u0119 b\u0119dzie w dw\u00f3ch kategoriach: KATEGORIA I &#8211; KLASY1-3 KATEGORIA II &#8211; KLASY4-8 Ocenie podlega\u0107 b\u0119d\u0105: &#8211; zwi\u0105zek postaci [&hellip;]<\/p>\n","protected":false},"author":2,"featured_media":0,"parent":2167,"menu_order":0,"comment_status":"closed","ping_status":"closed","template":"","meta":{"ngg_post_thumbnail":0,"footnotes":""},"class_list":["post-5212","page","type-page","status-publish","hentry"],"_links":{"self":[{"href":"https:\/\/sp1hrubieszow.pl\/index.php\/wp-json\/wp\/v2\/pages\/5212","targetHints":{"allow":["GET"]}}],"collection":[{"href":"https:\/\/sp1hrubieszow.pl\/index.php\/wp-json\/wp\/v2\/pages"}],"about":[{"href":"https:\/\/sp1hrubieszow.pl\/index.php\/wp-json\/wp\/v2\/types\/page"}],"author":[{"embeddable":true,"href":"https:\/\/sp1hrubieszow.pl\/index.php\/wp-json\/wp\/v2\/users\/2"}],"replies":[{"embeddable":true,"href":"https:\/\/sp1hrubieszow.pl\/index.php\/wp-json\/wp\/v2\/comments?post=5212"}],"version-history":[{"count":1,"href":"https:\/\/sp1hrubieszow.pl\/index.php\/wp-json\/wp\/v2\/pages\/5212\/revisions"}],"predecessor-version":[{"id":5213,"href":"https:\/\/sp1hrubieszow.pl\/index.php\/wp-json\/wp\/v2\/pages\/5212\/revisions\/5213"}],"up":[{"embeddable":true,"href":"https:\/\/sp1hrubieszow.pl\/index.php\/wp-json\/wp\/v2\/pages\/2167"}],"wp:attachment":[{"href":"https:\/\/sp1hrubieszow.pl\/index.php\/wp-json\/wp\/v2\/media?parent=5212"}],"curies":[{"name":"wp","href":"https:\/\/api.w.org\/{rel}","templated":true}]}}