{"id":5199,"date":"2020-04-23T09:20:57","date_gmt":"2020-04-23T07:20:57","guid":{"rendered":"http:\/\/sp1.hrubieszow.info\/?page_id=5199"},"modified":"2020-04-23T09:21:23","modified_gmt":"2020-04-23T07:21:23","slug":"oferta-edukacyjna-mediow-publicznych","status":"publish","type":"page","link":"https:\/\/sp1hrubieszow.pl\/index.php\/kronika-2019-2020\/oferta-edukacyjna-mediow-publicznych\/","title":{"rendered":"Oferta edukacyjna medi\u00f3w publicznych"},"content":{"rendered":"\n<p><span style=\"color: #000080;\">Ministerstwo Edukacji Narodowej na bie\u017c\u0105co monitoruje i analizuje sytuacj\u0119 zwi\u0105zan\u0105 z og\u0142oszeniem na terenie Polski stanu epidemii i wprowadzeniem w systemie o\u015bwiaty rozwi\u0105za\u0144 w okresie czasowego ograniczenia funkcjonowania szk\u00f3\u0142 w zwi\u0105zku z zapobieganiem, przeciwdzia\u0142aniem i zwalczaniem COVID-19. Stosownie do sytuacji prowadzone s\u0105 dzia\u0142ania&nbsp; wspieraj\u0105ce uczni\u00f3w i nauczycieli w realizacji kszta\u0142cenia zdalnego; jednym z takich dzia\u0142a\u0144 jest bogata i tworzona we wsp\u00f3\u0142pracy z resortem edukacji oferta medi\u00f3w publicznych. Pe\u0142n\u0105 list\u0119 program\u00f3w dla wszystkich poziom\u00f3w kszta\u0142cenia prezentujemy w za\u0142\u0105czniku.<\/span><br><span style=\"color: #000080;\"><strong>Pliki do pobrania<\/strong><\/span><\/p>\n<p><a href=\"http:\/\/sp1.hrubieszow.info\/wp-content\/uploads\/2020\/04\/Oferta-edukacyjna-medi\u00f3w-publicznych..docx\">Oferta edukacyjna medi\u00f3w publicznych.<\/a><\/p>\n","protected":false},"excerpt":{"rendered":"<p>Ministerstwo Edukacji Narodowej na bie\u017c\u0105co monitoruje i analizuje sytuacj\u0119 zwi\u0105zan\u0105 z og\u0142oszeniem na terenie Polski stanu epidemii i wprowadzeniem w systemie o\u015bwiaty rozwi\u0105za\u0144 w okresie czasowego ograniczenia funkcjonowania szk\u00f3\u0142 w zwi\u0105zku z zapobieganiem, przeciwdzia\u0142aniem i zwalczaniem COVID-19. Stosownie do sytuacji prowadzone s\u0105 dzia\u0142ania&nbsp; wspieraj\u0105ce uczni\u00f3w i nauczycieli w realizacji kszta\u0142cenia zdalnego; jednym z takich dzia\u0142a\u0144 [&hellip;]<\/p>\n","protected":false},"author":2,"featured_media":0,"parent":2167,"menu_order":0,"comment_status":"closed","ping_status":"closed","template":"","meta":{"ngg_post_thumbnail":0,"footnotes":""},"class_list":["post-5199","page","type-page","status-publish","hentry"],"_links":{"self":[{"href":"https:\/\/sp1hrubieszow.pl\/index.php\/wp-json\/wp\/v2\/pages\/5199","targetHints":{"allow":["GET"]}}],"collection":[{"href":"https:\/\/sp1hrubieszow.pl\/index.php\/wp-json\/wp\/v2\/pages"}],"about":[{"href":"https:\/\/sp1hrubieszow.pl\/index.php\/wp-json\/wp\/v2\/types\/page"}],"author":[{"embeddable":true,"href":"https:\/\/sp1hrubieszow.pl\/index.php\/wp-json\/wp\/v2\/users\/2"}],"replies":[{"embeddable":true,"href":"https:\/\/sp1hrubieszow.pl\/index.php\/wp-json\/wp\/v2\/comments?post=5199"}],"version-history":[{"count":1,"href":"https:\/\/sp1hrubieszow.pl\/index.php\/wp-json\/wp\/v2\/pages\/5199\/revisions"}],"predecessor-version":[{"id":5200,"href":"https:\/\/sp1hrubieszow.pl\/index.php\/wp-json\/wp\/v2\/pages\/5199\/revisions\/5200"}],"up":[{"embeddable":true,"href":"https:\/\/sp1hrubieszow.pl\/index.php\/wp-json\/wp\/v2\/pages\/2167"}],"wp:attachment":[{"href":"https:\/\/sp1hrubieszow.pl\/index.php\/wp-json\/wp\/v2\/media?parent=5199"}],"curies":[{"name":"wp","href":"https:\/\/api.w.org\/{rel}","templated":true}]}}