{"id":5189,"date":"2020-04-22T10:47:40","date_gmt":"2020-04-22T08:47:40","guid":{"rendered":"http:\/\/sp1.hrubieszow.info\/?page_id=5189"},"modified":"2020-04-22T10:48:04","modified_gmt":"2020-04-22T08:48:04","slug":"swiatowy-dzien-ksiazki","status":"publish","type":"page","link":"https:\/\/sp1hrubieszow.pl\/index.php\/kronika-2019-2020\/swiatowy-dzien-ksiazki\/","title":{"rendered":"\u015awiatowy Dzie\u0144 Ksi\u0105\u017cki"},"content":{"rendered":"\n<p><a href=\"https:\/\/padlet.com\/mdabska258\/xd9id26ohu9y8kot?fbclid=IwAR1SG8hXIqS4D_yroGhcQIpDDyGDdSuk6hg0eO4FRbNU2gLsX8UK8UYFMZ0\">https:\/\/padlet.com\/mdabska258\/xd9id26ohu9y8kot?fbclid=IwAR1SG8hXIqS4D_yroGhcQIpDDyGDdSuk6hg0eO4FRbNU2gLsX8UK8UYFMZ0<\/a><\/p>\n<p>&nbsp;<\/p>\n","protected":false},"excerpt":{"rendered":"<p>https:\/\/padlet.com\/mdabska258\/xd9id26ohu9y8kot?fbclid=IwAR1SG8hXIqS4D_yroGhcQIpDDyGDdSuk6hg0eO4FRbNU2gLsX8UK8UYFMZ0 &nbsp;<\/p>\n","protected":false},"author":2,"featured_media":0,"parent":2167,"menu_order":0,"comment_status":"closed","ping_status":"closed","template":"","meta":{"ngg_post_thumbnail":0,"footnotes":""},"class_list":["post-5189","page","type-page","status-publish","hentry"],"_links":{"self":[{"href":"https:\/\/sp1hrubieszow.pl\/index.php\/wp-json\/wp\/v2\/pages\/5189","targetHints":{"allow":["GET"]}}],"collection":[{"href":"https:\/\/sp1hrubieszow.pl\/index.php\/wp-json\/wp\/v2\/pages"}],"about":[{"href":"https:\/\/sp1hrubieszow.pl\/index.php\/wp-json\/wp\/v2\/types\/page"}],"author":[{"embeddable":true,"href":"https:\/\/sp1hrubieszow.pl\/index.php\/wp-json\/wp\/v2\/users\/2"}],"replies":[{"embeddable":true,"href":"https:\/\/sp1hrubieszow.pl\/index.php\/wp-json\/wp\/v2\/comments?post=5189"}],"version-history":[{"count":1,"href":"https:\/\/sp1hrubieszow.pl\/index.php\/wp-json\/wp\/v2\/pages\/5189\/revisions"}],"predecessor-version":[{"id":5190,"href":"https:\/\/sp1hrubieszow.pl\/index.php\/wp-json\/wp\/v2\/pages\/5189\/revisions\/5190"}],"up":[{"embeddable":true,"href":"https:\/\/sp1hrubieszow.pl\/index.php\/wp-json\/wp\/v2\/pages\/2167"}],"wp:attachment":[{"href":"https:\/\/sp1hrubieszow.pl\/index.php\/wp-json\/wp\/v2\/media?parent=5189"}],"curies":[{"name":"wp","href":"https:\/\/api.w.org\/{rel}","templated":true}]}}