{"id":5174,"date":"2020-04-20T13:26:02","date_gmt":"2020-04-20T11:26:02","guid":{"rendered":"http:\/\/sp1.hrubieszow.info\/?page_id=5174"},"modified":"2020-04-20T13:26:38","modified_gmt":"2020-04-20T11:26:38","slug":"gazetka-jedyneczka","status":"publish","type":"page","link":"https:\/\/sp1hrubieszow.pl\/index.php\/kronika-2019-2020\/gazetka-jedyneczka\/","title":{"rendered":"Gazetka &#8222;Jedyneczka&#8221;"},"content":{"rendered":"\n<p><span style=\"color: #000080;\">W prezencie dla Was i z pozdrowieniami od zespo\u0142u redakcyjnego gazetki szkolnej &#8222;Jedyneczka&#8221;. Nied\u0142ugo si\u0119 spotkamy!<\/span><\/p>\n<p><a href=\"http:\/\/sp1.hrubieszow.info\/wp-content\/uploads\/2020\/04\/2020.02-Jedyneczka.pdf\">2020.02 Jedyneczka<\/a><\/p>\n","protected":false},"excerpt":{"rendered":"<p>W prezencie dla Was i z pozdrowieniami od zespo\u0142u redakcyjnego gazetki szkolnej &#8222;Jedyneczka&#8221;. Nied\u0142ugo si\u0119 spotkamy! 2020.02 Jedyneczka<\/p>\n","protected":false},"author":2,"featured_media":0,"parent":2167,"menu_order":0,"comment_status":"closed","ping_status":"closed","template":"","meta":{"ngg_post_thumbnail":0,"footnotes":""},"class_list":["post-5174","page","type-page","status-publish","hentry"],"_links":{"self":[{"href":"https:\/\/sp1hrubieszow.pl\/index.php\/wp-json\/wp\/v2\/pages\/5174","targetHints":{"allow":["GET"]}}],"collection":[{"href":"https:\/\/sp1hrubieszow.pl\/index.php\/wp-json\/wp\/v2\/pages"}],"about":[{"href":"https:\/\/sp1hrubieszow.pl\/index.php\/wp-json\/wp\/v2\/types\/page"}],"author":[{"embeddable":true,"href":"https:\/\/sp1hrubieszow.pl\/index.php\/wp-json\/wp\/v2\/users\/2"}],"replies":[{"embeddable":true,"href":"https:\/\/sp1hrubieszow.pl\/index.php\/wp-json\/wp\/v2\/comments?post=5174"}],"version-history":[{"count":1,"href":"https:\/\/sp1hrubieszow.pl\/index.php\/wp-json\/wp\/v2\/pages\/5174\/revisions"}],"predecessor-version":[{"id":5175,"href":"https:\/\/sp1hrubieszow.pl\/index.php\/wp-json\/wp\/v2\/pages\/5174\/revisions\/5175"}],"up":[{"embeddable":true,"href":"https:\/\/sp1hrubieszow.pl\/index.php\/wp-json\/wp\/v2\/pages\/2167"}],"wp:attachment":[{"href":"https:\/\/sp1hrubieszow.pl\/index.php\/wp-json\/wp\/v2\/media?parent=5174"}],"curies":[{"name":"wp","href":"https:\/\/api.w.org\/{rel}","templated":true}]}}